{"id":251849,"date":"2026-02-17T17:06:08","date_gmt":"2026-02-17T15:06:08","guid":{"rendered":"https:\/\/www.budream.com\/shop\/mephisto-genetics-sundae-thumper-auto-fem-32-samen\/"},"modified":"2026-03-30T22:06:05","modified_gmt":"2026-03-30T20:06:05","slug":"mephisto-genetics-sundae-thumper-auto-fem-32-samen","status":"publish","type":"product","link":"https:\/\/www.budream.com\/de\/shop\/mephisto-genetics-sundae-thumper-auto-fem-32-samen\/","title":{"rendered":"MEPHISTO GENETICS &#8211; SUNDAE THUMPER AUTO FEM | 3+2 SAMEN"},"content":{"rendered":"<div style=\"text-align: justify\">Unser zweiter Streifzug durch die Welt der Gelato-Genetik. Nach der ersten Iced &#8217;n&#8216; Baked (Gelato #41) hier ist die Kreuzung von Gelato #45 (AKA Michael Jordan), ein weniger h\u00e4ufiger Ph\u00e4notyp von Gelato, mit Forum Stomper.<\/div>\n<p><\/p>\n<h2><strong>Eigenschaften Sundae Thumper Auto Fem Mephisto Genetics:<\/strong><\/h2>\n<ul style=\"list-style-type: disc\">\n<li><strong>Gattung:<\/strong> Hybrid F4 Feminisiert Autoflowering<\/li>\n<li><strong>Genotyp:<\/strong> Indica: 50% \/ Sativa: 50%<\/li>\n<li><strong>Genetik:<\/strong> Ice Cream #45 (AKA Micheal Jordan) (Sunset Sherbet x Think Mint Cookies) x Forum Stomper<\/li>\n<li>Tage<strong>:<\/strong> 75-85 Tage<\/li>\n<\/ul>\n<p><\/p>\n<div style=\"text-align: justify\"><span style=\"font-size: 11pt\"><em><strong>WARNUNG:<\/strong> Hanfsamen sind vom gesetzlichen Begriff Cannabis ausgenommen, was bedeutet, dass sie nicht als Bet\u00e4ubungsmittel gelten (L. 412 von 1974, Art. 1, Komma 1, Buchstabe B; Einheitsabkommen \u00fcber Bet\u00e4ubungsmittel von New York von 1961 und Tabelle II des Ministerialerlasses vom 27.7.1992). In Italien ist der Anbau von Hanf verboten (Artikel 28 und 73 des Pr\u00e4sidialdekrets 309\/90), es sei denn, es liegt eine Sondergenehmigung vor (Artikel 17 des Pr\u00e4sidialdekrets 309\/90). In Ermangelung einer solchen Genehmigung darf das Saatgut nur f\u00fcr andere Zwecke verwendet werden (zootechnische Zwecke, Sammeln usw.). Das Saatgut wird unter dem Vorbehalt verkauft, dass es nicht von Dritten im Widerspruch zu den gesetzlichen Bestimmungen verwendet wird.<\/em><\/span><\/div>\n","protected":false},"excerpt":{"rendered":"<p>\ud83c\udf3f SUNDAE THUMPER AUTO FEM | 3+2 SAMEN von MEPHISTO GENETICS \u00b7 \ud83e\uddec Indica \/ Sativa \u00b7 \ud83d\udd25 THC sehr hoch (Sehr hoch (20\u202f%+)) \u00b7 \ud83d\udce6 Ertrag XL.<\/p>\n","protected":false},"featured_media":251838,"comment_status":"open","ping_status":"closed","template":"","meta":[],"product_brand":[],"product_cat":[7952],"product_tag":[10126,10128,9931,8510,9436,8511,10127,10603,10171,10124],"class_list":{"0":"post-251849","1":"product","2":"type-product","3":"status-publish","4":"has-post-thumbnail","6":"product_cat-seedshop-de","7":"product_tag-cannabis-samen","8":"product_tag-feminisierte-samen","9":"product_tag-hybrid","10":"product_tag-indica","11":"product_tag-mephisto-genetics","12":"product_tag-sativa","13":"product_tag-scharf","14":"product_tag-sundae-thumper-auto-fem-32-samen","15":"product_tag-suess-fruchtig","16":"product_tag-thc-sehr-hoch","18":"first","19":"instock","20":"taxable","21":"shipping-taxable","22":"purchasable","23":"product-type-simple"},"aioseo_notices":[],"_links":{"self":[{"href":"https:\/\/www.budream.com\/de\/wp-json\/wp\/v2\/product\/251849","targetHints":{"allow":["GET"]}}],"collection":[{"href":"https:\/\/www.budream.com\/de\/wp-json\/wp\/v2\/product"}],"about":[{"href":"https:\/\/www.budream.com\/de\/wp-json\/wp\/v2\/types\/product"}],"replies":[{"embeddable":true,"href":"https:\/\/www.budream.com\/de\/wp-json\/wp\/v2\/comments?post=251849"}],"version-history":[{"count":2,"href":"https:\/\/www.budream.com\/de\/wp-json\/wp\/v2\/product\/251849\/revisions"}],"predecessor-version":[{"id":261687,"href":"https:\/\/www.budream.com\/de\/wp-json\/wp\/v2\/product\/251849\/revisions\/261687"}],"wp:featuredmedia":[{"embeddable":true,"href":"https:\/\/www.budream.com\/de\/wp-json\/wp\/v2\/media\/251838"}],"wp:attachment":[{"href":"https:\/\/www.budream.com\/de\/wp-json\/wp\/v2\/media?parent=251849"}],"wp:term":[{"taxonomy":"product_brand","embeddable":true,"href":"https:\/\/www.budream.com\/de\/wp-json\/wp\/v2\/product_brand?post=251849"},{"taxonomy":"product_cat","embeddable":true,"href":"https:\/\/www.budream.com\/de\/wp-json\/wp\/v2\/product_cat?post=251849"},{"taxonomy":"product_tag","embeddable":true,"href":"https:\/\/www.budream.com\/de\/wp-json\/wp\/v2\/product_tag?post=251849"}],"curies":[{"name":"wp","href":"https:\/\/api.w.org\/{rel}","templated":true}]}}