{"id":262001,"date":"2026-03-31T11:51:26","date_gmt":"2026-03-31T09:51:26","guid":{"rendered":"https:\/\/www.budream.com\/shop\/fast-buds-gary-sherbet-fem-45\/"},"modified":"2026-03-31T11:51:26","modified_gmt":"2026-03-31T09:51:26","slug":"fast-buds-gary-sherbet-fem-45","status":"publish","type":"product","link":"https:\/\/www.budream.com\/de\/shop\/fast-buds-gary-sherbet-fem-45\/","title":{"rendered":"FAST BUDS &#8211; GARY SHERBET FEM"},"content":{"rendered":"<div style=\"text-align: justify\">Gary Sherbet se basa en un \u00fanico concepto: la superposici\u00f3n de gen\u00e9ticas derivadas de Sherbet en varios niveles. La base es Gary Payton (Cookies Seed Bank) cruzada con Sunset Sherbet. Esta base se desarroll\u00f3 posteriormente introduciendo Sherbanger (Sunset Sherbet \u00d7 Headbanger) de Boston Roots Seed Co.<\/div>\n<p><\/p>\n<h2><strong>Caracter\u00edsticas Gary Sherbet Fem Fast Buds:<\/strong><\/h2>\n<ul style=\"list-style-type: disc\">\n<li><strong>G\u00e9nero:<\/strong> H\u00edbrido feminizado<\/li>\n<li><strong>Gen\u00e9tica:<\/strong> (Gary Payton x Sunset Sherbet) x Sherbanger<\/li>\n<li><strong>Composici\u00f3n:<\/strong> 50% Indica \/ 50% Sativa<\/li>\n<li><strong>D\u00edas:<\/strong> 63-70 d\u00edas<\/li>\n<\/ul>\n<p><\/p>\n<div style=\"text-align: justify\"><span style=\"font-size: 11pt\"><em><strong>ADVERTENCIA:<\/strong> Las semillas de c\u00e1\u00f1amo est\u00e1n excluidas de la noci\u00f3n legal de Cannabis, lo que significa que no deben considerarse una sustancia estupefaciente (L. 412 de 1974, art. 1, p\u00e1rrafo 1, lett. B; Convenci\u00f3n \u00danica sobre Estupefacientes de Nueva York de 1961 y tabla II del Decreto Ministerial 27\/7\/1992). En Italia, el cultivo del c\u00e1\u00f1amo est\u00e1 prohibido (art\u00edculos 28 y 73 del Decreto Presidencial 309\/90) a menos que se obtenga una autorizaci\u00f3n especial (art\u00edculo 17 del Decreto Presidencial 309\/90). A falta de autorizaci\u00f3n, las semillas s\u00f3lo pueden utilizarse para otros fines (zoot\u00e9cnicos, recolecci\u00f3n, etc.). Las semillas se venden con la reserva de que no ser\u00e1n utilizadas por terceros en conflicto con la ley.<\/em><\/span><\/div>\n","protected":false},"excerpt":{"rendered":"<p>Gary Sherbet se basa en un \u00fanico concepto: la superposici\u00f3n de gen\u00e9ticas derivadas de Sherbet en varios niveles. La base<\/p>\n","protected":false},"featured_media":259790,"comment_status":"open","ping_status":"closed","template":"","meta":[],"product_brand":[],"product_cat":[7952],"product_tag":[],"class_list":{"0":"post-262001","1":"product","2":"type-product","3":"status-publish","4":"has-post-thumbnail","6":"product_cat-seedshop-de","8":"first","9":"outofstock","10":"taxable","11":"shipping-taxable","12":"product-type-variable"},"aioseo_notices":[],"_links":{"self":[{"href":"https:\/\/www.budream.com\/de\/wp-json\/wp\/v2\/product\/262001","targetHints":{"allow":["GET"]}}],"collection":[{"href":"https:\/\/www.budream.com\/de\/wp-json\/wp\/v2\/product"}],"about":[{"href":"https:\/\/www.budream.com\/de\/wp-json\/wp\/v2\/types\/product"}],"replies":[{"embeddable":true,"href":"https:\/\/www.budream.com\/de\/wp-json\/wp\/v2\/comments?post=262001"}],"version-history":[{"count":0,"href":"https:\/\/www.budream.com\/de\/wp-json\/wp\/v2\/product\/262001\/revisions"}],"wp:featuredmedia":[{"embeddable":true,"href":"https:\/\/www.budream.com\/de\/wp-json\/wp\/v2\/media\/259790"}],"wp:attachment":[{"href":"https:\/\/www.budream.com\/de\/wp-json\/wp\/v2\/media?parent=262001"}],"wp:term":[{"taxonomy":"product_brand","embeddable":true,"href":"https:\/\/www.budream.com\/de\/wp-json\/wp\/v2\/product_brand?post=262001"},{"taxonomy":"product_cat","embeddable":true,"href":"https:\/\/www.budream.com\/de\/wp-json\/wp\/v2\/product_cat?post=262001"},{"taxonomy":"product_tag","embeddable":true,"href":"https:\/\/www.budream.com\/de\/wp-json\/wp\/v2\/product_tag?post=262001"}],"curies":[{"name":"wp","href":"https:\/\/api.w.org\/{rel}","templated":true}]}}