{"id":266803,"date":"2026-05-04T15:13:33","date_gmt":"2026-05-04T13:13:33","guid":{"rendered":"https:\/\/www.budream.com\/shop\/garten-highpro-proaktiver-aktivkohlefilter\/"},"modified":"2026-05-04T15:17:19","modified_gmt":"2026-05-04T13:17:19","slug":"garten-highpro-proaktiver-aktivkohlefilter","status":"publish","type":"product","link":"https:\/\/www.budream.com\/de\/shop\/garten-highpro-proaktiver-aktivkohlefilter\/","title":{"rendered":"GARTEN HIGHPRO &#8211; PROAKTIVER AKTIVKOHLEFILTER"},"content":{"rendered":"<h1>PROACTIVE &#8211; Ultra-kompakter Kohlefilter<\/h1>\n<h3>Anti-Geruchs-Effizienz bei reduzierter Gr\u00f6\u00dfe<\/h3>\n<p>Der <strong>PROACTIVE-Filter <\/strong> von Garden Highpro ist die ideale L\u00f6sung f\u00fcr kleine Growboxen, die eine vollst\u00e4ndige Geruchseliminierung erfordern, ohne wertvollen Platz zu beanspruchen.<\/p>\n<h2>Low Density Technologie und maximale Zuverl\u00e4ssigkeit<\/h2>\n<p>Hergestellt aus hochwertiger Kokosnuss-Aktivkohle und einer innovativen ProActive-Konstruktion, bietet dieser Filter weniger Widerstand f\u00fcr den Luftstrom als herk\u00f6mmliche Modelle. Das bedeutet, dass Ihr Dunstabzug effizienter arbeitet, weniger Energie verbraucht und l\u00e4nger h\u00e4lt. Der Flansch und der Sockel sind f\u00fcr eine schnelle und sichere Installation ausgelegt und gew\u00e4hrleisten eine perfekte Luftabdichtung und eine konstante Reinigung \u00fcber viele Anbauzyklen hinweg.<\/p>\n<h3><\/h3>\n","protected":false},"excerpt":{"rendered":"<p>PROACTIVE &#8211; Ultra-kompakter Kohlefilter Anti-Geruchs-Effizienz bei reduzierter Gr\u00f6\u00dfe Der PROACTIVE-Filter von Garden Highpro ist die ideale L\u00f6sung f\u00fcr kleine Growboxen,<\/p>\n","protected":false},"featured_media":266757,"comment_status":"open","ping_status":"closed","template":"","meta":[],"product_brand":[],"product_cat":[7943],"product_tag":[],"class_list":{"0":"post-266803","1":"product","2":"type-product","3":"status-publish","4":"has-post-thumbnail","6":"product_cat-ventilatoren-und-absauger","8":"first","9":"instock","10":"sale","11":"taxable","12":"shipping-taxable","13":"purchasable","14":"product-type-variable"},"_links":{"self":[{"href":"https:\/\/www.budream.com\/de\/wp-json\/wp\/v2\/product\/266803","targetHints":{"allow":["GET"]}}],"collection":[{"href":"https:\/\/www.budream.com\/de\/wp-json\/wp\/v2\/product"}],"about":[{"href":"https:\/\/www.budream.com\/de\/wp-json\/wp\/v2\/types\/product"}],"replies":[{"embeddable":true,"href":"https:\/\/www.budream.com\/de\/wp-json\/wp\/v2\/comments?post=266803"}],"version-history":[{"count":0,"href":"https:\/\/www.budream.com\/de\/wp-json\/wp\/v2\/product\/266803\/revisions"}],"wp:featuredmedia":[{"embeddable":true,"href":"https:\/\/www.budream.com\/de\/wp-json\/wp\/v2\/media\/266757"}],"wp:attachment":[{"href":"https:\/\/www.budream.com\/de\/wp-json\/wp\/v2\/media?parent=266803"}],"wp:term":[{"taxonomy":"product_brand","embeddable":true,"href":"https:\/\/www.budream.com\/de\/wp-json\/wp\/v2\/product_brand?post=266803"},{"taxonomy":"product_cat","embeddable":true,"href":"https:\/\/www.budream.com\/de\/wp-json\/wp\/v2\/product_cat?post=266803"},{"taxonomy":"product_tag","embeddable":true,"href":"https:\/\/www.budream.com\/de\/wp-json\/wp\/v2\/product_tag?post=266803"}],"curies":[{"name":"wp","href":"https:\/\/api.w.org\/{rel}","templated":true}]}}