{"id":261737,"date":"2026-03-31T11:23:26","date_gmt":"2026-03-31T09:23:26","guid":{"rendered":"https:\/\/www.budream.com\/shop\/fast-buds-gary-sherbet-fem-6\/"},"modified":"2026-03-31T11:23:26","modified_gmt":"2026-03-31T09:23:26","slug":"fast-buds-gary-sherbet-fem-6","status":"publish","type":"product","link":"https:\/\/www.budream.com\/en\/shop\/fast-buds-gary-sherbet-fem-6\/","title":{"rendered":"FAST BUDS &#8211; GARY SHERBET FEM"},"content":{"rendered":"<div style=\"text-align: justify\">Gary Sherbet basiert auf einem einzigen Konzept: \u00fcberlappende Sherbet-abgeleitete Genetik auf mehreren Ebenen. Die Basis ist Gary Payton (Cookies Seed Bank) gekreuzt mit Sunset Sherbet. Diese Basis wurde dann durch die Einf\u00fchrung von Sherbanger (Sunset Sherbet \u00d7 Headbanger) von Boston Roots Seed Co. weiter entwickelt.<\/div>\n<p><\/p>\n<h2><strong>Eigenschaften Gary Sherbet Fem Fast Buds:<\/strong><\/h2>\n<ul style=\"list-style-type: disc\">\n<li><strong>Gattung:<\/strong> Hybrid Fem<\/li>\n<li><strong>Genetik:<\/strong> (Gary Payton x Sunset Sherbet) x Sherbanger<\/li>\n<li><strong>Zusammensetzung:<\/strong> 50% Indica \/ 50% Sativa<\/li>\n<li><strong>Tage:<\/strong> 63-70 Tage<\/li>\n<\/ul>\n<p><\/p>\n<div style=\"text-align: justify\"><span style=\"font-size: 11pt\"><em><strong>WARNUNG:<\/strong> Hanfsamen sind vom gesetzlichen Begriff Cannabis ausgenommen, was bedeutet, dass sie nicht als Bet\u00e4ubungsmittel gelten (L. 412 von 1974, Art. 1, Absatz 1, Buchstabe B; Einheits\u00fcbereinkommen \u00fcber Bet\u00e4ubungsmittel von New York von 1961 und Tabelle II des Ministerialerlasses 27\/7\/1992). In Italien ist der Anbau von Hanf verboten (Artikel 28 und 73 des Pr\u00e4sidialdekrets 309\/90), es sei denn, es liegt eine Sondergenehmigung vor (Artikel 17 des Pr\u00e4sidialdekrets 309\/90). In Ermangelung einer solchen Genehmigung darf das Saatgut nur f\u00fcr andere Zwecke verwendet werden (zootechnische Zwecke, Sammeln usw.). Das Saatgut wird unter dem Vorbehalt verkauft, dass es nicht von Dritten im Widerspruch zu den gesetzlichen Bestimmungen verwendet wird.<\/em><\/span><\/div>\n","protected":false},"excerpt":{"rendered":"<p>Gary Sherbet basiert auf einem einzigen Konzept: \u00fcberlappende Sherbet-abgeleitete Genetik auf mehreren Ebenen. Die Basis ist Gary Payton (Cookies Seed<\/p>\n","protected":false},"featured_media":259790,"comment_status":"open","ping_status":"closed","template":"","meta":[],"product_brand":[],"product_cat":[1175],"product_tag":[],"class_list":{"0":"post-261737","1":"product","2":"type-product","3":"status-publish","4":"has-post-thumbnail","6":"product_cat-seedshop","8":"first","9":"outofstock","10":"taxable","11":"shipping-taxable","12":"product-type-variable"},"aioseo_notices":[],"_links":{"self":[{"href":"https:\/\/www.budream.com\/en\/wp-json\/wp\/v2\/product\/261737","targetHints":{"allow":["GET"]}}],"collection":[{"href":"https:\/\/www.budream.com\/en\/wp-json\/wp\/v2\/product"}],"about":[{"href":"https:\/\/www.budream.com\/en\/wp-json\/wp\/v2\/types\/product"}],"replies":[{"embeddable":true,"href":"https:\/\/www.budream.com\/en\/wp-json\/wp\/v2\/comments?post=261737"}],"version-history":[{"count":0,"href":"https:\/\/www.budream.com\/en\/wp-json\/wp\/v2\/product\/261737\/revisions"}],"wp:featuredmedia":[{"embeddable":true,"href":"https:\/\/www.budream.com\/en\/wp-json\/wp\/v2\/media\/259790"}],"wp:attachment":[{"href":"https:\/\/www.budream.com\/en\/wp-json\/wp\/v2\/media?parent=261737"}],"wp:term":[{"taxonomy":"product_brand","embeddable":true,"href":"https:\/\/www.budream.com\/en\/wp-json\/wp\/v2\/product_brand?post=261737"},{"taxonomy":"product_cat","embeddable":true,"href":"https:\/\/www.budream.com\/en\/wp-json\/wp\/v2\/product_cat?post=261737"},{"taxonomy":"product_tag","embeddable":true,"href":"https:\/\/www.budream.com\/en\/wp-json\/wp\/v2\/product_tag?post=261737"}],"curies":[{"name":"wp","href":"https:\/\/api.w.org\/{rel}","templated":true}]}}