{"id":215193,"date":"2025-01-20T15:18:28","date_gmt":"2025-01-20T13:18:28","guid":{"rendered":"https:\/\/www.budream.com\/servicios\/"},"modified":"2025-10-22T09:38:16","modified_gmt":"2025-10-22T07:38:16","slug":"servicios","status":"publish","type":"page","link":"https:\/\/www.budream.com\/es\/servicios\/","title":{"rendered":"Servicios"},"content":{"rendered":"\t\t<div data-elementor-type=\"wp-page\" data-elementor-id=\"215193\" class=\"elementor elementor-215193 elementor-202463\" data-elementor-post-type=\"page\">\n\t\t\t\t<div class=\"wd-negative-gap elementor-element elementor-element-a2470eb e-flex e-con-boxed e-con e-parent\" data-id=\"a2470eb\" data-element_type=\"container\" data-e-type=\"container\">\n\t\t\t\t\t<div class=\"e-con-inner\">\n\t\t\t\t<div class=\"elementor-element elementor-element-7d5844d elementor-widget elementor-widget-html\" data-id=\"7d5844d\" data-element_type=\"widget\" data-e-type=\"widget\" data-widget_type=\"html.default\">\n\t\t\t\t\t<div>\n\n\n  <meta charset=\"UTF-8\">\n  <meta name=\"viewport\" content=\"width=anchura-dispositivo, initial-scale=1\">\n  <title>Spedizione &amp; Privacy | Budream<\/title>\n  <style>\n    \/* Colori solo per le tabelle *\/\n    .table-responsive {\n      overflow-x: auto;\n      -webkit-overflow-scrolling: touch;\n    }\n    .table-responsive table {\n      width: 100%;\n      min-width: 600px;\n      border-collapse: collapse;\n    }\n    .table-responsive th,\n    .table-responsive td {\n      padding: 8px;\n      text-align: center;\n      color: #ffffff;\n      border: 1px solid #ccc;\n      white-space: nowrap;\n    }\n    .table-responsive th {\n      background-color: #106c44;\n    }\n    .table-responsive tbody tr:nth-child(odd) td {\n      background-color: #0e5a3e;\n    }\n    .table-responsive tbody tr:nth-child(even) td {\n      background-color: #106c44;\n    }\n  <\/style>\n\n\n\n  <!-- Italiano -->\n  <div lang=\"it\">\n    <h1>Env\u00edo y privacidad<\/h1>\n    <p>El env\u00edo es una fase crucial para nosotros. Trabajamos duro para encontrar nuevas soluciones para entregar tus pedidos, con el objetivo de garantizar la m\u00e1xima rapidez y discreci\u00f3n. Puntiamo a consegnare i pacchi in tempi rapidi, consapevoli dell'importanza che attribuite alla tutela della vostra privacy.  <\/p>\n    <p>El pedido se recapitular\u00e1 mediante una de las \u00f3rdenes disponibles, seleccionada en funci\u00f3n de la direcci\u00f3n de env\u00edo. En el correo electr\u00f3nico de confirmaci\u00f3n que recibir\u00e1s en el momento de la retirada del pedido, se indicar\u00e1n los detalles de la direcci\u00f3n de correo electr\u00f3nico enviada. Para obtener m\u00e1s informaci\u00f3n sobre la entrega, ponte en contacto directamente con la direcci\u00f3n indicada.  <\/p>\n\n    <h2>\u00bfEscupimos algo?<\/h2>\n    <p>Con el fin de ofrecerte el mejor servicio posible, hay algunos pa\u00edses a los que no hacemos entregas o a los que s\u00f3lo podemos invitar a determinados tipos de productos. Comprueba si realizamos entregas en tu pa\u00eds consultando la tabla siguiente, donde encontrar\u00e1s informaci\u00f3n sobre plazos y costes de entrega. <\/p>\n    <p>Para proteger a nuestros clientes, s\u00f3lo utilizamos paquetes an\u00f3nimos y desequilibrio neutro. No encontrar\u00e1s m\u00e1s anuncios u otras formas de publicidad en el paquete. <\/p>\n\n    <h2>Gastos de env\u00edo<\/h2>\n    <div class=\"table-responsive\">\n      <table>\n        <thead>\n          <tr>\n            <th>Dove spediamo<\/th>\n            <th>D\u00edas laborables<\/th>\n            <th>Costes (pedido inferior a 30\u20ac)<\/th>\n            <th>Costes (pedido superior a 30 \u20ac)<\/th>\n            <th>Env\u00edo gratuito a<\/th>\n          <\/tr>\n        <\/thead>\n        <tbody>\n          <tr><td>Austria<\/td><td>3-5<\/td><td>\u20ac 14.95<\/td><td>\u20ac 7.95<\/td><td>\u20ac 150.-<\/td><\/tr>\n          <tr><td>Belgio<\/td><td>3-5<\/td><td>\u20ac 14.95<\/td><td>\u20ac 4.95<\/td><td>\u20ac 75.-<\/td><\/tr>\n          <tr><td>Danimarca<\/td><td>5-8<\/td><td>\u20ac 14.95<\/td><td>\u20ac 8.95<\/td><td>\u20ac 150.-<\/td><\/tr>\n          <tr><td>Finlandia<\/td><td>5-8<\/td><td>\u20ac 14.95<\/td><td>\u20ac 8.95<\/td><td>\u20ac 150.-<\/td><\/tr>\n          <tr><td>Francia<\/td><td>3-5<\/td><td>\u20ac 14.95<\/td><td>\u20ac 4.95<\/td><td>\u20ac 75.-<\/td><\/tr>\n          <tr><td>Germania<\/td><td>3-5<\/td><td>\u20ac 14.95<\/td><td>\u20ac 4.95<\/td><td>\u20ac 75.-<\/td><\/tr>\n          <tr><td>Grecia<\/td><td>6-12<\/td><td>\u20ac 14.95<\/td><td>\u20ac 9.95<\/td><td>\u20ac 150.-<\/td><\/tr>\n          <tr><td>Irlanda<\/td><td>5-8<\/td><td>\u20ac 14.95<\/td><td>\u20ac 8.95<\/td><td>\u20ac 150.-<\/td><\/tr>\n          <tr><td>Italia<\/td><td>2-4<\/td><td>\u20ac 9.95<\/td><td>\u20ac 4.95<\/td><td>\u20ac 50.-<\/td><\/tr>\n          <tr><td>Lussemburgo<\/td><td>3-5<\/td><td>\u20ac 14.95<\/td><td>\u20ac 7.95<\/td><td>\u20ac 150.-<\/td><\/tr>\n          <tr><td>Malta<\/td><td>8-12<\/td><td>\u20ac 14.95<\/td><td>\u20ac 7.95<\/td><td>\u20ac 150.-<\/td><\/tr>\n          <tr><td>Paesi Bassi<\/td><td>3-5<\/td><td>\u20ac 14.95<\/td><td>\u20ac 7.95<\/td><td>\u20ac 150.-<\/td><\/tr>\n          <tr><td>Polonia<\/td><td>5-8<\/td><td>\u20ac 14.95<\/td><td>\u20ac 8.95<\/td><td>\u20ac 150.-<\/td><\/tr>\n          <tr><td>Portogallo<\/td><td>6-12<\/td><td>\u20ac 14.95<\/td><td>\u20ac 8.95<\/td><td>\u20ac 150.-<\/td><\/tr>\n          <tr><td>Repubblica Ceca<\/td><td>5-8<\/td><td>\u20ac 14.95<\/td><td>\u20ac 8.95<\/td><td>\u20ac 150.-<\/td><\/tr>\n          <tr><td>Spagna<\/td><td>3-5<\/td><td>\u20ac 14.95<\/td><td>\u20ac 4.95<\/td><td>\u20ac 75.-<\/td><\/tr>\n          <tr><td>Svezia<\/td><td>5-8<\/td><td>\u20ac 14.95<\/td><td>\u20ac 8.95<\/td><td>\u20ac 150.-<\/td><\/tr>\n          <tr><td>Resto del mundo<\/td><td>Preventivo a petici\u00f3n<\/td><td colspan=\"2\">-<\/td><td>-<\/td><\/tr>\n        <\/tbody>\n      <\/table>\n    <\/div>\n\n    <h2>Guida all'ordine paso a paso<\/h2>\n    <ol>\n      <li>Paso 1: Visita la p\u00e1gina del producto que deseas adquirir. Si est\u00e1 disponible, selecciona la variedad preferida e indica la cantidad que deseas a\u00f1adir al carrello. <\/li>\n      <li>Paso 2: Haz clic en el bot\u00f3n \"A\u00f1adir al carrito\". En la ventana emergente que aparece, puedes modificar la variedad y la cantidad, si es necesario. Para continuar navegando, haz clic en \"Seguir comprando\". Si est\u00e1s listo para proceder con el pedido, haz clic en \"Casar\".   <\/li>\n      <li>Paso 3: En la p\u00e1gina del cat\u00e1logo, comprueba que los productos y cantidades seleccionados son correctos. Tambi\u00e9n puedes modificar las cantidades o sustituir art\u00edculos. Si tienes un c\u00f3digo promocional, introd\u00facelo en la casilla \"C\u00f3digo promocional\". Para a\u00f1adir otros art\u00edculos, haz clic en \"Seguir comprando\". Cuando est\u00e9s listo, haz clic en \"Cassa\" para continuar.    <\/li>\n      <li>Paso 4: Accede a tu cuenta BUDREAM. Si no tienes una, puedes crearla haciendo clic directamente en esta p\u00e1gina. <\/li>\n      <li>Paso 5: Selecciona una opci\u00f3n para la compra y el engorde.<\/li>\n      <li>Paso 6: Elige tu m\u00e9todo de entrega. Si has elegido un punto de entrega, puedes seleccionarlo mediante un mapa emergente que te mostrar\u00e1 las opciones m\u00e1s cercanas en funci\u00f3n de tu c\u00f3digo postal o ciudad. <\/li>\n      <li>Paso 7: Selecciona el m\u00e9todo de pago preferido.<\/li>\n      <li>Paso 8: Comprueba la tramitaci\u00f3n final del pedido. Encontrar\u00e1s la direcci\u00f3n de entrega y de env\u00edo, el m\u00e9todo de entrega y la forma de env\u00edo seleccionada. Si todo es correcto, haz clic en \"Confirmar\" para completar el pedido.  <\/li>\n      <li>Paso 9: Si has optado por un pago indirecto (por ejemplo, un bono bancario), recibe las instrucciones espec\u00edficas en el correo electr\u00f3nico de confirmaci\u00f3n que te enviaremos.<\/li>\n    <\/ol>\n  <\/div>\n\n\n<\/div>\t\t\t\t<\/div>\n\t\t\t\t\t<\/div>\n\t\t\t\t<\/div>\n\t\t\t\t<\/div>\n\t\t","protected":false},"excerpt":{"rendered":"<p>Spedizione &amp; Privacy | Budream Env\u00edo y privacidad El env\u00edo es una fase crucial para nosotros. Trabajamos duro para encontrar<\/p>\n","protected":false},"author":1,"featured_media":0,"parent":0,"menu_order":10,"comment_status":"closed","ping_status":"closed","template":"","meta":{"footnotes":""},"class_list":["post-215193","page","type-page","status-publish","hentry"],"aioseo_notices":[],"_links":{"self":[{"href":"https:\/\/www.budream.com\/es\/wp-json\/wp\/v2\/pages\/215193","targetHints":{"allow":["GET"]}}],"collection":[{"href":"https:\/\/www.budream.com\/es\/wp-json\/wp\/v2\/pages"}],"about":[{"href":"https:\/\/www.budream.com\/es\/wp-json\/wp\/v2\/types\/page"}],"author":[{"embeddable":true,"href":"https:\/\/www.budream.com\/es\/wp-json\/wp\/v2\/users\/1"}],"replies":[{"embeddable":true,"href":"https:\/\/www.budream.com\/es\/wp-json\/wp\/v2\/comments?post=215193"}],"version-history":[{"count":0,"href":"https:\/\/www.budream.com\/es\/wp-json\/wp\/v2\/pages\/215193\/revisions"}],"wp:attachment":[{"href":"https:\/\/www.budream.com\/es\/wp-json\/wp\/v2\/media?parent=215193"}],"curies":[{"name":"wp","href":"https:\/\/api.w.org\/{rel}","templated":true}]}}