{"id":215228,"date":"2024-06-20T13:33:16","date_gmt":"2024-06-20T11:33:16","guid":{"rendered":"https:\/\/www.budream.com\/sobre-nosotros\/"},"modified":"2025-10-22T09:38:41","modified_gmt":"2025-10-22T07:38:41","slug":"sobre-nosotros","status":"publish","type":"page","link":"https:\/\/www.budream.com\/es\/sobre-nosotros\/","title":{"rendered":"Sobre nosotros"},"content":{"rendered":"\t\t<div data-elementor-type=\"wp-page\" data-elementor-id=\"215228\" class=\"elementor elementor-215228 elementor-56137\" data-elementor-post-type=\"page\">\n\t\t\t\t<div class=\"elementor-element elementor-element-82f9cc5 e-flex e-con-boxed e-con e-parent\" data-id=\"82f9cc5\" data-element_type=\"container\" data-e-type=\"container\">\n\t\t\t\t\t<div class=\"e-con-inner\">\n\t\t\t\t<div class=\"elementor-element elementor-element-f6ca2e8 elementor-widget__width-inherit elementor-widget elementor-widget-theme-site-logo elementor-widget-image\" data-id=\"f6ca2e8\" data-element_type=\"widget\" data-e-type=\"widget\" data-widget_type=\"theme-site-logo.default\">\n\t\t\t\t\t\t\t\t\t\t\t<a href=\"https:\/\/www.budream.com\/es\/\">\n\t\t\t<img decoding=\"async\" class=\" wd-lazy-fade\" src=\"https:\/\/www.budream.com\/wp-content\/themes\/woodmart\/images\/lazy.svg\" data-src=\"https:\/\/www.budream.com\/wp-content\/plugins\/elementor-pro\/assets\/images\/logo-placeholder.png\" title=\"\" alt=\"\" loading=\"lazy\" \/>\t\t\t\t<\/a>\n\t\t\t\t\t\t\t\t\t\t\t<\/div>\n\t\t\t\t<div class=\"elementor-element elementor-element-6e4b0df elementor-widget elementor-widget-heading\" data-id=\"6e4b0df\" data-element_type=\"widget\" data-e-type=\"widget\" data-widget_type=\"heading.default\">\n\t\t\t\t\t<h5 class=\"elementor-heading-title elementor-size-default\"><a href=\"\">Bienvenido a BuDream, tu tienda online de confianza, donde la calidad, la comodidad y la pasi\u00f3n se dan cita cada d\u00eda.<\/a><\/h5>\t\t\t\t<\/div>\n\t\t\t\t\t<\/div>\n\t\t\t\t<\/div>\n\t\t<div class=\"elementor-element elementor-element-ee46da3 e-flex e-con-boxed e-con e-parent\" data-id=\"ee46da3\" data-element_type=\"container\" data-e-type=\"container\">\n\t\t\t\t\t<div class=\"e-con-inner\">\n\t\t\t\t<div class=\"elementor-element elementor-element-ce2e64c elementor-widget elementor-widget-html\" data-id=\"ce2e64c\" data-element_type=\"widget\" data-e-type=\"widget\" data-widget_type=\"html.default\">\n\t\t\t\t\t<div>\n\n\n  <meta charset=\"UTF-8\">\n  <meta name=\"viewport\" content=\"width=anchura-dispositivo, initial-scale=1\">\n  <title>Sobre nosotros | BuDream<\/title>\n  <meta name=\"description\" content=\"Sobre nosotros - BuDream: nuestro equipo, nuestra misi\u00f3n y nuestros valores. Sobre nosotros: nuestro equipo, nuestra misi\u00f3n y nuestros valores.\">\n\n\n\n\n  <!-- Italiano -->\n  <div class=\"lang-block\" lang=\"it\">\n    <h1>Sobre nosotros<\/h1>\n    <p>Somos un equipo de profesionales y entusiastas, unidos por el deseo de ofrecerte una experiencia de compra realmente \u00fanica: sencilla, agradable y llena de valor.<\/p>\n    <p>Cada producto que seleccionamos cuenta una historia, y nuestro compromiso es ofrecerte s\u00f3lo lo mejor, con atenci\u00f3n al detalle y una cuidadosa selecci\u00f3n de art\u00edculos naturales, legales y certificados.<\/p>\n\n    <h2>\ud83c\udfaf \u00bfNuestra misi\u00f3n?<\/h2>\n    <ul>\n      <li>Col\u00f3cate siempre en el centro.<\/li>\n      <li>\ud83c\udf31 Un cat\u00e1logo amplio y actualizado: desde las novedades hasta los imprescindibles de cada d\u00eda.<\/li>\n      <li>\ud83d\udcb0 Precios honestos: porque la calidad debe estar al alcance de todos.<\/li>\n      <li>\ud83d\udce6 Un servicio sin estr\u00e9s: desde la selecci\u00f3n hasta la entrega, con asistencia siempre a mano.<\/li>\n    <\/ul>\n\n    <p>Cada compra que realizas en BuDream es fruto de nuestra dedicaci\u00f3n: queremos ofrecerte una plataforma segura, fiable y transparente en la que puedas comprar con confianza y conocimiento de causa.<\/p>\n    <p>Somos m\u00e1s que una tienda: somos una comunidad que comparte la misma pasi\u00f3n por el bienestar natural, la calidad y la autenticidad.<\/p>\n    <p>Gracias por participar \ud83d\udc9a<\/p>\n  <\/div>\n\n  <!-- English -->\n  <div class=\"lang-block\" lang=\"en\">\n    <h1>Qui\u00e9nes somos<\/h1>\n    <p>Somos un equipo de profesionales y entusiastas, unidos por el deseo de ofrecerte una experiencia de compra realmente \u00fanica: sencilla, agradable y llena de valor.<\/p>\n    <p>Cada producto que seleccionamos cuenta una historia, y nuestro compromiso es ofrecerte s\u00f3lo lo mejor, con atenci\u00f3n al detalle y una cuidada selecci\u00f3n de art\u00edculos naturales, legales y certificados.<\/p>\n\n    <h2>\ud83c\udfaf \u00bfNuestra misi\u00f3n?<\/h2>\n    <ul>\n      <li>Poni\u00e9ndote en el centro.<\/li>\n      <li>\ud83c\udf31 Un cat\u00e1logo amplio y actualizado: desde las novedades hasta los imprescindibles de cada d\u00eda.<\/li>\n      <li>\ud83d\udcb0 Precios justos: porque la calidad debe estar al alcance de todos.<\/li>\n      <li>\ud83d\udce6 Servicio sin estr\u00e9s: desde la selecci\u00f3n hasta la entrega, con asistencia siempre disponible.<\/li>\n    <\/ul>\n\n    <p>Cada compra que realizas en BuDream es fruto de nuestra dedicaci\u00f3n: queremos ofrecerte una plataforma segura, fiable y transparente, en la que puedas comprar con confianza y conocimiento de causa.<\/p>\n    <p>Somos mucho m\u00e1s que una tienda: somos una comunidad que comparte la misma pasi\u00f3n por el bienestar natural, la calidad y la autenticidad.<\/p>\n    <p>Gracias por participar \ud83d\udc9a<\/p>\n  <\/div>\n\n\n\n<\/div>\t\t\t\t<\/div>\n\t\t\t\t\t<\/div>\n\t\t\t\t<\/div>\n\t\t\t\t<\/div>\n\t\t","protected":false},"excerpt":{"rendered":"<p>Bienvenido a BuDream, tu tienda online de confianza, donde la calidad, la comodidad y la pasi\u00f3n se dan cita cada<\/p>\n","protected":false},"author":1,"featured_media":0,"parent":0,"menu_order":2,"comment_status":"closed","ping_status":"open","template":"","meta":{"footnotes":""},"class_list":["post-215228","page","type-page","status-publish","hentry"],"aioseo_notices":[],"_links":{"self":[{"href":"https:\/\/www.budream.com\/es\/wp-json\/wp\/v2\/pages\/215228","targetHints":{"allow":["GET"]}}],"collection":[{"href":"https:\/\/www.budream.com\/es\/wp-json\/wp\/v2\/pages"}],"about":[{"href":"https:\/\/www.budream.com\/es\/wp-json\/wp\/v2\/types\/page"}],"author":[{"embeddable":true,"href":"https:\/\/www.budream.com\/es\/wp-json\/wp\/v2\/users\/1"}],"replies":[{"embeddable":true,"href":"https:\/\/www.budream.com\/es\/wp-json\/wp\/v2\/comments?post=215228"}],"version-history":[{"count":0,"href":"https:\/\/www.budream.com\/es\/wp-json\/wp\/v2\/pages\/215228\/revisions"}],"wp:attachment":[{"href":"https:\/\/www.budream.com\/es\/wp-json\/wp\/v2\/media?parent=215228"}],"curies":[{"name":"wp","href":"https:\/\/api.w.org\/{rel}","templated":true}]}}