{"id":122908,"date":"2025-07-30T15:56:50","date_gmt":"2025-07-30T13:56:50","guid":{"rendered":"https:\/\/www.budream.com\/shop\/bomba-de-presion-mod-5-5-litros-verde-azul-plastico-con-lanza-atomizador\/"},"modified":"2025-12-04T17:03:40","modified_gmt":"2025-12-04T15:03:40","slug":"bomba-de-presion-mod-5-5-litros-verde-azul-plastico-con-lanza-atomizador","status":"publish","type":"product","link":"https:\/\/www.budream.com\/es\/shop\/bomba-de-presion-mod-5-5-litros-verde-azul-plastico-con-lanza-atomizador\/","title":{"rendered":"BOMBA DE PRESION MOD.5 5 LITROS VERDE\/AZUL PLASTICO CON LANZA &#8211; ATOMIZADOR"},"content":{"rendered":"<p>Bomba de mochila profesional con funcionamiento a presi\u00f3n. Capacidad de 5 litros. La peculiaridad de estas bombas es que una vez introducida la soluci\u00f3n a pulverizar, es necesario bombear el aire en su interior mediante una palanca especial. Una vez realizada esta elemental operaci\u00f3n, s\u00f3lo es necesario pulsar el bot\u00f3n dispensador para atomizar la soluci\u00f3n contenida. Equipado con una lanza de pl\u00e1stico de 40 cm de longitud y una boquilla regulable para ensanchar o estrechar el flujo de la soluci\u00f3n dispensada.<\/p>\n","protected":false},"excerpt":{"rendered":"<p>Bomba de mochila profesional con funcionamiento a presi\u00f3n. Capacidad de 5 litros. La peculiaridad de estas bombas es que una<\/p>\n","protected":false},"featured_media":122904,"comment_status":"open","ping_status":"closed","template":"","meta":[],"product_brand":[],"product_cat":[7930],"product_tag":[],"class_list":{"0":"post-122908","1":"product","2":"type-product","3":"status-publish","4":"has-post-thumbnail","6":"product_cat-antiparasitarios-y-defensa","8":"first","9":"instock","10":"taxable","11":"shipping-taxable","12":"purchasable","13":"product-type-simple"},"_links":{"self":[{"href":"https:\/\/www.budream.com\/es\/wp-json\/wp\/v2\/product\/122908","targetHints":{"allow":["GET"]}}],"collection":[{"href":"https:\/\/www.budream.com\/es\/wp-json\/wp\/v2\/product"}],"about":[{"href":"https:\/\/www.budream.com\/es\/wp-json\/wp\/v2\/types\/product"}],"replies":[{"embeddable":true,"href":"https:\/\/www.budream.com\/es\/wp-json\/wp\/v2\/comments?post=122908"}],"version-history":[{"count":0,"href":"https:\/\/www.budream.com\/es\/wp-json\/wp\/v2\/product\/122908\/revisions"}],"wp:featuredmedia":[{"embeddable":true,"href":"https:\/\/www.budream.com\/es\/wp-json\/wp\/v2\/media\/122904"}],"wp:attachment":[{"href":"https:\/\/www.budream.com\/es\/wp-json\/wp\/v2\/media?parent=122908"}],"wp:term":[{"taxonomy":"product_brand","embeddable":true,"href":"https:\/\/www.budream.com\/es\/wp-json\/wp\/v2\/product_brand?post=122908"},{"taxonomy":"product_cat","embeddable":true,"href":"https:\/\/www.budream.com\/es\/wp-json\/wp\/v2\/product_cat?post=122908"},{"taxonomy":"product_tag","embeddable":true,"href":"https:\/\/www.budream.com\/es\/wp-json\/wp\/v2\/product_tag?post=122908"}],"curies":[{"name":"wp","href":"https:\/\/api.w.org\/{rel}","templated":true}]}}