{"id":122933,"date":"2025-07-30T15:58:51","date_gmt":"2025-07-30T13:58:51","guid":{"rendered":"https:\/\/www.budream.com\/shop\/bioki-polvo-natural-de-antilumaca-900gr\/"},"modified":"2026-03-04T17:56:33","modified_gmt":"2026-03-04T15:56:33","slug":"bioki-polvo-natural-de-antilumaca-900gr","status":"publish","type":"product","link":"https:\/\/www.budream.com\/es\/shop\/bioki-polvo-natural-de-antilumaca-900gr\/","title":{"rendered":"BIOKI &#8211; POLVO NATURAL DE ANTILUMACA| 900gr"},"content":{"rendered":"<p>Slug and Slug Barrier es la soluci\u00f3n definitiva para proteger sus plantas de babosas y babosas no deseadas, ya que act\u00faa creando un entorno seco e inh\u00f3spito que protege las fresas, verduras y flores.<\/p>\n<p><strong>USO PREVISTO<\/strong><br \/>Plantas de balc\u00f3n, jard\u00edn, huerto, huerta.<\/p>\n<p><strong>ACTIVIDAD<\/strong><br \/>Protecci\u00f3n<\/p>\n<p><strong>COMPOSICI\u00d3N<\/strong><br \/>Zeolita natural en escamas <strong>libre de contaminantes<\/strong>. Utilizable en agricultura ecol\u00f3gica.<\/p>\n<p><strong>CARACTER\u00cdSTICAS<\/strong><br \/>La Barrera Anti Caracoles est\u00e1 dise\u00f1ada para una aplicaci\u00f3n r\u00e1pida y sencilla. Los gr\u00e1nulos pueden esparcirse directamente alrededor de las plantas o en zonas espec\u00edficas del jard\u00edn, para una soluci\u00f3n r\u00e1pida y pr\u00e1ctica, directamente desde el pr\u00e1ctico tap\u00f3n dispensador del envase. No da\u00f1a a las personas ni a los animales dom\u00e9sticos, y respeta tambi\u00e9n a los insectos beneficiosos y la fauna del jard\u00edn. Su acci\u00f3n espec\u00edfica contra babosas y caracoles preserva el equilibrio natural y la biodiversidad.<\/p>\n<p>Una vez agotado su efecto, los gr\u00e1nulos con alto contenido en zeolita enriquecen el suelo con minerales que mejoran la fertilidad y la estructura general del suelo.<\/p>\n<p><strong>DOSIS Y MODO DE EMPLEO<\/strong><br \/><strong>Plantas en maceta<\/strong>: distribuir los gr\u00e1nulos uniformemente por el suelo.<br \/><strong>Jard\u00edn y huerto<\/strong>: distribuir los gr\u00e1nulos sobre el suelo formando una barrera en todo el per\u00edmetro de la zona a proteger. Repetir la aplicaci\u00f3n despu\u00e9s de lluvias y riegos abundantes que puedan reducir la eficacia del tratamiento, con el fin de restablecer las condiciones iniciales. El producto puede utilizarse hasta antes de la cosecha y no es t\u00f3xico para las abejas ni los insectos beneficiosos.<\/p>\n<p>Lata de 0,9 kg<\/p>\n","protected":false},"excerpt":{"rendered":"<p>Slug and Slug Barrier es la soluci\u00f3n definitiva para proteger sus plantas de babosas y babosas no deseadas, ya que<\/p>\n","protected":false},"featured_media":122929,"comment_status":"open","ping_status":"closed","template":"","meta":[],"product_brand":[],"product_cat":[7930],"product_tag":[],"class_list":{"0":"post-122933","1":"product","2":"type-product","3":"status-publish","4":"has-post-thumbnail","6":"product_cat-antiparasitarios-y-defensa","8":"first","9":"instock","10":"taxable","11":"shipping-taxable","12":"purchasable","13":"product-type-simple"},"_links":{"self":[{"href":"https:\/\/www.budream.com\/es\/wp-json\/wp\/v2\/product\/122933","targetHints":{"allow":["GET"]}}],"collection":[{"href":"https:\/\/www.budream.com\/es\/wp-json\/wp\/v2\/product"}],"about":[{"href":"https:\/\/www.budream.com\/es\/wp-json\/wp\/v2\/types\/product"}],"replies":[{"embeddable":true,"href":"https:\/\/www.budream.com\/es\/wp-json\/wp\/v2\/comments?post=122933"}],"version-history":[{"count":0,"href":"https:\/\/www.budream.com\/es\/wp-json\/wp\/v2\/product\/122933\/revisions"}],"wp:featuredmedia":[{"embeddable":true,"href":"https:\/\/www.budream.com\/es\/wp-json\/wp\/v2\/media\/122929"}],"wp:attachment":[{"href":"https:\/\/www.budream.com\/es\/wp-json\/wp\/v2\/media?parent=122933"}],"wp:term":[{"taxonomy":"product_brand","embeddable":true,"href":"https:\/\/www.budream.com\/es\/wp-json\/wp\/v2\/product_brand?post=122933"},{"taxonomy":"product_cat","embeddable":true,"href":"https:\/\/www.budream.com\/es\/wp-json\/wp\/v2\/product_cat?post=122933"},{"taxonomy":"product_tag","embeddable":true,"href":"https:\/\/www.budream.com\/es\/wp-json\/wp\/v2\/product_tag?post=122933"}],"curies":[{"name":"wp","href":"https:\/\/api.w.org\/{rel}","templated":true}]}}