{"id":123038,"date":"2025-07-30T16:09:31","date_gmt":"2025-07-30T14:09:31","guid":{"rendered":"https:\/\/www.budream.com\/shop\/secret-smoke-filtro-piramidal-de-recambio-para-lavadora-de-hielo\/"},"modified":"2026-03-09T16:07:55","modified_gmt":"2026-03-09T14:07:55","slug":"secret-smoke-filtro-piramidal-de-recambio-para-lavadora-de-hielo","status":"publish","type":"product","link":"https:\/\/www.budream.com\/es\/shop\/secret-smoke-filtro-piramidal-de-recambio-para-lavadora-de-hielo\/","title":{"rendered":"SECRET SMOKE &#8211; FILTRO PIRAMIDAL DE RECAMBIO PARA LAVADORA DE HIELO"},"content":{"rendered":"<p>Filtro pir\u00e1mide para lavadora ICE WASHER<\/p>\n<h2><strong><span style=\"text-decoration: underline\">Caracter\u00edsticas Pir\u00e1mide filtro de humo secreto:<\/span><\/strong><\/h2>\n<ul style=\"list-style-type: disc\">\n<li>Volumen: 7,5 litros<\/li>\n<li>Capacidad de material seco: 75 gr Max<\/li>\n<li>Capacidad de material fresco congelado: 300 gr Max<\/li>\n<\/ul>\n","protected":false},"excerpt":{"rendered":"<p>Filtro pir\u00e1mide para lavadora ICE WASHER Caracter\u00edsticas Pir\u00e1mide filtro de humo secreto: Volumen: 7,5 litros Capacidad de material seco: 75<\/p>\n","protected":false},"featured_media":123034,"comment_status":"open","ping_status":"closed","template":"","meta":[],"product_brand":[],"product_cat":[7948],"product_tag":[],"class_list":{"0":"post-123038","1":"product","2":"type-product","3":"status-publish","4":"has-post-thumbnail","6":"product_cat-headshop-es","8":"first","9":"instock","10":"taxable","11":"shipping-taxable","12":"purchasable","13":"product-type-simple"},"_links":{"self":[{"href":"https:\/\/www.budream.com\/es\/wp-json\/wp\/v2\/product\/123038","targetHints":{"allow":["GET"]}}],"collection":[{"href":"https:\/\/www.budream.com\/es\/wp-json\/wp\/v2\/product"}],"about":[{"href":"https:\/\/www.budream.com\/es\/wp-json\/wp\/v2\/types\/product"}],"replies":[{"embeddable":true,"href":"https:\/\/www.budream.com\/es\/wp-json\/wp\/v2\/comments?post=123038"}],"version-history":[{"count":0,"href":"https:\/\/www.budream.com\/es\/wp-json\/wp\/v2\/product\/123038\/revisions"}],"wp:featuredmedia":[{"embeddable":true,"href":"https:\/\/www.budream.com\/es\/wp-json\/wp\/v2\/media\/123034"}],"wp:attachment":[{"href":"https:\/\/www.budream.com\/es\/wp-json\/wp\/v2\/media?parent=123038"}],"wp:term":[{"taxonomy":"product_brand","embeddable":true,"href":"https:\/\/www.budream.com\/es\/wp-json\/wp\/v2\/product_brand?post=123038"},{"taxonomy":"product_cat","embeddable":true,"href":"https:\/\/www.budream.com\/es\/wp-json\/wp\/v2\/product_cat?post=123038"},{"taxonomy":"product_tag","embeddable":true,"href":"https:\/\/www.budream.com\/es\/wp-json\/wp\/v2\/product_tag?post=123038"}],"curies":[{"name":"wp","href":"https:\/\/api.w.org\/{rel}","templated":true}]}}