{"id":123158,"date":"2025-07-30T16:20:10","date_gmt":"2025-07-30T14:20:10","guid":{"rendered":"https:\/\/www.budream.com\/shop\/bioki-jabon-de-potasio-z-azufre-350gr\/"},"modified":"2026-03-23T15:36:35","modified_gmt":"2026-03-23T13:36:35","slug":"bioki-jabon-de-potasio-z-azufre-350gr","status":"publish","type":"product","link":"https:\/\/www.budream.com\/es\/shop\/bioki-jabon-de-potasio-z-azufre-350gr\/","title":{"rendered":"BIOKI &#8211; JAB\u00d3N DE POTASIO Z (AZUFRE) | 350gr"},"content":{"rendered":"<p><strong>CARACTER\u00cdSTICAS<\/strong>: El jab\u00f3n blando producido con <strong>azufre<\/strong> es adecuado para tratamientos foliares en plantas que sufren ataques de hongos comunes y se utiliza excelentemente tanto en la fase preventiva como en la curativa, donde aumenta la resistencia.<\/p>\n<p>Debido a su fuerte acci\u00f3n de lavado, tambi\u00e9n es adecuado para eliminar los residuos org\u00e1nicos dejados por los insectos (melaza) y los dep\u00f3sitos de cal y polvo, mejorando la actividad de la clorofila y creando un entorno higi\u00e9nicamente saludable.<br \/>Est\u00e1 indicado en todas las plantas de fruticultura (melocot\u00f3n, albaricoque, ciruela, manzana, pera, cereza, vid, lim\u00f3n y c\u00edtricos en general),<br \/>Horticultura (lechuga, espinaca, apio, hinojo, albahaca, tomate, pimiento, berenjena, fresa, cebolla, patata, etc.)<br \/>y Jardiner\u00eda (setos, plantas de flor, rosas y plantas ornamentales).<\/p>\n<p>ENVASE Lata de 350 g.<\/p>\n","protected":false},"excerpt":{"rendered":"<p>CARACTER\u00cdSTICAS: El jab\u00f3n blando producido con azufre es adecuado para tratamientos foliares en plantas que sufren ataques de hongos comunes<\/p>\n","protected":false},"featured_media":123154,"comment_status":"open","ping_status":"closed","template":"","meta":[],"product_brand":[],"product_cat":[3095],"product_tag":[],"class_list":{"0":"post-123158","1":"product","2":"type-product","3":"status-publish","4":"has-post-thumbnail","6":"product_cat-antiparassitari-e-difesa","8":"first","9":"instock","10":"taxable","11":"shipping-taxable","12":"purchasable","13":"product-type-simple"},"_links":{"self":[{"href":"https:\/\/www.budream.com\/es\/wp-json\/wp\/v2\/product\/123158","targetHints":{"allow":["GET"]}}],"collection":[{"href":"https:\/\/www.budream.com\/es\/wp-json\/wp\/v2\/product"}],"about":[{"href":"https:\/\/www.budream.com\/es\/wp-json\/wp\/v2\/types\/product"}],"replies":[{"embeddable":true,"href":"https:\/\/www.budream.com\/es\/wp-json\/wp\/v2\/comments?post=123158"}],"version-history":[{"count":0,"href":"https:\/\/www.budream.com\/es\/wp-json\/wp\/v2\/product\/123158\/revisions"}],"wp:featuredmedia":[{"embeddable":true,"href":"https:\/\/www.budream.com\/es\/wp-json\/wp\/v2\/media\/123154"}],"wp:attachment":[{"href":"https:\/\/www.budream.com\/es\/wp-json\/wp\/v2\/media?parent=123158"}],"wp:term":[{"taxonomy":"product_brand","embeddable":true,"href":"https:\/\/www.budream.com\/es\/wp-json\/wp\/v2\/product_brand?post=123158"},{"taxonomy":"product_cat","embeddable":true,"href":"https:\/\/www.budream.com\/es\/wp-json\/wp\/v2\/product_cat?post=123158"},{"taxonomy":"product_tag","embeddable":true,"href":"https:\/\/www.budream.com\/es\/wp-json\/wp\/v2\/product_tag?post=123158"}],"curies":[{"name":"wp","href":"https:\/\/api.w.org\/{rel}","templated":true}]}}