{"id":123328,"date":"2025-07-30T16:33:12","date_gmt":"2025-07-30T14:33:12","guid":{"rendered":"https:\/\/www.budream.com\/shop\/biobizz-pre-mix-5l\/"},"modified":"2026-01-30T13:13:56","modified_gmt":"2026-01-30T11:13:56","slug":"biobizz-pre-mix-5l","status":"publish","type":"product","link":"https:\/\/www.budream.com\/es\/shop\/biobizz-pre-mix-5l\/","title":{"rendered":"BIOBIZZ &#8211; PRE MIX | 5L"},"content":{"rendered":"<p class=\"p2\"><span class=\"s1\">\u00bfBusca un crecimiento y una floraci\u00f3n \u00f3ptimos y asegurados? \u00bfM\u00e1xima resistencia a las enfermedades? Persistencia frente a los hongos? Pre-Mix&trade; combina diferentes calidades de <\/span><span class=\"s2\">abonos org\u00e1nicos<\/span><span class=\"s1\">, harina de roca, oligoelementos y hongos, todo ello en las cantidades adecuadas, en un envase c\u00f3modo y vers\u00e1til.<\/span><\/p>\n<h3 class=\"p1\"><span class=\"s1\"><b>\u00bfC\u00f3mo se utiliza?<\/b><\/span><\/h3>\n<p class=\"p3\"><span class=\"s1\">Pre-Mix&trade; es ideal como <\/span><span class=\"s2\">abono <\/span><span class=\"s1\">para trasplantes o para empezar de cero. M\u00e9zclelo con tierra para macetas o sustrato sobre el suelo, o comb\u00ednelo con <i>vermicompost <\/i>org\u00e1nico de alta calidad para a\u00f1adir un componente <\/span><span class=\"s2\">microbiano<\/span><span class=\"s1\"> y mejorar los valores nutricionales de la tierra o la mezcla de plantaci\u00f3n.<\/span><\/p>\n<p>Premix es un abono seco comprimido con ingredientes 100% naturales derivados de materia org\u00e1nica, harina de roca y oligoelementos. Esta mezcla microbiol\u00f3gicamente activa ha sido formulada para garantizar un crecimiento vigoroso, una floraci\u00f3n abundante y la m\u00e1xima resistencia a las enfermedades y a los ataques de hongos. <\/p>\n<p> <strong>USO RECOMENDADO:<\/strong><\/p>\n<p>Utilizando PRE MIX en el medio de cultivo, no necesitar\u00e1 abonar sus plantas durante las 2 &#8211; 4 primeras semanas. Recomendamos el uso de ROOTJUICE para optimizar los trasplantes y el desarrollo de las raices.<\/p>\n<div id=\"isChromeWebToolbarDiv\"><\/div>\n","protected":false},"excerpt":{"rendered":"<p>\u00bfBusca un crecimiento y una floraci\u00f3n \u00f3ptimos y asegurados? \u00bfM\u00e1xima resistencia a las enfermedades? Persistencia frente a los hongos? Pre-Mix&trade;<\/p>\n","protected":false},"featured_media":123319,"comment_status":"open","ping_status":"closed","template":"","meta":[],"product_brand":[],"product_cat":[7932],"product_tag":[],"class_list":{"0":"post-123328","1":"product","2":"type-product","3":"status-publish","4":"has-post-thumbnail","6":"product_cat-fertilizantes","8":"first","9":"instock","10":"taxable","11":"shipping-taxable","12":"purchasable","13":"product-type-simple"},"aioseo_notices":[],"_links":{"self":[{"href":"https:\/\/www.budream.com\/es\/wp-json\/wp\/v2\/product\/123328","targetHints":{"allow":["GET"]}}],"collection":[{"href":"https:\/\/www.budream.com\/es\/wp-json\/wp\/v2\/product"}],"about":[{"href":"https:\/\/www.budream.com\/es\/wp-json\/wp\/v2\/types\/product"}],"replies":[{"embeddable":true,"href":"https:\/\/www.budream.com\/es\/wp-json\/wp\/v2\/comments?post=123328"}],"version-history":[{"count":0,"href":"https:\/\/www.budream.com\/es\/wp-json\/wp\/v2\/product\/123328\/revisions"}],"wp:featuredmedia":[{"embeddable":true,"href":"https:\/\/www.budream.com\/es\/wp-json\/wp\/v2\/media\/123319"}],"wp:attachment":[{"href":"https:\/\/www.budream.com\/es\/wp-json\/wp\/v2\/media?parent=123328"}],"wp:term":[{"taxonomy":"product_brand","embeddable":true,"href":"https:\/\/www.budream.com\/es\/wp-json\/wp\/v2\/product_brand?post=123328"},{"taxonomy":"product_cat","embeddable":true,"href":"https:\/\/www.budream.com\/es\/wp-json\/wp\/v2\/product_cat?post=123328"},{"taxonomy":"product_tag","embeddable":true,"href":"https:\/\/www.budream.com\/es\/wp-json\/wp\/v2\/product_tag?post=123328"}],"curies":[{"name":"wp","href":"https:\/\/api.w.org\/{rel}","templated":true}]}}