{"id":123558,"date":"2025-07-30T16:48:48","date_gmt":"2025-07-30T14:48:48","guid":{"rendered":"https:\/\/www.budream.com\/shop\/cleanlight-hobby-unit-11w-mata-hongos-virus-y-bacterias\/"},"modified":"2025-11-25T11:47:37","modified_gmt":"2025-11-25T09:47:37","slug":"cleanlight-hobby-unit-11w-mata-hongos-virus-y-bacterias","status":"publish","type":"product","link":"https:\/\/www.budream.com\/es\/shop\/cleanlight-hobby-unit-11w-mata-hongos-virus-y-bacterias\/","title":{"rendered":"CLEANLIGHT HOBBY UNIT 11W &#8211; MATA HONGOS VIRUS Y BACTERIAS"},"content":{"rendered":"<div style=\"font-family: arial;font-size: 12px;font-style: normal;font-variant: normal;font-weight: normal;line-height: normal;text-align: justify\">La radiaci\u00f3n UV se utiliza desde hace d\u00e9cadas para la desinfecci\u00f3n del agua potable y la desinfecci\u00f3n del aire en los hospitales.<\/div>\n<div style=\"font-family: arial;font-size: 12px;font-style: normal;font-variant: normal;font-weight: normal;line-height: normal;text-align: justify\">Hoy en d\u00eda, gracias a UVSOURCE, muchos agricultores y jardineros utilizan CLEAN LIGHT para sustituir los pesticidas por esta nueva tecnolog\u00eda basada en la radiaci\u00f3n UV-C.<\/p>\n<p>Con CLEAN LIGHT HOBBY UNIT por fin puede utilizar esta tecnolog\u00eda tambi\u00e9n en casa. CLEAN LIGHT HOBBY UNIT te da la oportunidad de proteger las plantas, flores y cultivos de bacterias, mohos y virus de una forma biol\u00f3gica y respetuosa con el medio ambiente. <\/p>\n<p>De hecho, los pesticidas qu\u00edmicos pueden da\u00f1ar el medio ambiente y, desde luego, no son buenos para el sabor de los cultivos comestibles; adem\u00e1s, los pesticidas pueden ser muy perjudiciales para la salud.<\/p><\/div>\n<div style=\"text-align: justify\"><span style=\"font-size: 12px\">Utilizando CLEAN LIGHT HOBBY UNIT puede sustituir los pesticidas por dosis de rayos UV. <br \/><\/span><br \/>Los rayos UVC tienen un efecto mortal sobre virus, mohos y bacterias porque da\u00f1an la cadena de ADN e impiden que se reformen.<\/div>\n<p><span style=\"font-family: arial\"><span style=\"font-size: 12px\">\u00bfPara qu\u00e9 se puede utilizar?<\/span><\/span><br \/> <span style=\"font-family: arial\"><span style=\"font-size: 12px\"> &#8211; Plantas<\/span><\/span><br \/> <span style=\"font-family: arial\"><span style=\"font-size: 12px\"> &#8211; Flores <\/span><\/span><br \/> <span style=\"font-family: arial\"><span style=\"font-size: 12px\">&#8211; Hortalizas y legumbres <\/span><\/span><br \/> <span style=\"font-family: arial\"><span style=\"font-size: 12px\">&#8211; Frutas<\/span><\/span><br \/> <span style=\"font-family: arial\"><span style=\"font-size: 12px\"> &#8211; C\u00e9sped <\/span><\/span><\/p>\n<p> <span style=\"font-family: arial\"><span style=\"font-size: 12px\"> CLEAN LIGHT HOBBY UNIT contiene: <\/span><\/span><br \/> <span style=\"font-family: arial\"><span style=\"font-size: 12px\"> &#8211; Herramienta CleanLight<\/span><\/span><br \/> <span style=\"font-family: arial\"><span style=\"font-size: 12px\"> &#8211; L\u00e1mpara CleanLight (11 vatios)<\/span><\/span><br \/> <span style=\"font-family: arial\"><span style=\"font-size: 12px\"> &#8211; Gafas de protecci\u00f3n UV<\/span><\/span><br \/> <span style=\"font-family: arial\"><span style=\"font-size: 12px\"> &#8211; Guantes <\/span><\/span><\/p>\n<p> <span style=\"font-family: arial\"><span style=\"font-size: 12px\"> IMPORTANTE: DEBE UTILIZARSE CON LAS GAFAS Y GUANTES DE PROTECCI\u00d3N SUMINISTRADOS CON EL PRODUCTO. TODAS LAS PARTES DEL CUERPO DEBEN PROTEGERSE CON ROPA LARGA.<\/span><\/span><\/p>\n<div id=\"isChromeWebToolbarDiv\"><\/div>\n","protected":false},"excerpt":{"rendered":"<p>La radiaci\u00f3n UV se utiliza desde hace d\u00e9cadas para la desinfecci\u00f3n del agua potable y la desinfecci\u00f3n del aire en<\/p>\n","protected":false},"featured_media":123524,"comment_status":"open","ping_status":"closed","template":"","meta":[],"product_brand":[],"product_cat":[7930],"product_tag":[],"class_list":{"0":"post-123558","1":"product","2":"type-product","3":"status-publish","4":"has-post-thumbnail","6":"product_cat-antiparasitarios-y-defensa","8":"first","9":"outofstock","10":"taxable","11":"shipping-taxable","12":"purchasable","13":"product-type-simple"},"_links":{"self":[{"href":"https:\/\/www.budream.com\/es\/wp-json\/wp\/v2\/product\/123558","targetHints":{"allow":["GET"]}}],"collection":[{"href":"https:\/\/www.budream.com\/es\/wp-json\/wp\/v2\/product"}],"about":[{"href":"https:\/\/www.budream.com\/es\/wp-json\/wp\/v2\/types\/product"}],"replies":[{"embeddable":true,"href":"https:\/\/www.budream.com\/es\/wp-json\/wp\/v2\/comments?post=123558"}],"version-history":[{"count":0,"href":"https:\/\/www.budream.com\/es\/wp-json\/wp\/v2\/product\/123558\/revisions"}],"wp:featuredmedia":[{"embeddable":true,"href":"https:\/\/www.budream.com\/es\/wp-json\/wp\/v2\/media\/123524"}],"wp:attachment":[{"href":"https:\/\/www.budream.com\/es\/wp-json\/wp\/v2\/media?parent=123558"}],"wp:term":[{"taxonomy":"product_brand","embeddable":true,"href":"https:\/\/www.budream.com\/es\/wp-json\/wp\/v2\/product_brand?post=123558"},{"taxonomy":"product_cat","embeddable":true,"href":"https:\/\/www.budream.com\/es\/wp-json\/wp\/v2\/product_cat?post=123558"},{"taxonomy":"product_tag","embeddable":true,"href":"https:\/\/www.budream.com\/es\/wp-json\/wp\/v2\/product_tag?post=123558"}],"curies":[{"name":"wp","href":"https:\/\/api.w.org\/{rel}","templated":true}]}}