{"id":123568,"date":"2025-07-30T16:49:18","date_gmt":"2025-07-30T14:49:18","guid":{"rendered":"https:\/\/www.budream.com\/shop\/bioki-sulfato-de-cobre-antika-officina-botanica-500gr\/"},"modified":"2026-03-24T17:47:33","modified_gmt":"2026-03-24T15:47:33","slug":"bioki-sulfato-de-cobre-antika-officina-botanica-500gr","status":"publish","type":"product","link":"https:\/\/www.budream.com\/es\/shop\/bioki-sulfato-de-cobre-antika-officina-botanica-500gr\/","title":{"rendered":"BIOKI &#8211; SULFATO DE COBRE ANTIKA OFFICINA BOTANICA | 500gr"},"content":{"rendered":"<p>El sulfato de cobre mejora la actividad fotosint\u00e9tica como catalizador de la s\u00edntesis de clorofila; aumenta la lignificaci\u00f3n; estimula el desarrollo de ra\u00edces y brotes; aumenta la productividad de la planta; refuerza la estructura general de la planta frente al estr\u00e9s causado por plagas.<\/p>\n<p>El sulfato de cobre en tratamientos vegetativos debe neutralizarse para evitar quemaduras foliares.<\/p>\n<p>ADVERTENCIAS<\/p>\n<p>Producto de elevada solubilidad y pureza, indicado para aplicaciones foliares y radiculares. Conservar en lugar fresco y seco, a temperaturas comprendidas entre 5 y 45 grados cent\u00edgrados. Mantener alejado de la luz solar directa. No exceder la dosis adecuada. Evitar la aplicaci\u00f3n en per\u00edodos secos y durante la floraci\u00f3n. Utilizar s\u00f3lo en casos de reconocida necesidad.<\/p>\n","protected":false},"excerpt":{"rendered":"<p>El sulfato de cobre mejora la actividad fotosint\u00e9tica como catalizador de la s\u00edntesis de clorofila; aumenta la lignificaci\u00f3n; estimula el<\/p>\n","protected":false},"featured_media":123564,"comment_status":"open","ping_status":"closed","template":"","meta":[],"product_brand":[],"product_cat":[7930],"product_tag":[],"class_list":{"0":"post-123568","1":"product","2":"type-product","3":"status-publish","4":"has-post-thumbnail","6":"product_cat-antiparasitarios-y-defensa","8":"first","9":"instock","10":"taxable","11":"shipping-taxable","12":"purchasable","13":"product-type-simple"},"_links":{"self":[{"href":"https:\/\/www.budream.com\/es\/wp-json\/wp\/v2\/product\/123568","targetHints":{"allow":["GET"]}}],"collection":[{"href":"https:\/\/www.budream.com\/es\/wp-json\/wp\/v2\/product"}],"about":[{"href":"https:\/\/www.budream.com\/es\/wp-json\/wp\/v2\/types\/product"}],"replies":[{"embeddable":true,"href":"https:\/\/www.budream.com\/es\/wp-json\/wp\/v2\/comments?post=123568"}],"version-history":[{"count":0,"href":"https:\/\/www.budream.com\/es\/wp-json\/wp\/v2\/product\/123568\/revisions"}],"wp:featuredmedia":[{"embeddable":true,"href":"https:\/\/www.budream.com\/es\/wp-json\/wp\/v2\/media\/123564"}],"wp:attachment":[{"href":"https:\/\/www.budream.com\/es\/wp-json\/wp\/v2\/media?parent=123568"}],"wp:term":[{"taxonomy":"product_brand","embeddable":true,"href":"https:\/\/www.budream.com\/es\/wp-json\/wp\/v2\/product_brand?post=123568"},{"taxonomy":"product_cat","embeddable":true,"href":"https:\/\/www.budream.com\/es\/wp-json\/wp\/v2\/product_cat?post=123568"},{"taxonomy":"product_tag","embeddable":true,"href":"https:\/\/www.budream.com\/es\/wp-json\/wp\/v2\/product_tag?post=123568"}],"curies":[{"name":"wp","href":"https:\/\/api.w.org\/{rel}","templated":true}]}}