{"id":123628,"date":"2025-07-30T16:54:02","date_gmt":"2025-07-30T14:54:02","guid":{"rendered":"https:\/\/www.budream.com\/shop\/kit-illuminazione-400w-basic\/"},"modified":"2026-03-19T11:14:52","modified_gmt":"2026-03-19T09:14:52","slug":"kit-illuminazione-400w-basic","status":"publish","type":"product","link":"https:\/\/www.budream.com\/es\/shop\/kit-illuminazione-400w-basic\/","title":{"rendered":"KIT DE ILUMINACI\u00d3N HPS B\u00c1SICO DE 400W"},"content":{"rendered":"<p>Kit de iluminaci\u00f3n BASIC compuesto por:<\/p>\n<ul style=\"list-style-type: disc\">\n<li>L\u00e1mpara HPS de 400W<\/li>\n<li>SISTEMA DE ENCENDIDO 400W HPS-MH<\/li>\n<li>REFLECTOR PERFIL V MARTILLADO 47X47X10 CERTIFICADO CE<\/li>\n<\/ul>\n","protected":false},"excerpt":{"rendered":"<p>Kit de iluminaci\u00f3n BASIC compuesto por: L\u00e1mpara HPS de 400W SISTEMA DE ENCENDIDO 400W HPS-MH REFLECTOR PERFIL V MARTILLADO 47X47X10<\/p>\n","protected":false},"featured_media":123624,"comment_status":"open","ping_status":"closed","template":"","meta":[],"product_brand":[],"product_cat":[7923],"product_tag":[],"class_list":{"0":"post-123628","1":"product","2":"type-product","3":"status-publish","4":"has-post-thumbnail","6":"product_cat-growshop-es","8":"first","9":"instock","10":"taxable","11":"shipping-taxable","12":"purchasable","13":"product-type-simple"},"_links":{"self":[{"href":"https:\/\/www.budream.com\/es\/wp-json\/wp\/v2\/product\/123628","targetHints":{"allow":["GET"]}}],"collection":[{"href":"https:\/\/www.budream.com\/es\/wp-json\/wp\/v2\/product"}],"about":[{"href":"https:\/\/www.budream.com\/es\/wp-json\/wp\/v2\/types\/product"}],"replies":[{"embeddable":true,"href":"https:\/\/www.budream.com\/es\/wp-json\/wp\/v2\/comments?post=123628"}],"version-history":[{"count":1,"href":"https:\/\/www.budream.com\/es\/wp-json\/wp\/v2\/product\/123628\/revisions"}],"predecessor-version":[{"id":256157,"href":"https:\/\/www.budream.com\/es\/wp-json\/wp\/v2\/product\/123628\/revisions\/256157"}],"wp:featuredmedia":[{"embeddable":true,"href":"https:\/\/www.budream.com\/es\/wp-json\/wp\/v2\/media\/123624"}],"wp:attachment":[{"href":"https:\/\/www.budream.com\/es\/wp-json\/wp\/v2\/media?parent=123628"}],"wp:term":[{"taxonomy":"product_brand","embeddable":true,"href":"https:\/\/www.budream.com\/es\/wp-json\/wp\/v2\/product_brand?post=123628"},{"taxonomy":"product_cat","embeddable":true,"href":"https:\/\/www.budream.com\/es\/wp-json\/wp\/v2\/product_cat?post=123628"},{"taxonomy":"product_tag","embeddable":true,"href":"https:\/\/www.budream.com\/es\/wp-json\/wp\/v2\/product_tag?post=123628"}],"curies":[{"name":"wp","href":"https:\/\/api.w.org\/{rel}","templated":true}]}}