{"id":124008,"date":"2025-07-30T17:18:35","date_gmt":"2025-07-30T15:18:35","guid":{"rendered":"https:\/\/www.budream.com\/shop\/cleanlight-pro-36w\/"},"modified":"2026-03-11T19:50:16","modified_gmt":"2026-03-11T17:50:16","slug":"cleanlight-pro-36w","status":"publish","type":"product","link":"https:\/\/www.budream.com\/es\/shop\/cleanlight-pro-36w\/","title":{"rendered":"CLEANLIGHT PRO 36W"},"content":{"rendered":"<div style=\"font-family: arial;font-size: 12px;font-style: normal;font-variant: normal;font-weight: normal;line-height: normal;text-align: justify\">\u00a1\u00a1\u00a1\u00a1ARMESE CONTRA EL MOHO!!!!<\/p>\n<p>La hermana mayor de la CLEAN LIGHT HOBBY UNIT permite tratar las plantas m\u00e1s r\u00e1pidamente gracias a su mayor potencia y a la superficie que cubre en una sola pasada.<\/p>\n<p>Los rayos UV se utilizan desde hace d\u00e9cadas para la desinfecci\u00f3n del agua potable y la desinfecci\u00f3n del aire en los hospitales.<\/p><\/div>\n<div style=\"font-family: arial;font-size: 12px;font-style: normal;font-variant: normal;font-weight: normal;line-height: normal;text-align: justify\">Hoy en d\u00eda, gracias a UVSOURCE, muchos agricultores y jardineros utilizan<\/p>\n<div>LUZ LIMPIA PRO<\/div>\n<p>que, gracias a esta nueva tecnolog\u00eda basada en UV-C, puede sustituir a los pesticidas.<\/p>\n<p>Con CLEAN LIGHT PRO por fin puede utilizar esta tecnolog\u00eda tambi\u00e9n en casa. CLEAN LIGHT PRO le ofrece la oportunidad de proteger las plantas, flores y cultivos de bacterias, mohos y virus de forma biol\u00f3gica y respetuosa con el medio ambiente. <\/p>\n<p>En efecto, los pesticidas qu\u00edmicos pueden da\u00f1ar el medio ambiente y, desde luego, no son buenos para el sabor de los cultivos comestibles; adem\u00e1s, los pesticidas pueden ser muy perjudiciales para la salud.<\/p><\/div>\n<div style=\"text-align: justify\"><span style=\"font-size: 12px\">Con CLEAN LIGHT PRO puede sustituir los pesticidas por dosis de rayos UV. <br \/><\/span><br \/>Los rayos UVC tienen un efecto mortal sobre virus, mohos y bacterias porque da\u00f1an la cadena de ADN e impiden que vuelvan a formarse.<\/div>\n<p><span style=\"font-family: arial\"><span style=\"font-size: 12px\">\u00bfPara qu\u00e9 se puede utilizar?<\/span><\/span><br \/> <span style=\"font-family: arial\"><span style=\"font-size: 12px\"> &#8211; Plantas<\/span><\/span><br \/> <span style=\"font-family: arial\"><span style=\"font-size: 12px\"> &#8211; Flores <\/span><\/span><br \/> <span style=\"font-family: arial\"><span style=\"font-size: 12px\">&#8211; Hortalizas y legumbres <\/span><\/span><br \/> <span style=\"font-family: arial\"><span style=\"font-size: 12px\">&#8211; Frutas<\/span><\/span><br \/> <span style=\"font-family: arial\"><span style=\"font-size: 12px\"> &#8211; C\u00e9sped <\/span><\/span><\/p>\n<p><span style=\"font-family: arial\"><span style=\"font-size: 12px\">CLEAN LIGHT PRO contiene: <\/span><\/span><br \/> <span style=\"font-family: arial\"><span style=\"font-size: 12px\"> &#8211; Herramienta CleanLight<\/span><\/span><br \/> <span style=\"font-family: arial\"><span style=\"font-size: 12px\"> &#8211; L\u00e1mpara CleanLight (36 vatios)<\/span><\/span><br \/> <span style=\"font-family: arial\"><span style=\"font-size: 12px\"> &#8211; Gafas de protecci\u00f3n UV<\/span><\/span><br \/> <span style=\"font-family: arial\"><span style=\"font-size: 12px\"> &#8211; Guantes <\/span><\/span><\/p>\n<p> <span style=\"font-family: arial\"><span style=\"font-size: 12px\"> IMPORTANTE: DEBE UTILIZARSE CON LAS GAFAS Y GUANTES DE PROTECCI\u00d3N SUMINISTRADOS CON EL PRODUCTO. TODAS LAS PARTES DEL CUERPO DEBEN PROTEGERSE CON ROPA LARGA.<\/span><\/span><\/p>\n<div id=\"isChromeWebToolbarDiv\"><\/div>\n","protected":false},"excerpt":{"rendered":"<p>\u00a1\u00a1\u00a1\u00a1ARMESE CONTRA EL MOHO!!!! La hermana mayor de la CLEAN LIGHT HOBBY UNIT permite tratar las plantas m\u00e1s r\u00e1pidamente gracias<\/p>\n","protected":false},"featured_media":123524,"comment_status":"open","ping_status":"closed","template":"","meta":[],"product_brand":[],"product_cat":[7930],"product_tag":[],"class_list":{"0":"post-124008","1":"product","2":"type-product","3":"status-publish","4":"has-post-thumbnail","6":"product_cat-antiparasitarios-y-defensa","8":"first","9":"instock","10":"taxable","11":"shipping-taxable","12":"purchasable","13":"product-type-simple"},"_links":{"self":[{"href":"https:\/\/www.budream.com\/es\/wp-json\/wp\/v2\/product\/124008","targetHints":{"allow":["GET"]}}],"collection":[{"href":"https:\/\/www.budream.com\/es\/wp-json\/wp\/v2\/product"}],"about":[{"href":"https:\/\/www.budream.com\/es\/wp-json\/wp\/v2\/types\/product"}],"replies":[{"embeddable":true,"href":"https:\/\/www.budream.com\/es\/wp-json\/wp\/v2\/comments?post=124008"}],"version-history":[{"count":0,"href":"https:\/\/www.budream.com\/es\/wp-json\/wp\/v2\/product\/124008\/revisions"}],"wp:featuredmedia":[{"embeddable":true,"href":"https:\/\/www.budream.com\/es\/wp-json\/wp\/v2\/media\/123524"}],"wp:attachment":[{"href":"https:\/\/www.budream.com\/es\/wp-json\/wp\/v2\/media?parent=124008"}],"wp:term":[{"taxonomy":"product_brand","embeddable":true,"href":"https:\/\/www.budream.com\/es\/wp-json\/wp\/v2\/product_brand?post=124008"},{"taxonomy":"product_cat","embeddable":true,"href":"https:\/\/www.budream.com\/es\/wp-json\/wp\/v2\/product_cat?post=124008"},{"taxonomy":"product_tag","embeddable":true,"href":"https:\/\/www.budream.com\/es\/wp-json\/wp\/v2\/product_tag?post=124008"}],"curies":[{"name":"wp","href":"https:\/\/api.w.org\/{rel}","templated":true}]}}