{"id":124023,"date":"2025-07-30T17:19:04","date_gmt":"2025-07-30T15:19:04","guid":{"rendered":"https:\/\/www.budream.com\/shop\/luz-limpia-purificador-de-agua-40w-uvc\/"},"modified":"2025-10-14T15:08:07","modified_gmt":"2025-10-14T13:08:07","slug":"luz-limpia-purificador-de-agua-40w-uvc","status":"publish","type":"product","link":"https:\/\/www.budream.com\/es\/shop\/luz-limpia-purificador-de-agua-40w-uvc\/","title":{"rendered":"LUZ LIMPIA PURIFICADOR DE AGUA 40W UVC"},"content":{"rendered":"<div><span style=\"font-size: 10pt;font-family: Arial\"><span style=\"font-family: Arial;font-size: 13px\">El purificador CLEAN LIGHT WATER PURIFIER 40 elimina BACTERIAS, VIRUS, ALGAS y AGENTES MICOTICOS (hongos) del agua tratada; la l\u00e1mpara UV-C en el interior del purificador tiene una acci\u00f3n esterilizante, garantizando as\u00ed un agua de alta pureza.<\/p>\n<p><\/span><\/span><\/p>\n<div>CLEAN LIGHT WATER PURIFIER <span style=\"font-size: 10pt\">lleva incorporado un balasto electr\u00f3nico de alta frecuencia que absorbe las fluctuaciones de corriente, protegiendo as\u00ed la l\u00e1mpara. <\/span> <\/p>\n<p>CLEAN LIGHT WATER PURIFIER <span style=\"font-size: 10pt\">tambi\u00e9n incluye un contador integrado que controla con precisi\u00f3n el n\u00famero de horas de funcionamiento, lo que permite saber exactamente cu\u00e1ndo es necesario sustituir la l\u00e1mpara.<\/span><\/div>\n<\/div>\n<div><span style=\"font-size: 11px\"> <\/span><\/div>\n<div><span style=\"font-size: 10pt;font-family: Arial\">Su construcci\u00f3n de acero inoxidable refleja la radiaci\u00f3n UV-C emitida por la l\u00e1mpara, aumentando la eficacia en un 35%. <\/span><\/div>\n<div><span style=\"font-size: 11px\"> <\/span><\/div>\n<div><span style=\"font-size: 10pt;font-family: Arial\">Ventajas del tratamiento UV-C del agua:<\/span><\/div>\n<div><span style=\"font-size: 11px\"> <\/span><\/div>\n<div><span style=\"font-size: 10pt;font-family: Arial\">&#8211; Garantiza agua fresca y limpia;<\/span><\/div>\n<div><span style=\"font-family: Arial;font-size: 10pt\">&#8211; Desinfecta el agua de forma eficaz y segura;<\/span><\/div>\n<div><span style=\"font-family: Arial;font-size: 10pt\">&#8211; Elimina el moho, las bacterias y las algas;<\/span><\/div>\n<div><span style=\"font-family: Arial;font-size: 10pt\">&#8211; Puede reducir el uso de cloro y otros productos qu\u00edmicos hasta en un 80%.<\/span><\/div>\n<div><span style=\"font-family: Arial;font-size: 10pt\"><br \/>Ventajas <\/span><span style=\"font-family: Arial;font-size: 13px\">del CLEAN LIGHT WATER PURIFIER 40<\/span><span style=\"font-family: Arial;font-size: 10pt\">:<\/span><\/div>\n<div><span style=\"font-size: 11px\"> <\/span><\/div>\n<div><span style=\"font-size: 10pt;font-family: Arial\">&#8211; Aumento del 35 % de la radiaci\u00f3n UV-C;<\/span><\/div>\n<div><span style=\"font-family: Arial;font-size: 10pt\">&#8211; Vida \u00fatil de la l\u00e1mpara de 9000 horas;<\/span><\/div>\n<div><span style=\"font-family: Arial;font-size: 10pt\">&#8211; Contador de tiempo ajustable integrado para la l\u00e1mpara UV-C;<\/span><\/div>\n<div><span style=\"font-family: Arial;font-size: 10pt\">&#8211; Indicaci\u00f3n digital de cu\u00e1ndo debe sustituirse la l\u00e1mpara;<\/span><\/div>\n<div><span style=\"font-family: Arial;font-size: 10pt\">&#8211; Carcasa de acero inoxidable;<\/span><\/div>\n<div><span style=\"font-family: Arial;font-size: 10pt\">&#8211; F\u00e1cil instalaci\u00f3n y mantenimiento;<\/span><\/div>\n<div><span style=\"font-family: Arial;font-size: 10pt\">&#8211; 2 a\u00f1os de garant\u00eda contra defectos de fabricaci\u00f3n;<\/span><\/div>\n<div><span style=\"font-family: Arial;font-size: 10pt\">&#8211; Accesorios de montaje de 63 mm y 50 mm de di\u00e1metro incluidos;<\/span><\/div>\n<div><span style=\"font-size: 11px\"> <\/span><\/div>\n<div><span style=\"font-size: 10pt;font-family: Arial\">Este <\/span><span style=\"font-family: Arial;font-size: 13px\">purificador de agua CLEAN LIGHT WATER PURIFIER<\/span><span style=\"font-size: 10pt;font-family: Arial\"> 40 puede utilizarse para la desinfecci\u00f3n del agua en cultivos hidrop\u00f3nicos y fertirrigaci\u00f3n, en el tratamiento del agua de piscinas, ba\u00f1eras u otras instalaciones<\/span>.<span style=\"font-size: 10pt;font-family: Arial\"> <\/p>\n<p><\/span><\/div>\n<div><span style=\"font-size: 10pt;font-family: Arial\">Especificaciones t\u00e9cnicas:<\/span><\/div>\n<div><span style=\"font-size: 11px\"> <\/span><\/div>\n<div><span style=\"font-size: 10pt;font-family: Arial\">&#8211; UV- C Timer 40.000 L<\/span><span style=\"font-family: Arial;font-size: 10pt\"><br \/><\/span>&#8211; <span style=\"font-size: 10pt;font-family: Arial\"> L\u00e1mpara: <\/span><span style=\"font-family: Arial;font-size: 10pt\">UV- C<\/span><span style=\"font-family: Arial;font-size: 10pt\">de 40 vatios <\/span><\/div>\n<div>&#8211;<span style=\"font-size: 10pt;font-family: Arial\"> Caudal m\u00e1ximo <\/span><span style=\"font-family: Arial;font-size: 10pt\">: 20.000 L\/h<br \/><\/span><\/div>\n<div><span style=\"font-family: Arial;font-size: 10pt\">&#8211; Presi\u00f3n m\u00e1xima: 2 BAR<br \/>&#8211; Conexi\u00f3n: 63-50mm<\/p>\n<p><\/span><span style=\"font-family: Arial;font-size: 10pt\"><br \/><\/span><\/div>\n","protected":false},"excerpt":{"rendered":"<p>El purificador CLEAN LIGHT WATER PURIFIER 40 elimina BACTERIAS, VIRUS, ALGAS y AGENTES MICOTICOS (hongos) del agua tratada; la l\u00e1mpara<\/p>\n","protected":false},"featured_media":124014,"comment_status":"open","ping_status":"closed","template":"","meta":[],"product_brand":[],"product_cat":[7930],"product_tag":[],"class_list":{"0":"post-124023","1":"product","2":"type-product","3":"status-publish","4":"has-post-thumbnail","6":"product_cat-antiparasitarios-y-defensa","8":"first","9":"outofstock","10":"taxable","11":"shipping-taxable","12":"purchasable","13":"product-type-simple"},"_links":{"self":[{"href":"https:\/\/www.budream.com\/es\/wp-json\/wp\/v2\/product\/124023","targetHints":{"allow":["GET"]}}],"collection":[{"href":"https:\/\/www.budream.com\/es\/wp-json\/wp\/v2\/product"}],"about":[{"href":"https:\/\/www.budream.com\/es\/wp-json\/wp\/v2\/types\/product"}],"replies":[{"embeddable":true,"href":"https:\/\/www.budream.com\/es\/wp-json\/wp\/v2\/comments?post=124023"}],"version-history":[{"count":0,"href":"https:\/\/www.budream.com\/es\/wp-json\/wp\/v2\/product\/124023\/revisions"}],"wp:featuredmedia":[{"embeddable":true,"href":"https:\/\/www.budream.com\/es\/wp-json\/wp\/v2\/media\/124014"}],"wp:attachment":[{"href":"https:\/\/www.budream.com\/es\/wp-json\/wp\/v2\/media?parent=124023"}],"wp:term":[{"taxonomy":"product_brand","embeddable":true,"href":"https:\/\/www.budream.com\/es\/wp-json\/wp\/v2\/product_brand?post=124023"},{"taxonomy":"product_cat","embeddable":true,"href":"https:\/\/www.budream.com\/es\/wp-json\/wp\/v2\/product_cat?post=124023"},{"taxonomy":"product_tag","embeddable":true,"href":"https:\/\/www.budream.com\/es\/wp-json\/wp\/v2\/product_tag?post=124023"}],"curies":[{"name":"wp","href":"https:\/\/api.w.org\/{rel}","templated":true}]}}