{"id":124138,"date":"2025-07-30T17:27:49","date_gmt":"2025-07-30T15:27:49","guid":{"rendered":"https:\/\/www.budream.com\/shop\/bomba-de-presion-para-tratamiento-foliar-watermaster-5l\/"},"modified":"2026-03-26T15:25:53","modified_gmt":"2026-03-26T13:25:53","slug":"bomba-de-presion-para-tratamiento-foliar-watermaster-5l","status":"publish","type":"product","link":"https:\/\/www.budream.com\/es\/shop\/bomba-de-presion-para-tratamiento-foliar-watermaster-5l\/","title":{"rendered":"BOMBA DE PRESION PARA TRATAMIENTO FOLIAR WATERMASTER 5L"},"content":{"rendered":"<p>Bomba de mochila profesional con funcionamiento a presi\u00f3n. <br \/>Volumen de carga 5 litros. <br \/>La peculiaridad de estas bombas es que, una vez introducida la soluci\u00f3n a pulverizar, es necesario bombear aire en su interior a trav\u00e9s de una palanca especial. Una vez realizada esta operaci\u00f3n elemental, basta con pulsar el bot\u00f3n dispensador para atomizar la soluci\u00f3n contenida. <\/p>\n<p>Equipada con una lanza de pl\u00e1stico de 50 cm de longitud y una boquilla ajustable para ensanchar o estrechar el flujo de la soluci\u00f3n dispensada.<\/p>\n","protected":false},"excerpt":{"rendered":"<p>Bomba de mochila profesional con funcionamiento a presi\u00f3n. Volumen de carga 5 litros. La peculiaridad de estas bombas es que,<\/p>\n","protected":false},"featured_media":124134,"comment_status":"open","ping_status":"closed","template":"","meta":[],"product_brand":[],"product_cat":[7930],"product_tag":[],"class_list":{"0":"post-124138","1":"product","2":"type-product","3":"status-publish","4":"has-post-thumbnail","6":"product_cat-antiparasitarios-y-defensa","8":"first","9":"instock","10":"taxable","11":"shipping-taxable","12":"purchasable","13":"product-type-simple"},"aioseo_notices":[],"_links":{"self":[{"href":"https:\/\/www.budream.com\/es\/wp-json\/wp\/v2\/product\/124138","targetHints":{"allow":["GET"]}}],"collection":[{"href":"https:\/\/www.budream.com\/es\/wp-json\/wp\/v2\/product"}],"about":[{"href":"https:\/\/www.budream.com\/es\/wp-json\/wp\/v2\/types\/product"}],"replies":[{"embeddable":true,"href":"https:\/\/www.budream.com\/es\/wp-json\/wp\/v2\/comments?post=124138"}],"version-history":[{"count":0,"href":"https:\/\/www.budream.com\/es\/wp-json\/wp\/v2\/product\/124138\/revisions"}],"wp:featuredmedia":[{"embeddable":true,"href":"https:\/\/www.budream.com\/es\/wp-json\/wp\/v2\/media\/124134"}],"wp:attachment":[{"href":"https:\/\/www.budream.com\/es\/wp-json\/wp\/v2\/media?parent=124138"}],"wp:term":[{"taxonomy":"product_brand","embeddable":true,"href":"https:\/\/www.budream.com\/es\/wp-json\/wp\/v2\/product_brand?post=124138"},{"taxonomy":"product_cat","embeddable":true,"href":"https:\/\/www.budream.com\/es\/wp-json\/wp\/v2\/product_cat?post=124138"},{"taxonomy":"product_tag","embeddable":true,"href":"https:\/\/www.budream.com\/es\/wp-json\/wp\/v2\/product_tag?post=124138"}],"curies":[{"name":"wp","href":"https:\/\/api.w.org\/{rel}","templated":true}]}}