{"id":124398,"date":"2025-07-30T17:48:11","date_gmt":"2025-07-30T15:48:11","guid":{"rendered":"https:\/\/www.budream.com\/shop\/rothenberger-bomba-de-vacio-roairvac-6-cfm-170l-min\/"},"modified":"2025-12-18T18:11:39","modified_gmt":"2025-12-18T16:11:39","slug":"rothenberger-bomba-de-vacio-roairvac-6-cfm-170l-min","status":"publish","type":"product","link":"https:\/\/www.budream.com\/es\/shop\/rothenberger-bomba-de-vacio-roairvac-6-cfm-170l-min\/","title":{"rendered":"ROTHENBERGER &#8211; BOMBA DE VAC\u00cdO ROAIRVAC | 6 CFM (170L\/MIN)"},"content":{"rendered":"<p><span style=\"font-size: 12pt\">Bomba de vac\u00edo profesional Rothenberger con vacu\u00f3metro e interruptor de seguridad incorporados. Bomba de vac\u00edo Roairvac 6 CFM 170 L\/min.<\/span><\/p>\n<h2><span style=\"text-decoration: underline\"><br \/><strong>Caracter\u00edsticas principales de<\/strong> la<strong>bomba de vac\u00edo<\/strong> Rothenberger:<\/span><\/h2>\n<ul style=\"list-style-type: disc\">\n<li><span style=\"font-size: 12pt\">Protecci\u00f3n de los componentes internos en una construcci\u00f3n ligera;<\/span><\/li>\n<li><span style=\"font-size: 12pt\">V\u00e1lvula solenoide para proteger el ciclo de refrigeraci\u00f3n de fugas de aceite durante falsos arranques;<\/span><\/li>\n<li><span style=\"font-size: 12pt\">Vacu\u00f3metro con man\u00f3metro integrado;<\/span><\/li>\n<li><span style=\"font-size: 12pt\">V\u00e1lvula de escape para la reducci\u00f3n de vapores en el dep\u00f3sito de aceite, los gases pueden eliminarse f\u00e1cilmente;<\/span><\/li>\n<li><span style=\"font-size: 12pt\">Filtro especial para reducir los residuos de aceite en el tubo de escape;<\/span><\/li>\n<li><span style=\"font-size: 12pt\">F\u00e1cil lectura del nivel de aceite a trav\u00e9s de la mirilla de cristal;<\/span><\/li>\n<li><span style=\"font-size: 12pt\">Llenado de aceite f\u00e1cil y r\u00e1pido sin necesidad de embudos especiales;<\/span><\/li>\n<li><span style=\"font-size: 12pt\">Interruptor de seguridad para evitar el sobrecalentamiento del motor;<\/span><\/li>\n<li><span style=\"font-size: 11px\"><span style=\"font-size: 12pt\">F\u00e1cil acceso al tap\u00f3n de vaciado de aceite;<\/span><\/span><span style=\"font-size: 11px\"><span style=\"font-size: 11px\"><br \/><\/span><\/span><\/li>\n<\/ul>\n<h2><span style=\"text-decoration: underline\"><br \/><strong>Especificaciones t\u00e9cnicas Bomba de vac\u00edo Rothenberger :<\/strong><\/span><\/h2>\n<ul style=\"list-style-type: disc\">\n<li><span style=\"font-size: 12pt\"><strong>Tensi\u00f3n:<\/strong> 230 V<\/span><\/li>\n<li><span style=\"font-size: 12pt\"><strong>Motor:<\/strong> 375 W<\/span><\/li>\n<li><span style=\"font-size: 12pt\"><strong>Rotaciones por minuto:<\/strong> 3440 r\/m<\/span><\/li>\n<li><span style=\"font-size: 12pt\"><strong>Peso del producto<\/strong>: 11,5 kg<\/span><\/li>\n<li><span style=\"font-size: 12pt\"><strong>Frecuencia:<\/strong> 50\/60 Hz<\/span><\/li>\n<li><span style=\"font-size: 12pt\"><strong>Nivel de vac\u00edo:<\/strong> 25 micras<\/span><\/li>\n<li><span style=\"font-size: 12pt\"><strong>Vac\u00edo final:<\/strong> 0,034 mbar<\/span><\/li>\n<li><span style=\"font-size: 12pt\"><strong>Caudal en metros c\u00fabicos:<\/strong> 10,2 m&sup3;\/h<\/span><\/li>\n<li><span style=\"font-size: 12pt\"><strong>Caudal de la bomba:<\/strong> 170 l\/min m\u00e1x.<\/span><\/li>\n<li><span style=\"font-size: 12pt\"><strong>Caudal (en CFM):<\/strong> 6,0 CFM<\/span><\/li>\n<li><span style=\"font-size: 12pt\"><strong>Capacidad:<\/strong> 330 ml<\/span><\/li>\n<li><span style=\"font-size: 12pt\"><strong>Man\u00f3metro &Oslash;:<\/strong> 50 mm<\/span><\/li>\n<li><span style=\"font-size: 12pt\"><strong>Conexi\u00f3n:<\/strong> 1\/4 pulgada<br \/> <\/span><\/li>\n<\/ul>\n","protected":false},"excerpt":{"rendered":"<p>Bomba de vac\u00edo profesional Rothenberger con vacu\u00f3metro e interruptor de seguridad incorporados. Bomba de vac\u00edo Roairvac 6 CFM 170 L\/min.<\/p>\n","protected":false},"featured_media":124384,"comment_status":"open","ping_status":"closed","template":"","meta":[],"product_brand":[],"product_cat":[7948],"product_tag":[],"class_list":{"0":"post-124398","1":"product","2":"type-product","3":"status-publish","4":"has-post-thumbnail","6":"product_cat-headshop-es","8":"first","9":"instock","10":"taxable","11":"shipping-taxable","12":"purchasable","13":"product-type-simple"},"_links":{"self":[{"href":"https:\/\/www.budream.com\/es\/wp-json\/wp\/v2\/product\/124398","targetHints":{"allow":["GET"]}}],"collection":[{"href":"https:\/\/www.budream.com\/es\/wp-json\/wp\/v2\/product"}],"about":[{"href":"https:\/\/www.budream.com\/es\/wp-json\/wp\/v2\/types\/product"}],"replies":[{"embeddable":true,"href":"https:\/\/www.budream.com\/es\/wp-json\/wp\/v2\/comments?post=124398"}],"version-history":[{"count":0,"href":"https:\/\/www.budream.com\/es\/wp-json\/wp\/v2\/product\/124398\/revisions"}],"wp:featuredmedia":[{"embeddable":true,"href":"https:\/\/www.budream.com\/es\/wp-json\/wp\/v2\/media\/124384"}],"wp:attachment":[{"href":"https:\/\/www.budream.com\/es\/wp-json\/wp\/v2\/media?parent=124398"}],"wp:term":[{"taxonomy":"product_brand","embeddable":true,"href":"https:\/\/www.budream.com\/es\/wp-json\/wp\/v2\/product_brand?post=124398"},{"taxonomy":"product_cat","embeddable":true,"href":"https:\/\/www.budream.com\/es\/wp-json\/wp\/v2\/product_cat?post=124398"},{"taxonomy":"product_tag","embeddable":true,"href":"https:\/\/www.budream.com\/es\/wp-json\/wp\/v2\/product_tag?post=124398"}],"curies":[{"name":"wp","href":"https:\/\/api.w.org\/{rel}","templated":true}]}}