{"id":124428,"date":"2025-07-30T17:49:49","date_gmt":"2025-07-30T15:49:49","guid":{"rendered":"https:\/\/www.budream.com\/shop\/manguera-de-presion-para-bomba-de-vacio-1-4-longitud-1-5m\/"},"modified":"2025-12-18T18:12:04","modified_gmt":"2025-12-18T16:12:04","slug":"manguera-de-presion-para-bomba-de-vacio-1-4-longitud-1-5m","status":"publish","type":"product","link":"https:\/\/www.budream.com\/es\/shop\/manguera-de-presion-para-bomba-de-vacio-1-4-longitud-1-5m\/","title":{"rendered":"MANGUERA DE PRESION PARA BOMBA DE VACIO 1\/4 LONGITUD 1.5M"},"content":{"rendered":"<p><span style=\"color: #222222\">Tubo de conexi\u00f3n entre la bomba de vac\u00edo y el secador de metacrilato.<br \/>necesita el c\u00f3digo 924099 para la conexi\u00f3n al secador.<\/span><\/p>\n","protected":false},"excerpt":{"rendered":"<p>Tubo de conexi\u00f3n entre la bomba de vac\u00edo y el secador de metacrilato.necesita el c\u00f3digo 924099 para la conexi\u00f3n al<\/p>\n","protected":false},"featured_media":124424,"comment_status":"open","ping_status":"closed","template":"","meta":[],"product_brand":[],"product_cat":[7948],"product_tag":[],"class_list":{"0":"post-124428","1":"product","2":"type-product","3":"status-publish","4":"has-post-thumbnail","6":"product_cat-headshop-es","8":"first","9":"instock","10":"taxable","11":"shipping-taxable","12":"purchasable","13":"product-type-simple"},"_links":{"self":[{"href":"https:\/\/www.budream.com\/es\/wp-json\/wp\/v2\/product\/124428","targetHints":{"allow":["GET"]}}],"collection":[{"href":"https:\/\/www.budream.com\/es\/wp-json\/wp\/v2\/product"}],"about":[{"href":"https:\/\/www.budream.com\/es\/wp-json\/wp\/v2\/types\/product"}],"replies":[{"embeddable":true,"href":"https:\/\/www.budream.com\/es\/wp-json\/wp\/v2\/comments?post=124428"}],"version-history":[{"count":0,"href":"https:\/\/www.budream.com\/es\/wp-json\/wp\/v2\/product\/124428\/revisions"}],"wp:featuredmedia":[{"embeddable":true,"href":"https:\/\/www.budream.com\/es\/wp-json\/wp\/v2\/media\/124424"}],"wp:attachment":[{"href":"https:\/\/www.budream.com\/es\/wp-json\/wp\/v2\/media?parent=124428"}],"wp:term":[{"taxonomy":"product_brand","embeddable":true,"href":"https:\/\/www.budream.com\/es\/wp-json\/wp\/v2\/product_brand?post=124428"},{"taxonomy":"product_cat","embeddable":true,"href":"https:\/\/www.budream.com\/es\/wp-json\/wp\/v2\/product_cat?post=124428"},{"taxonomy":"product_tag","embeddable":true,"href":"https:\/\/www.budream.com\/es\/wp-json\/wp\/v2\/product_tag?post=124428"}],"curies":[{"name":"wp","href":"https:\/\/api.w.org\/{rel}","templated":true}]}}