{"id":124518,"date":"2025-07-30T17:55:21","date_gmt":"2025-07-30T15:55:21","guid":{"rendered":"https:\/\/www.budream.com\/shop\/pandoras-pot-vaso-in-plastica-leggera-50pz-18x20x45h-cm-125l\/"},"modified":"2026-01-07T17:38:53","modified_gmt":"2026-01-07T15:38:53","slug":"pandoras-pot-vaso-in-plastica-leggera-50pz-18x20x45h-cm-125l","status":"publish","type":"product","link":"https:\/\/www.budream.com\/es\/shop\/pandoras-pot-vaso-in-plastica-leggera-50pz-18x20x45h-cm-125l\/","title":{"rendered":"PANDORA&#8217;S POT &#8211; LIGHT PLASTIC POT 50pcs. | 18x20x45h cm &#8211; 12.5L"},"content":{"rendered":"<p>PANDORA es un sistema patentado que sustituye las macetas normales de jardiner\u00eda y viveros por contenedores modulares plegables de pl\u00e1stico ligero, capaces de satisfacer todas las necesidades de cultivo: desde la producci\u00f3n de peque\u00f1as plantas (a partir de semillas o clones), hasta el cultivo y floraci\u00f3n de hortalizas, as\u00ed como el mantenimiento de plantas madre. Adem\u00e1s, su versatilidad hace que puedan utilizarse con cualquier tipo de sustrato y\/o t\u00e9cnica de cultivo (tierra\/suelo\/insertos para hidropon\u00eda).<\/p>\n<p>Las ventajas de PANDORA son f\u00e1ciles de adivinar y se pueden expresar de la siguiente manera:<\/p>\n<ul>\n<li><strong>M\u00e1s baratas que las macetas tradicionales<\/strong><\/li>\n<li><strong>M\u00e1s discretas <\/strong><\/li>\n<li><strong>M\u00e1s inteligente<\/strong><\/li>\n<li><strong>Menos voluminosos<\/strong><\/li>\n<li><strong>Menos contaminante<\/strong><\/li>\n<li><strong>Menos pesados<\/strong><\/li>\n<li><strong>Menos costosos de transportar<\/strong><\/li>\n<\/ul>\n<p>La forma de estos contenedores ha sido dise\u00f1ada para permitir un uso racional del espacio de cultivo aprovechando la recuperaci\u00f3n de espacio que normalmente se desperdicia con las macetas r\u00edgidas tradicionales.<br \/>Todo ello se traduce en un aumento considerable del volumen disponible para las ra\u00edces para el mismo n\u00famero de metros cuadrados cultivados, un factor que no debe descuidarse en la producci\u00f3n intensiva, ya que aporta ganancias en t\u00e9rminos de rendimiento tanto en el cultivo de interior como de exterior.<\/p>\n<p>En la pr\u00e1ctica, la perfecta modularidad y la extrema cohesi\u00f3n entre los elementos individuales hacen que PANDORA pueda recrear un espacio similar a un terrario en cualquier lugar, pero con la posibilidad de separar los elementos individuales siempre que el consumidor lo desee, por ejemplo cuando una planta enferma o es menos vigorosa que las dem\u00e1s.<\/p>\n<p>Otras ventajas de PANDORA que no deben pasarse por alto son, en primer lugar, su practicidad antes, durante y despu\u00e9s de su uso, ya que puede lavarse c\u00f3modamente y almacenarse en peque\u00f1os vol\u00famenes. De hecho, una PANDORA puede plegarse f\u00e1cilmente en cualquier lugar, eliminando as\u00ed el desorden de las macetas durante el transporte, as\u00ed como cuando no se utilizan temporalmente.<br \/>Es f\u00e1cil ver que este punto concierne tanto a quienes tienen un negocio y no disponen de espacio para almacenarlos como al simple consumidor, que podr\u00e1 liberar el armario donde suele guardar los tarros que no utiliza.<\/p>\n","protected":false},"excerpt":{"rendered":"<p>PANDORA es un sistema patentado que sustituye las macetas normales de jardiner\u00eda y viveros por contenedores modulares plegables de pl\u00e1stico<\/p>\n","protected":false},"featured_media":124514,"comment_status":"open","ping_status":"closed","template":"","meta":[],"product_brand":[],"product_cat":[7923],"product_tag":[],"class_list":{"0":"post-124518","1":"product","2":"type-product","3":"status-publish","4":"has-post-thumbnail","6":"product_cat-growshop-es","8":"first","9":"instock","10":"taxable","11":"shipping-taxable","12":"purchasable","13":"product-type-simple"},"_links":{"self":[{"href":"https:\/\/www.budream.com\/es\/wp-json\/wp\/v2\/product\/124518","targetHints":{"allow":["GET"]}}],"collection":[{"href":"https:\/\/www.budream.com\/es\/wp-json\/wp\/v2\/product"}],"about":[{"href":"https:\/\/www.budream.com\/es\/wp-json\/wp\/v2\/types\/product"}],"replies":[{"embeddable":true,"href":"https:\/\/www.budream.com\/es\/wp-json\/wp\/v2\/comments?post=124518"}],"version-history":[{"count":0,"href":"https:\/\/www.budream.com\/es\/wp-json\/wp\/v2\/product\/124518\/revisions"}],"wp:featuredmedia":[{"embeddable":true,"href":"https:\/\/www.budream.com\/es\/wp-json\/wp\/v2\/media\/124514"}],"wp:attachment":[{"href":"https:\/\/www.budream.com\/es\/wp-json\/wp\/v2\/media?parent=124518"}],"wp:term":[{"taxonomy":"product_brand","embeddable":true,"href":"https:\/\/www.budream.com\/es\/wp-json\/wp\/v2\/product_brand?post=124518"},{"taxonomy":"product_cat","embeddable":true,"href":"https:\/\/www.budream.com\/es\/wp-json\/wp\/v2\/product_cat?post=124518"},{"taxonomy":"product_tag","embeddable":true,"href":"https:\/\/www.budream.com\/es\/wp-json\/wp\/v2\/product_tag?post=124518"}],"curies":[{"name":"wp","href":"https:\/\/api.w.org\/{rel}","templated":true}]}}