{"id":124548,"date":"2025-07-30T17:57:00","date_gmt":"2025-07-30T15:57:00","guid":{"rendered":"https:\/\/www.budream.com\/shop\/arizer-vaporizador-v-tower\/"},"modified":"2026-01-19T11:29:08","modified_gmt":"2026-01-19T09:29:08","slug":"arizer-vaporizador-v-tower","status":"publish","type":"product","link":"https:\/\/www.budream.com\/es\/shop\/arizer-vaporizador-v-tower\/","title":{"rendered":"ARIZER &#8211; VAPORIZADOR V-TOWER"},"content":{"rendered":"<p>Dise\u00f1ado con la eficiencia en mente, el <strong>V-Tower<\/strong> ofrece un sabroso vapor en cada sesi\u00f3n y es super f\u00e1cil de usar; El taz\u00f3n Cyclone le permite controlar eficazmente la dosis y obtener el m\u00e1ximo provecho de sus productos bot\u00e1nicos.<br \/>El <strong>V-Tower<\/strong> viene con una cazoleta de cristal de tama\u00f1o perfecto: la cazoleta est\u00e1 colocada verticalmente permitiendo que el aire se distribuya de manera uniforme y eficaz a trav\u00e9s del material, liberando un vapor rico y potente.<br \/>El tubo de silicona de grado alimentario garantiza un vapor fresco, dulce y sabroso; sin sabor a goma o pl\u00e1stico.<\/p>\n<p>El Arizer V-Tower es un <strong>aparato multiusos<\/strong> que puede ser utilizado como vaporizador, difusor de aceites esenciales y aparato de aromaterapia:<br \/>Utiliza el sistema de tubos para la extracci\u00f3n directa o refresca y crea ambiente con la funci\u00f3n de Aromaterapia y el recipiente de cristal.<br \/>La pantalla y los controles intuitivos simplifican su experiencia;<\/p>\n<p>Las luces LED muestran el estado del vaporizador, mientras que el <strong>panel de control LED<\/strong> del sistema muestra la temperatura actual y establecida tanto en grados Celsius como Fahrenheit y el temporizador de apagado.<\/p>\n<h2><span style=\"text-decoration: underline\">Caracter\u00edsticas del ARIZER- V-TOWER:<br \/><\/span><\/h2>\n<ul style=\"list-style-type: disc\">\n<li>aparato polivalente: uso directo o aromaterapia ambiental<\/li>\n<li>brasero de vidrio borosilicato<\/li>\n<li>manguera de silicona m\u00e9dica\/alimentaria<\/li>\n<li>pantalla intuitiva<\/li>\n<li>f\u00e1cil limpieza<\/li>\n<li>temporizador de apagado autom\u00e1tico<\/li>\n<\/ul>\n<p><span style=\"text-decoration: underline\"><strong>INCLUIDO EN LA CAJA<\/strong><strong>:<\/strong><\/span><\/p>\n<ul style=\"list-style-type: disc\">\n<li>Arizer V-Tower<\/li>\n<li>recipiente de aromaterapia<\/li>\n<li>Recipiente cicl\u00f3nico<\/li>\n<li>1 Paquete de repuesto de malla filtrante de acero inoxidable<\/li>\n<li>1 Herramienta de mezcla<\/li>\n<li>Manguera de silicona con extremo de vidrio y adaptador<\/li>\n<li>Manual del usuario<\/li>\n<\/ul>\n","protected":false},"excerpt":{"rendered":"<p>Dise\u00f1ado con la eficiencia en mente, el V-Tower ofrece un sabroso vapor en cada sesi\u00f3n y es super f\u00e1cil de<\/p>\n","protected":false},"featured_media":124534,"comment_status":"open","ping_status":"closed","template":"","meta":[],"product_brand":[],"product_cat":[7908],"product_tag":[],"class_list":{"0":"post-124548","1":"product","2":"type-product","3":"status-publish","4":"has-post-thumbnail","6":"product_cat-vaporizadores","8":"first","9":"instock","10":"taxable","11":"shipping-taxable","12":"purchasable","13":"product-type-simple"},"_links":{"self":[{"href":"https:\/\/www.budream.com\/es\/wp-json\/wp\/v2\/product\/124548","targetHints":{"allow":["GET"]}}],"collection":[{"href":"https:\/\/www.budream.com\/es\/wp-json\/wp\/v2\/product"}],"about":[{"href":"https:\/\/www.budream.com\/es\/wp-json\/wp\/v2\/types\/product"}],"replies":[{"embeddable":true,"href":"https:\/\/www.budream.com\/es\/wp-json\/wp\/v2\/comments?post=124548"}],"version-history":[{"count":0,"href":"https:\/\/www.budream.com\/es\/wp-json\/wp\/v2\/product\/124548\/revisions"}],"wp:featuredmedia":[{"embeddable":true,"href":"https:\/\/www.budream.com\/es\/wp-json\/wp\/v2\/media\/124534"}],"wp:attachment":[{"href":"https:\/\/www.budream.com\/es\/wp-json\/wp\/v2\/media?parent=124548"}],"wp:term":[{"taxonomy":"product_brand","embeddable":true,"href":"https:\/\/www.budream.com\/es\/wp-json\/wp\/v2\/product_brand?post=124548"},{"taxonomy":"product_cat","embeddable":true,"href":"https:\/\/www.budream.com\/es\/wp-json\/wp\/v2\/product_cat?post=124548"},{"taxonomy":"product_tag","embeddable":true,"href":"https:\/\/www.budream.com\/es\/wp-json\/wp\/v2\/product_tag?post=124548"}],"curies":[{"name":"wp","href":"https:\/\/api.w.org\/{rel}","templated":true}]}}