{"id":124588,"date":"2025-07-30T18:00:35","date_gmt":"2025-07-30T16:00:35","guid":{"rendered":"https:\/\/www.budream.com\/shop\/conexion-entre-el-tubo-de-vacio-y-los-secadores\/"},"modified":"2025-12-18T18:02:58","modified_gmt":"2025-12-18T16:02:58","slug":"conexion-entre-el-tubo-de-vacio-y-los-secadores","status":"publish","type":"product","link":"https:\/\/www.budream.com\/es\/shop\/conexion-entre-el-tubo-de-vacio-y-los-secadores\/","title":{"rendered":"CONEXI\u00d3N ENTRE EL TUBO DE VAC\u00cdO Y LOS SECADORES"},"content":{"rendered":"<div>Racor de conexi\u00f3n entre el tubo de presi\u00f3n cod 420914 y los secadores.<br \/>este racor permite conectar la bomba de vacio a los secadores.<\/div>\n","protected":false},"excerpt":{"rendered":"<p>Racor de conexi\u00f3n entre el tubo de presi\u00f3n cod 420914 y los secadores.este racor permite conectar la bomba de vacio<\/p>\n","protected":false},"featured_media":124584,"comment_status":"open","ping_status":"closed","template":"","meta":[],"product_brand":[],"product_cat":[7948],"product_tag":[],"class_list":{"0":"post-124588","1":"product","2":"type-product","3":"status-publish","4":"has-post-thumbnail","6":"product_cat-headshop-es","8":"first","9":"instock","10":"taxable","11":"shipping-taxable","12":"purchasable","13":"product-type-simple"},"_links":{"self":[{"href":"https:\/\/www.budream.com\/es\/wp-json\/wp\/v2\/product\/124588","targetHints":{"allow":["GET"]}}],"collection":[{"href":"https:\/\/www.budream.com\/es\/wp-json\/wp\/v2\/product"}],"about":[{"href":"https:\/\/www.budream.com\/es\/wp-json\/wp\/v2\/types\/product"}],"replies":[{"embeddable":true,"href":"https:\/\/www.budream.com\/es\/wp-json\/wp\/v2\/comments?post=124588"}],"version-history":[{"count":0,"href":"https:\/\/www.budream.com\/es\/wp-json\/wp\/v2\/product\/124588\/revisions"}],"wp:featuredmedia":[{"embeddable":true,"href":"https:\/\/www.budream.com\/es\/wp-json\/wp\/v2\/media\/124584"}],"wp:attachment":[{"href":"https:\/\/www.budream.com\/es\/wp-json\/wp\/v2\/media?parent=124588"}],"wp:term":[{"taxonomy":"product_brand","embeddable":true,"href":"https:\/\/www.budream.com\/es\/wp-json\/wp\/v2\/product_brand?post=124588"},{"taxonomy":"product_cat","embeddable":true,"href":"https:\/\/www.budream.com\/es\/wp-json\/wp\/v2\/product_cat?post=124588"},{"taxonomy":"product_tag","embeddable":true,"href":"https:\/\/www.budream.com\/es\/wp-json\/wp\/v2\/product_tag?post=124588"}],"curies":[{"name":"wp","href":"https:\/\/api.w.org\/{rel}","templated":true}]}}