{"id":124723,"date":"2025-07-30T18:09:21","date_gmt":"2025-07-30T16:09:21","guid":{"rendered":"https:\/\/www.budream.com\/shop\/germinador-de-semillas-germinator-pro\/"},"modified":"2026-01-19T14:53:48","modified_gmt":"2026-01-19T12:53:48","slug":"germinador-de-semillas-germinator-pro","status":"publish","type":"product","link":"https:\/\/www.budream.com\/es\/shop\/germinador-de-semillas-germinator-pro\/","title":{"rendered":"GERMINADOR DE SEMILLAS GERMINATOR PRO"},"content":{"rendered":"<p>Peque\u00f1o germinador de semillas equipado con un pa\u00f1o para mantener la humedad correcta y un term\u00f3metro para identificar de un vistazo la temperatura en la caja.<\/p>\n","protected":false},"excerpt":{"rendered":"<p>Peque\u00f1o germinador de semillas equipado con un pa\u00f1o para mantener la humedad correcta y un term\u00f3metro para identificar de un<\/p>\n","protected":false},"featured_media":124699,"comment_status":"open","ping_status":"closed","template":"","meta":[],"product_brand":[],"product_cat":[7923],"product_tag":[],"class_list":{"0":"post-124723","1":"product","2":"type-product","3":"status-publish","4":"has-post-thumbnail","6":"product_cat-growshop-es","8":"first","9":"instock","10":"taxable","11":"shipping-taxable","12":"purchasable","13":"product-type-simple"},"_links":{"self":[{"href":"https:\/\/www.budream.com\/es\/wp-json\/wp\/v2\/product\/124723","targetHints":{"allow":["GET"]}}],"collection":[{"href":"https:\/\/www.budream.com\/es\/wp-json\/wp\/v2\/product"}],"about":[{"href":"https:\/\/www.budream.com\/es\/wp-json\/wp\/v2\/types\/product"}],"replies":[{"embeddable":true,"href":"https:\/\/www.budream.com\/es\/wp-json\/wp\/v2\/comments?post=124723"}],"version-history":[{"count":0,"href":"https:\/\/www.budream.com\/es\/wp-json\/wp\/v2\/product\/124723\/revisions"}],"wp:featuredmedia":[{"embeddable":true,"href":"https:\/\/www.budream.com\/es\/wp-json\/wp\/v2\/media\/124699"}],"wp:attachment":[{"href":"https:\/\/www.budream.com\/es\/wp-json\/wp\/v2\/media?parent=124723"}],"wp:term":[{"taxonomy":"product_brand","embeddable":true,"href":"https:\/\/www.budream.com\/es\/wp-json\/wp\/v2\/product_brand?post=124723"},{"taxonomy":"product_cat","embeddable":true,"href":"https:\/\/www.budream.com\/es\/wp-json\/wp\/v2\/product_cat?post=124723"},{"taxonomy":"product_tag","embeddable":true,"href":"https:\/\/www.budream.com\/es\/wp-json\/wp\/v2\/product_tag?post=124723"}],"curies":[{"name":"wp","href":"https:\/\/api.w.org\/{rel}","templated":true}]}}