{"id":124953,"date":"2025-07-30T18:25:13","date_gmt":"2025-07-30T16:25:13","guid":{"rendered":"https:\/\/www.budream.com\/shop\/bioki-jabon-de-marsiglia-para-aromaticos-en-macetas-listo-para-usar-550ml\/"},"modified":"2026-01-19T15:36:14","modified_gmt":"2026-01-19T13:36:14","slug":"bioki-jabon-de-marsiglia-para-aromaticos-en-macetas-listo-para-usar-550ml","status":"publish","type":"product","link":"https:\/\/www.budream.com\/es\/shop\/bioki-jabon-de-marsiglia-para-aromaticos-en-macetas-listo-para-usar-550ml\/","title":{"rendered":"BIOKI &#8211; JAB\u00d3N DE MARSIGLIA PARA AROM\u00c1TICOS EN MACETAS &#8211; LISTO PARA USAR | 550ml"},"content":{"rendered":"<p>El <strong>jab\u00f3n de Marsella<\/strong> listo para usar (blando) para plantas arom\u00e1ticas es ideal para reforzar las defensas de las plantas contra pulgones, cochinillas, moscas blancas (aleurodidae) y \u00e1caros (ara\u00f1a roja). <br \/>Tambi\u00e9n act\u00faa sobre los huevos de \u00e1caros.<br \/> Limpia la planta de los \u00e1caros y de la melaza producida por los insectos.<\/p>\n<p>El jab\u00f3n de Marsella tiene una funci\u00f3n vigorizante y reforzadora de la resistencia end\u00f3gena de la planta.<\/p>\n<p>Aplicado de forma preventiva en la planta, ejerce una acci\u00f3n tonificante, confiriendo resistencia natural a los ataques de plagas en general.<br \/>Indicado para plantas arom\u00e1ticas en maceta y en suelo.<br \/>La aplicaci\u00f3n de estos nuevos productos no s\u00f3lo tiene un efecto limpiador, que tambi\u00e9n se aprecia visiblemente, sino que estimula el metabolismo de la planta, haci\u00e9ndola m\u00e1s resistente a futuros ataques.<\/p>\n<p>ENVASE 550 ML<\/p>\n","protected":false},"excerpt":{"rendered":"<p>El jab\u00f3n de Marsella listo para usar (blando) para plantas arom\u00e1ticas es ideal para reforzar las defensas de las plantas<\/p>\n","protected":false},"featured_media":124949,"comment_status":"open","ping_status":"closed","template":"","meta":[],"product_brand":[],"product_cat":[7930],"product_tag":[],"class_list":{"0":"post-124953","1":"product","2":"type-product","3":"status-publish","4":"has-post-thumbnail","6":"product_cat-antiparasitarios-y-defensa","8":"first","9":"instock","10":"taxable","11":"shipping-taxable","12":"purchasable","13":"product-type-simple"},"_links":{"self":[{"href":"https:\/\/www.budream.com\/es\/wp-json\/wp\/v2\/product\/124953","targetHints":{"allow":["GET"]}}],"collection":[{"href":"https:\/\/www.budream.com\/es\/wp-json\/wp\/v2\/product"}],"about":[{"href":"https:\/\/www.budream.com\/es\/wp-json\/wp\/v2\/types\/product"}],"replies":[{"embeddable":true,"href":"https:\/\/www.budream.com\/es\/wp-json\/wp\/v2\/comments?post=124953"}],"version-history":[{"count":0,"href":"https:\/\/www.budream.com\/es\/wp-json\/wp\/v2\/product\/124953\/revisions"}],"wp:featuredmedia":[{"embeddable":true,"href":"https:\/\/www.budream.com\/es\/wp-json\/wp\/v2\/media\/124949"}],"wp:attachment":[{"href":"https:\/\/www.budream.com\/es\/wp-json\/wp\/v2\/media?parent=124953"}],"wp:term":[{"taxonomy":"product_brand","embeddable":true,"href":"https:\/\/www.budream.com\/es\/wp-json\/wp\/v2\/product_brand?post=124953"},{"taxonomy":"product_cat","embeddable":true,"href":"https:\/\/www.budream.com\/es\/wp-json\/wp\/v2\/product_cat?post=124953"},{"taxonomy":"product_tag","embeddable":true,"href":"https:\/\/www.budream.com\/es\/wp-json\/wp\/v2\/product_tag?post=124953"}],"curies":[{"name":"wp","href":"https:\/\/api.w.org\/{rel}","templated":true}]}}