{"id":124988,"date":"2025-07-30T18:27:35","date_gmt":"2025-07-30T16:27:35","guid":{"rendered":"https:\/\/www.budream.com\/shop\/vapman-red-de-extractos-y-microdosificacion\/"},"modified":"2026-03-06T13:45:43","modified_gmt":"2026-03-06T11:45:43","slug":"vapman-red-de-extractos-y-microdosificacion","status":"publish","type":"product","link":"https:\/\/www.budream.com\/es\/shop\/vapman-red-de-extractos-y-microdosificacion\/","title":{"rendered":"VAPMAN &#8211; RED DE EXTRACTOS Y MICRODOSIFICACI\u00d3N"},"content":{"rendered":"<p>La malla Vapman es imprescindible para todos los aficionados a <strong>las microdosis<\/strong> y los <strong>concentrados<\/strong>.<\/p>\n<p>La malla muy fina permite la vaporizaci\u00f3n perfecta de cualquier tipo de concentrado y al mismo tiempo evita que el recipiente y las boquillas se ensucien. <\/p>\n<p>Tambi\u00e9n permite la vaporizaci\u00f3n uniforme de peque\u00f1as dosis de hasta 0,001 g, lo que convierte a Vapman en el rey de la microdosificaci\u00f3n.<\/p>\n<p>Vapman ha demostrado a lo largo de los a\u00f1os que es el mejor vaporizador para concentrados con este tamiz.<\/p>\n<p><strong>1 pieza.<\/strong><\/p>\n","protected":false},"excerpt":{"rendered":"<p>La malla Vapman es imprescindible para todos los aficionados a las microdosis y los concentrados. La malla muy fina permite<\/p>\n","protected":false},"featured_media":124979,"comment_status":"open","ping_status":"closed","template":"","meta":[],"product_brand":[],"product_cat":[7908],"product_tag":[],"class_list":{"0":"post-124988","1":"product","2":"type-product","3":"status-publish","4":"has-post-thumbnail","6":"product_cat-vaporizadores","8":"first","9":"instock","10":"taxable","11":"shipping-taxable","12":"purchasable","13":"product-type-simple"},"_links":{"self":[{"href":"https:\/\/www.budream.com\/es\/wp-json\/wp\/v2\/product\/124988","targetHints":{"allow":["GET"]}}],"collection":[{"href":"https:\/\/www.budream.com\/es\/wp-json\/wp\/v2\/product"}],"about":[{"href":"https:\/\/www.budream.com\/es\/wp-json\/wp\/v2\/types\/product"}],"replies":[{"embeddable":true,"href":"https:\/\/www.budream.com\/es\/wp-json\/wp\/v2\/comments?post=124988"}],"version-history":[{"count":0,"href":"https:\/\/www.budream.com\/es\/wp-json\/wp\/v2\/product\/124988\/revisions"}],"wp:featuredmedia":[{"embeddable":true,"href":"https:\/\/www.budream.com\/es\/wp-json\/wp\/v2\/media\/124979"}],"wp:attachment":[{"href":"https:\/\/www.budream.com\/es\/wp-json\/wp\/v2\/media?parent=124988"}],"wp:term":[{"taxonomy":"product_brand","embeddable":true,"href":"https:\/\/www.budream.com\/es\/wp-json\/wp\/v2\/product_brand?post=124988"},{"taxonomy":"product_cat","embeddable":true,"href":"https:\/\/www.budream.com\/es\/wp-json\/wp\/v2\/product_cat?post=124988"},{"taxonomy":"product_tag","embeddable":true,"href":"https:\/\/www.budream.com\/es\/wp-json\/wp\/v2\/product_tag?post=124988"}],"curies":[{"name":"wp","href":"https:\/\/api.w.org\/{rel}","templated":true}]}}