{"id":125128,"date":"2025-07-30T18:35:46","date_gmt":"2025-07-30T16:35:46","guid":{"rendered":"https:\/\/www.budream.com\/shop\/storzbickel-boquilla-de-valvula-maciza\/"},"modified":"2025-12-23T14:43:03","modified_gmt":"2025-12-23T12:43:03","slug":"storzbickel-boquilla-de-valvula-maciza","status":"publish","type":"product","link":"https:\/\/www.budream.com\/es\/shop\/storzbickel-boquilla-de-valvula-maciza\/","title":{"rendered":"STORZ&amp;BICKEL &#8211; BOQUILLA DE V\u00c1LVULA MACIZA"},"content":{"rendered":"<p>La boquilla se fija al frasco SOLID VALVE y permite una c\u00f3moda aplicaci\u00f3n.<\/p>\n<p><strong>Adecuado para:<\/strong><\/p>\n<ul>\n<li>SOLID VALVE<\/li>\n<\/ul>\n","protected":false},"excerpt":{"rendered":"<p>La boquilla se fija al frasco SOLID VALVE y permite una c\u00f3moda aplicaci\u00f3n. Adecuado para: SOLID VALVE<\/p>\n","protected":false},"featured_media":125124,"comment_status":"open","ping_status":"closed","template":"","meta":[],"product_brand":[],"product_cat":[7908],"product_tag":[],"class_list":{"0":"post-125128","1":"product","2":"type-product","3":"status-publish","4":"has-post-thumbnail","6":"product_cat-vaporizadores","8":"first","9":"instock","10":"taxable","11":"shipping-taxable","12":"purchasable","13":"product-type-simple"},"_links":{"self":[{"href":"https:\/\/www.budream.com\/es\/wp-json\/wp\/v2\/product\/125128","targetHints":{"allow":["GET"]}}],"collection":[{"href":"https:\/\/www.budream.com\/es\/wp-json\/wp\/v2\/product"}],"about":[{"href":"https:\/\/www.budream.com\/es\/wp-json\/wp\/v2\/types\/product"}],"replies":[{"embeddable":true,"href":"https:\/\/www.budream.com\/es\/wp-json\/wp\/v2\/comments?post=125128"}],"version-history":[{"count":0,"href":"https:\/\/www.budream.com\/es\/wp-json\/wp\/v2\/product\/125128\/revisions"}],"wp:featuredmedia":[{"embeddable":true,"href":"https:\/\/www.budream.com\/es\/wp-json\/wp\/v2\/media\/125124"}],"wp:attachment":[{"href":"https:\/\/www.budream.com\/es\/wp-json\/wp\/v2\/media?parent=125128"}],"wp:term":[{"taxonomy":"product_brand","embeddable":true,"href":"https:\/\/www.budream.com\/es\/wp-json\/wp\/v2\/product_brand?post=125128"},{"taxonomy":"product_cat","embeddable":true,"href":"https:\/\/www.budream.com\/es\/wp-json\/wp\/v2\/product_cat?post=125128"},{"taxonomy":"product_tag","embeddable":true,"href":"https:\/\/www.budream.com\/es\/wp-json\/wp\/v2\/product_tag?post=125128"}],"curies":[{"name":"wp","href":"https:\/\/api.w.org\/{rel}","templated":true}]}}