{"id":125148,"date":"2025-07-30T18:37:53","date_gmt":"2025-07-30T16:37:53","guid":{"rendered":"https:\/\/www.budream.com\/shop\/kenex-eternity-et100-balanza-digital-max-100-gramos-paso-0-01g\/"},"modified":"2026-03-26T15:15:39","modified_gmt":"2026-03-26T13:15:39","slug":"kenex-eternity-et100-balanza-digital-max-100-gramos-paso-0-01g","status":"publish","type":"product","link":"https:\/\/www.budream.com\/es\/shop\/kenex-eternity-et100-balanza-digital-max-100-gramos-paso-0-01g\/","title":{"rendered":"KENEX &#8211; ETERNITY ET100 BALANZA DIGITAL | MAX 100 GRAMOS PASO 0.01G"},"content":{"rendered":"<p>La serie Eternity es la m\u00e1s vendida de las balanzas Kenex. Como su nombre indica, si se cuida bien, esta b\u00e1scula podr\u00eda durar probablemente una eternidad gracias a la calidad de sus componentes, la bandeja de pesaje de acero y la cubierta exterior robusta y ligera.<\/p>\n<h2><span style=\"text-decoration: underline\">Caracter\u00edsticas de la b\u00e1scula digital Kenex Eternity:<\/span><\/h2>\n<ul>\n<li>B\u00e1scula digital;<\/li>\n<li>Rango de medici\u00f3n: m\u00e1x. 100g<\/li>\n<li>Precisi\u00f3n de paso: 0,01g;<\/li>\n<li>Carcasa exterior robusta y ligera;<\/li>\n<li>Bandeja de pesaje de acero inoxidable;<\/li>\n<li>Disponible en colores surtidos: negro y plata;<\/li>\n<li>Tara y calibraci\u00f3n digitales autom\u00e1ticas;<\/li>\n<li>Protecci\u00f3n contra sobrecarga;<\/li>\n<li>4 modos de pesaje: g\/oz\/ozt\/dwt;<\/li>\n<\/ul>\n","protected":false},"excerpt":{"rendered":"<p>La serie Eternity es la m\u00e1s vendida de las balanzas Kenex. Como su nombre indica, si se cuida bien, esta<\/p>\n","protected":false},"featured_media":125144,"comment_status":"open","ping_status":"closed","template":"","meta":[],"product_brand":[],"product_cat":[7948],"product_tag":[],"class_list":{"0":"post-125148","1":"product","2":"type-product","3":"status-publish","4":"has-post-thumbnail","6":"product_cat-headshop-es","8":"first","9":"instock","10":"taxable","11":"shipping-taxable","12":"purchasable","13":"product-type-simple"},"aioseo_notices":[],"_links":{"self":[{"href":"https:\/\/www.budream.com\/es\/wp-json\/wp\/v2\/product\/125148","targetHints":{"allow":["GET"]}}],"collection":[{"href":"https:\/\/www.budream.com\/es\/wp-json\/wp\/v2\/product"}],"about":[{"href":"https:\/\/www.budream.com\/es\/wp-json\/wp\/v2\/types\/product"}],"replies":[{"embeddable":true,"href":"https:\/\/www.budream.com\/es\/wp-json\/wp\/v2\/comments?post=125148"}],"version-history":[{"count":0,"href":"https:\/\/www.budream.com\/es\/wp-json\/wp\/v2\/product\/125148\/revisions"}],"wp:featuredmedia":[{"embeddable":true,"href":"https:\/\/www.budream.com\/es\/wp-json\/wp\/v2\/media\/125144"}],"wp:attachment":[{"href":"https:\/\/www.budream.com\/es\/wp-json\/wp\/v2\/media?parent=125148"}],"wp:term":[{"taxonomy":"product_brand","embeddable":true,"href":"https:\/\/www.budream.com\/es\/wp-json\/wp\/v2\/product_brand?post=125148"},{"taxonomy":"product_cat","embeddable":true,"href":"https:\/\/www.budream.com\/es\/wp-json\/wp\/v2\/product_cat?post=125148"},{"taxonomy":"product_tag","embeddable":true,"href":"https:\/\/www.budream.com\/es\/wp-json\/wp\/v2\/product_tag?post=125148"}],"curies":[{"name":"wp","href":"https:\/\/api.w.org\/{rel}","templated":true}]}}