{"id":125168,"date":"2025-07-30T18:38:34","date_gmt":"2025-07-30T16:38:34","guid":{"rendered":"https:\/\/www.budream.com\/shop\/herbalaire-h3-vaporizador\/"},"modified":"2025-12-18T18:09:01","modified_gmt":"2025-12-18T16:09:01","slug":"herbalaire-h3-vaporizador","status":"publish","type":"product","link":"https:\/\/www.budream.com\/es\/shop\/herbalaire-h3-vaporizador\/","title":{"rendered":"HERBALAIRE &#8211; H3 | VAPORIZADOR"},"content":{"rendered":"<p>HERBALAIRE H3 es un vaporizador para aromaterapia de fabricaci\u00f3n canadiense construido con materiales de alta calidad y elevados est\u00e1ndares de fabricaci\u00f3n.<br \/>En comparaci\u00f3n con sus predecesores, presenta una parte superior elevada para permitir una c\u00e1mara de <strong>mayor capacidad<\/strong> y una lente protectora que tambi\u00e9n ampl\u00eda el dial de temperatura.<\/p>\n<p>Su gran versatilidad permite utilizarlo con vaporizaci\u00f3n directa o rellenando uno o varios globos.<br \/>No requiere fragmentaci\u00f3n del material a vaporizar.<\/p>\n<p>El vaporizador de sobremesa H3 tiene <strong>integrado el flujo de aire<\/strong> y un preciso control manual de la temperatura. Dispone de una boquilla para el uso directo del flujo de aire y la posibilidad de llenar varias bolsas simult\u00e1neamente. El calentador y el flujo de aire est\u00e1n separados, lo que garantiza un sabor puro. <br \/>Es una unidad s\u00f3lida y bien construida que est\u00e1 respaldada por una garant\u00eda de 3 a\u00f1os.<\/p>\n","protected":false},"excerpt":{"rendered":"<p>HERBALAIRE H3 es un vaporizador para aromaterapia de fabricaci\u00f3n canadiense construido con materiales de alta calidad y elevados est\u00e1ndares de<\/p>\n","protected":false},"featured_media":125154,"comment_status":"open","ping_status":"closed","template":"","meta":[],"product_brand":[],"product_cat":[7908],"product_tag":[],"class_list":{"0":"post-125168","1":"product","2":"type-product","3":"status-publish","4":"has-post-thumbnail","6":"product_cat-vaporizadores","8":"first","9":"instock","10":"sale","11":"taxable","12":"shipping-taxable","13":"purchasable","14":"product-type-simple"},"_links":{"self":[{"href":"https:\/\/www.budream.com\/es\/wp-json\/wp\/v2\/product\/125168","targetHints":{"allow":["GET"]}}],"collection":[{"href":"https:\/\/www.budream.com\/es\/wp-json\/wp\/v2\/product"}],"about":[{"href":"https:\/\/www.budream.com\/es\/wp-json\/wp\/v2\/types\/product"}],"replies":[{"embeddable":true,"href":"https:\/\/www.budream.com\/es\/wp-json\/wp\/v2\/comments?post=125168"}],"version-history":[{"count":0,"href":"https:\/\/www.budream.com\/es\/wp-json\/wp\/v2\/product\/125168\/revisions"}],"wp:featuredmedia":[{"embeddable":true,"href":"https:\/\/www.budream.com\/es\/wp-json\/wp\/v2\/media\/125154"}],"wp:attachment":[{"href":"https:\/\/www.budream.com\/es\/wp-json\/wp\/v2\/media?parent=125168"}],"wp:term":[{"taxonomy":"product_brand","embeddable":true,"href":"https:\/\/www.budream.com\/es\/wp-json\/wp\/v2\/product_brand?post=125168"},{"taxonomy":"product_cat","embeddable":true,"href":"https:\/\/www.budream.com\/es\/wp-json\/wp\/v2\/product_cat?post=125168"},{"taxonomy":"product_tag","embeddable":true,"href":"https:\/\/www.budream.com\/es\/wp-json\/wp\/v2\/product_tag?post=125168"}],"curies":[{"name":"wp","href":"https:\/\/api.w.org\/{rel}","templated":true}]}}