{"id":125218,"date":"2025-07-30T18:40:04","date_gmt":"2025-07-30T16:40:04","guid":{"rendered":"https:\/\/www.budream.com\/shop\/storzbickel-unidad-de-refrigeracion-para-mighty\/"},"modified":"2026-03-10T16:18:21","modified_gmt":"2026-03-10T14:18:21","slug":"storzbickel-unidad-de-refrigeracion-para-mighty","status":"publish","type":"product","link":"https:\/\/www.budream.com\/es\/shop\/storzbickel-unidad-de-refrigeracion-para-mighty\/","title":{"rendered":"STORZ&amp;BICKEL &#8211; UNIDAD DE REFRIGERACI\u00d3N PARA MIGHTY+"},"content":{"rendered":"<p>La unidad de enfriamiento enfr\u00eda el vapor para proporcionar un vapor agradable y un aroma \u00f3ptimo.<\/p>\n<p>Adecuado para:<\/p>\n<ul>\n<li>MIGHTY<\/li>\n<li>MIGHTY+<\/li>\n<\/ul>\n","protected":false},"excerpt":{"rendered":"<p>La unidad de enfriamiento enfr\u00eda el vapor para proporcionar un vapor agradable y un aroma \u00f3ptimo. Adecuado para: MIGHTY MIGHTY+<\/p>\n","protected":false},"featured_media":125204,"comment_status":"open","ping_status":"closed","template":"","meta":[],"product_brand":[],"product_cat":[7908],"product_tag":[],"class_list":{"0":"post-125218","1":"product","2":"type-product","3":"status-publish","4":"has-post-thumbnail","6":"product_cat-vaporizadores","8":"first","9":"instock","10":"taxable","11":"shipping-taxable","12":"purchasable","13":"product-type-simple"},"_links":{"self":[{"href":"https:\/\/www.budream.com\/es\/wp-json\/wp\/v2\/product\/125218","targetHints":{"allow":["GET"]}}],"collection":[{"href":"https:\/\/www.budream.com\/es\/wp-json\/wp\/v2\/product"}],"about":[{"href":"https:\/\/www.budream.com\/es\/wp-json\/wp\/v2\/types\/product"}],"replies":[{"embeddable":true,"href":"https:\/\/www.budream.com\/es\/wp-json\/wp\/v2\/comments?post=125218"}],"version-history":[{"count":0,"href":"https:\/\/www.budream.com\/es\/wp-json\/wp\/v2\/product\/125218\/revisions"}],"wp:featuredmedia":[{"embeddable":true,"href":"https:\/\/www.budream.com\/es\/wp-json\/wp\/v2\/media\/125204"}],"wp:attachment":[{"href":"https:\/\/www.budream.com\/es\/wp-json\/wp\/v2\/media?parent=125218"}],"wp:term":[{"taxonomy":"product_brand","embeddable":true,"href":"https:\/\/www.budream.com\/es\/wp-json\/wp\/v2\/product_brand?post=125218"},{"taxonomy":"product_cat","embeddable":true,"href":"https:\/\/www.budream.com\/es\/wp-json\/wp\/v2\/product_cat?post=125218"},{"taxonomy":"product_tag","embeddable":true,"href":"https:\/\/www.budream.com\/es\/wp-json\/wp\/v2\/product_tag?post=125218"}],"curies":[{"name":"wp","href":"https:\/\/api.w.org\/{rel}","templated":true}]}}