{"id":125323,"date":"2025-07-30T18:46:15","date_gmt":"2025-07-30T16:46:15","guid":{"rendered":"https:\/\/www.budream.com\/shop\/trampa-universal-para-alojar-feromonas\/"},"modified":"2026-01-28T12:41:52","modified_gmt":"2026-01-28T10:41:52","slug":"trampa-universal-para-alojar-feromonas","status":"publish","type":"product","link":"https:\/\/www.budream.com\/es\/shop\/trampa-universal-para-alojar-feromonas\/","title":{"rendered":"TRAMPA UNIVERSAL PARA ALOJAR FEROMONAS"},"content":{"rendered":"<p>La trampa universal para alojar feromonas.<br \/> Perfectamente eficaz y respetuosa con el cultivo y el suelo, la trampa permite, con la adici\u00f3n de un atrayente (la feromona), la destrucci\u00f3n selectiva de un gran n\u00famero de insectos da\u00f1inos machos para impedir su reproducci\u00f3n.<br \/> La trampa debe colocarse antes del ataque previsto del insecto (v\u00e9ase el periodo de tratamiento en funci\u00f3n de la plaga buscada).<br \/> Para una eficacia m\u00e1xima, coloque 2 trampas por \u00e1rbol.<br \/> En el interior de la trampa, donde se coloca la oblea de feromona, hay una capa de material adhesivo; los insectos macho atra\u00eddos al interior quedan as\u00ed atrapados.<br \/> Las trampas se recogen al final de la temporada y pueden almacenarse para el a\u00f1o siguiente.<br \/> En caso necesario, deben renovarse las placas adhesivas y las c\u00e1psulas de feromona de recambio, que se pueden adquirir por separado.<\/p>\n<p> Composici\u00f3n de la trampa<\/p>\n<p> &#8211; 1 trampa plegable<br \/> &#8211; 1 placa adhesiva<br \/> &#8211; 1 soporte para el recipiente de c\u00e1psulas de feromonas<br \/> &#8211; 1 recipiente peque\u00f1o para c\u00e1psulas de feromonas<br \/> &#8211; 1 cord\u00f3n de sujeci\u00f3n<\/p>\n<p><strong>La trampa universal debe combinarse con la feromona para su correcto funcionamiento. <\/strong><br \/><strong>(la feromona se vende por separado)<\/strong><\/p>\n<p>A continuaci\u00f3n se muestran las feromonas disponibles:<\/p>\n<p>&#8211; <a href=\"https:\/\/www.indoorline.com\/feromone-contro-il-verme-dell-oliva-e-la-mosca-olearia.html\">el gusano del olivo<\/a><br \/>&#8211; <a href=\"https:\/\/www.indoorline.com\/presto-bio-feromone-per-processionaria-del-pino.html\">la procesionaria del pino<\/a><\/p>\n","protected":false},"excerpt":{"rendered":"<p>La trampa universal para alojar feromonas. Perfectamente eficaz y respetuosa con el cultivo y el suelo, la trampa permite, con<\/p>\n","protected":false},"featured_media":125319,"comment_status":"open","ping_status":"closed","template":"","meta":[],"product_brand":[],"product_cat":[7930],"product_tag":[],"class_list":{"0":"post-125323","1":"product","2":"type-product","3":"status-publish","4":"has-post-thumbnail","6":"product_cat-antiparasitarios-y-defensa","8":"first","9":"instock","10":"taxable","11":"shipping-taxable","12":"purchasable","13":"product-type-simple"},"_links":{"self":[{"href":"https:\/\/www.budream.com\/es\/wp-json\/wp\/v2\/product\/125323","targetHints":{"allow":["GET"]}}],"collection":[{"href":"https:\/\/www.budream.com\/es\/wp-json\/wp\/v2\/product"}],"about":[{"href":"https:\/\/www.budream.com\/es\/wp-json\/wp\/v2\/types\/product"}],"replies":[{"embeddable":true,"href":"https:\/\/www.budream.com\/es\/wp-json\/wp\/v2\/comments?post=125323"}],"version-history":[{"count":0,"href":"https:\/\/www.budream.com\/es\/wp-json\/wp\/v2\/product\/125323\/revisions"}],"wp:featuredmedia":[{"embeddable":true,"href":"https:\/\/www.budream.com\/es\/wp-json\/wp\/v2\/media\/125319"}],"wp:attachment":[{"href":"https:\/\/www.budream.com\/es\/wp-json\/wp\/v2\/media?parent=125323"}],"wp:term":[{"taxonomy":"product_brand","embeddable":true,"href":"https:\/\/www.budream.com\/es\/wp-json\/wp\/v2\/product_brand?post=125323"},{"taxonomy":"product_cat","embeddable":true,"href":"https:\/\/www.budream.com\/es\/wp-json\/wp\/v2\/product_cat?post=125323"},{"taxonomy":"product_tag","embeddable":true,"href":"https:\/\/www.budream.com\/es\/wp-json\/wp\/v2\/product_tag?post=125323"}],"curies":[{"name":"wp","href":"https:\/\/api.w.org\/{rel}","templated":true}]}}