{"id":125348,"date":"2025-07-30T18:47:13","date_gmt":"2025-07-30T16:47:13","guid":{"rendered":"https:\/\/www.budream.com\/shop\/feromona-contra-el-gusano-del-olivo-y-la-mosca-del-olivo\/"},"modified":"2026-01-28T12:42:19","modified_gmt":"2026-01-28T10:42:19","slug":"feromona-contra-el-gusano-del-olivo-y-la-mosca-del-olivo","status":"publish","type":"product","link":"https:\/\/www.budream.com\/es\/shop\/feromona-contra-el-gusano-del-olivo-y-la-mosca-del-olivo\/","title":{"rendered":"FEROMONA CONTRA EL GUSANO DEL OLIVO Y LA MOSCA DEL OLIVO"},"content":{"rendered":"<p>El insecto adulto es una mosca. La hembra fecundada pone sus huevos justo debajo de la piel de la fruta. La larva que eclosiona se alimenta y se desarrolla, causando da\u00f1os muy graves: carne ro\u00edda, podredumbre, ca\u00edda de la fruta.<br \/>El tratamiento con feromonas es una soluci\u00f3n 100% ecol\u00f3gica para eliminar este insecto da\u00f1ino.<\/p>\n<p>El principio consiste en imitar las sustancias vol\u00e1tiles emitidas por el insecto hembra (feromona femenina) para desempe\u00f1ar un papel de reconocimiento y atracci\u00f3n sexual sobre los machos. <br \/>Estos son atra\u00eddos y quedan atrapados y eliminados. Esto impide el apareamiento, la reproducci\u00f3n y, por tanto, la puesta de huevos.<\/p>\n<p><strong>Las feromonas se utilizan con una <a href=\"https:\/\/www.indoorline.com\/trappola-universale-per-ospitare-feromoni.html\">trampa especial<\/a> y deben aplicarse en los <a href=\"https:\/\/www.indoorline.com\/ricariche-adesive-per-trappola-universale-e-casetta.html\">recambios adhesivos<\/a> adecuados <a href=\"https:\/\/www.indoorline.com\/ricariche-adesive-per-trappola-universale-e-casetta.html\">.<\/a><\/strong><\/p>\n<p>Coloque las trampas cuando las aceitunas hayan alcanzado unos 8 mm y d\u00e9jelas hasta la recolecci\u00f3n. Utilice 1 trampa por \u00e1rbol, orientada hacia el norte, al principio de la temporada, y despu\u00e9s hasta 4 trampas por \u00e1rbol a finales de agosto-principios de septiembre.<\/p>\n<p>La caja contiene 2 c\u00e1psulas de feromonas. Cada c\u00e1psula est\u00e1 envasada en una bolsa herm\u00e9tica.<\/p>\n<p>Las bolsitas de feromonas pueden conservarse en fr\u00edo (hasta 3 a\u00f1os en el frigor\u00edfico y hasta 5 a\u00f1os en el congelador).<\/p>\n<p>Dosificaci\u00f3n: 1 a 2 trampas por \u00e1rbol<\/p>\n<p>Periodo de tratamiento: de abril a agosto<br \/>Duraci\u00f3n: de 4 a 6 semanas<br \/>Aplicar cuando la temperatura sea superior a 14&deg;C.<\/p>\n","protected":false},"excerpt":{"rendered":"<p>El insecto adulto es una mosca. La hembra fecundada pone sus huevos justo debajo de la piel de la fruta.<\/p>\n","protected":false},"featured_media":125334,"comment_status":"open","ping_status":"closed","template":"","meta":[],"product_brand":[],"product_cat":[7930],"product_tag":[],"class_list":{"0":"post-125348","1":"product","2":"type-product","3":"status-publish","4":"has-post-thumbnail","6":"product_cat-antiparasitarios-y-defensa","8":"first","9":"instock","10":"taxable","11":"shipping-taxable","12":"purchasable","13":"product-type-simple"},"_links":{"self":[{"href":"https:\/\/www.budream.com\/es\/wp-json\/wp\/v2\/product\/125348","targetHints":{"allow":["GET"]}}],"collection":[{"href":"https:\/\/www.budream.com\/es\/wp-json\/wp\/v2\/product"}],"about":[{"href":"https:\/\/www.budream.com\/es\/wp-json\/wp\/v2\/types\/product"}],"replies":[{"embeddable":true,"href":"https:\/\/www.budream.com\/es\/wp-json\/wp\/v2\/comments?post=125348"}],"version-history":[{"count":0,"href":"https:\/\/www.budream.com\/es\/wp-json\/wp\/v2\/product\/125348\/revisions"}],"wp:featuredmedia":[{"embeddable":true,"href":"https:\/\/www.budream.com\/es\/wp-json\/wp\/v2\/media\/125334"}],"wp:attachment":[{"href":"https:\/\/www.budream.com\/es\/wp-json\/wp\/v2\/media?parent=125348"}],"wp:term":[{"taxonomy":"product_brand","embeddable":true,"href":"https:\/\/www.budream.com\/es\/wp-json\/wp\/v2\/product_brand?post=125348"},{"taxonomy":"product_cat","embeddable":true,"href":"https:\/\/www.budream.com\/es\/wp-json\/wp\/v2\/product_cat?post=125348"},{"taxonomy":"product_tag","embeddable":true,"href":"https:\/\/www.budream.com\/es\/wp-json\/wp\/v2\/product_tag?post=125348"}],"curies":[{"name":"wp","href":"https:\/\/api.w.org\/{rel}","templated":true}]}}