{"id":125433,"date":"2025-07-30T18:51:27","date_gmt":"2025-07-30T16:51:27","guid":{"rendered":"https:\/\/www.budream.com\/shop\/xvape-vital-boligrafo-vaporizador-para-vegetales-secos\/"},"modified":"2026-03-20T10:36:37","modified_gmt":"2026-03-20T08:36:37","slug":"xvape-vital-boligrafo-vaporizador-para-vegetales-secos","status":"publish","type":"product","link":"https:\/\/www.budream.com\/es\/shop\/xvape-vital-boligrafo-vaporizador-para-vegetales-secos\/","title":{"rendered":"XVAPE VITAL BOLIGRAFO VAPORIZADOR PARA VEGETALES SECOS"},"content":{"rendered":"<p>VITAL de X-Vape es un vaporizador-bol\u00edgrafo port\u00e1til con pantalla.<br \/>La temperatura es ajustable entre 100&deg;C y 240&deg;C en pasos de 1 grado. El cuerpo es de pl\u00e1stico recubierto de goma antideslizante. <br \/>La c\u00e1mara de calentamiento de cer\u00e1mica est\u00e1 separada de la electr\u00f3nica, por lo que es seguro de usar cuando se utiliza con su herramienta de agua Mouthpice Bubbler. <br \/>La pantalla retroiluminada muestra: la temperatura, la duraci\u00f3n de la bater\u00eda y el temporizador de apagado autom\u00e1tico. <br \/>La temperatura puede visualizarse en &deg;C o &deg;F. <\/p>\n<p>El vapor producido por el Vital es consistente y con cuerpo.<\/p>\n<p>Caracter\u00edsticas t\u00e9cnicas:<\/p>\n<p>&#8211; calentamiento en 15 segundos<br \/>&#8211; Temporizador de desconexi\u00f3n autom\u00e1tica de 5 \u00f3 10 minutos<br \/>&#8211; Bater\u00eda de 2200 mAh<br \/>&#8211; cable de carga con conexi\u00f3n miniUSB &#8211; USB<br \/>&#8211; herramientas de limpieza<\/p>\n","protected":false},"excerpt":{"rendered":"<p>VITAL de X-Vape es un vaporizador-bol\u00edgrafo port\u00e1til con pantalla.La temperatura es ajustable entre 100&deg;C y 240&deg;C en pasos de 1<\/p>\n","protected":false},"featured_media":125404,"comment_status":"open","ping_status":"closed","template":"","meta":[],"product_brand":[],"product_cat":[7908],"product_tag":[],"class_list":{"0":"post-125433","1":"product","2":"type-product","3":"status-publish","4":"has-post-thumbnail","6":"product_cat-vaporizadores","8":"first","9":"instock","10":"sale","11":"taxable","12":"shipping-taxable","13":"purchasable","14":"product-type-simple"},"_links":{"self":[{"href":"https:\/\/www.budream.com\/es\/wp-json\/wp\/v2\/product\/125433","targetHints":{"allow":["GET"]}}],"collection":[{"href":"https:\/\/www.budream.com\/es\/wp-json\/wp\/v2\/product"}],"about":[{"href":"https:\/\/www.budream.com\/es\/wp-json\/wp\/v2\/types\/product"}],"replies":[{"embeddable":true,"href":"https:\/\/www.budream.com\/es\/wp-json\/wp\/v2\/comments?post=125433"}],"version-history":[{"count":0,"href":"https:\/\/www.budream.com\/es\/wp-json\/wp\/v2\/product\/125433\/revisions"}],"wp:featuredmedia":[{"embeddable":true,"href":"https:\/\/www.budream.com\/es\/wp-json\/wp\/v2\/media\/125404"}],"wp:attachment":[{"href":"https:\/\/www.budream.com\/es\/wp-json\/wp\/v2\/media?parent=125433"}],"wp:term":[{"taxonomy":"product_brand","embeddable":true,"href":"https:\/\/www.budream.com\/es\/wp-json\/wp\/v2\/product_brand?post=125433"},{"taxonomy":"product_cat","embeddable":true,"href":"https:\/\/www.budream.com\/es\/wp-json\/wp\/v2\/product_cat?post=125433"},{"taxonomy":"product_tag","embeddable":true,"href":"https:\/\/www.budream.com\/es\/wp-json\/wp\/v2\/product_tag?post=125433"}],"curies":[{"name":"wp","href":"https:\/\/api.w.org\/{rel}","templated":true}]}}