{"id":125543,"date":"2025-07-30T18:55:20","date_gmt":"2025-07-30T16:55:20","guid":{"rendered":"https:\/\/www.budream.com\/shop\/arizer-vaporizador-extreme-q\/"},"modified":"2026-01-19T11:30:55","modified_gmt":"2026-01-19T09:30:55","slug":"arizer-vaporizador-extreme-q","status":"publish","type":"product","link":"https:\/\/www.budream.com\/es\/shop\/arizer-vaporizador-extreme-q\/","title":{"rendered":"ARIZER &#8211; VAPORIZADOR EXTREME-Q"},"content":{"rendered":"<p><strong>El<\/strong> Arizer <strong>Extreme-Q<\/strong> es un vaporizador de sobremesa polivalente fabricado con componentes de la m\u00e1s alta calidad. La densidad del vapor se puede personalizar ajustando la temperatura con el mando a distancia, as\u00ed como eligiendo utilizar el sistema de llenado con globo o el tubo de vapor extralargo.<\/p>\n<p>Gracias al control digital, es f\u00e1cil controlar la temperatura seg\u00fan sus preferencias y, en caso de que se olvide de apagarlo, dispone de una <strong>funci\u00f3n de apagado autom\u00e1tico.<\/strong><br \/>El Arizer Extreme-Q cuenta con un nuevo ventilador m\u00e1s silencioso y las piezas de cristal est\u00e1n fabricadas exclusivamente con cristal precalentado de alta calidad libre de compuestos nocivos.<br \/>Con un dise\u00f1o que facilita la transici\u00f3n del globo al tubo, <strong>el Arizer Extreme-Q es perfecto para el uso en grupo.<\/strong><\/p>\n<p>En definitiva, el Extreme-Q de Arizer es f\u00e1cil de usar, muy eficiente y proporciona un agradable vapor. Es definitivamente un gran producto para aquellos que buscan un vaporizador de sobremesa de alta gama a un gran precio.<\/p>\n<h2><span style=\"text-decoration: underline\">Caracter\u00edsticas del ARIZER &#8211; EXTREME-Q:<\/span><\/h2>\n<ul style=\"list-style-type: disc\">\n<ul style=\"list-style-type: disc\">\n<li>vaporizador multifunci\u00f3n: globo, tubo de silicona o aromaterapia.<\/li>\n<li>materiales de alta calidad libres de compuestos nocivos.<\/li>\n<li>f\u00e1cil de usar y programar.<\/li>\n<li>regulaci\u00f3n precisa de la temperatura.<\/li>\n<li>mando a distancia para ajuste remoto.<\/li>\n<li>excelente para uso en grupo.<\/li>\n<li>desconexi\u00f3n autom\u00e1tica.<\/li>\n<\/ul>\n<\/ul>\n<p><strong><\/p>\n<p><span style=\"text-decoration: underline\">INCLUIDO EN LA CAJA<\/span>:<\/strong><\/p>\n<ul style=\"list-style-type: disc\">\n<li>Vaporizador Extreme-Q<\/li>\n<li>Tubos de silicona para uso alimentario<\/li>\n<li>Adaptadores y reductores de vidrio<\/li>\n<li>2 cuencos cicl\u00f3nicos de vidrio<\/li>\n<li>Agitador de vidrio<\/li>\n<li>Filtros de recambio adicionales<\/li>\n<li>Sistema de globos extra\u00edbles con 2 juegos de globos<\/li>\n<li>Bol de aromaterapia<\/li>\n<li>Mando a distancia<\/li>\n<li>Manual de instrucciones<\/li>\n<\/ul>\n","protected":false},"excerpt":{"rendered":"<p>El Arizer Extreme-Q es un vaporizador de sobremesa polivalente fabricado con componentes de la m\u00e1s alta calidad. La densidad del<\/p>\n","protected":false},"featured_media":125524,"comment_status":"open","ping_status":"closed","template":"","meta":[],"product_brand":[],"product_cat":[7908],"product_tag":[],"class_list":{"0":"post-125543","1":"product","2":"type-product","3":"status-publish","4":"has-post-thumbnail","6":"product_cat-vaporizadores","8":"first","9":"instock","10":"taxable","11":"shipping-taxable","12":"purchasable","13":"product-type-simple"},"_links":{"self":[{"href":"https:\/\/www.budream.com\/es\/wp-json\/wp\/v2\/product\/125543","targetHints":{"allow":["GET"]}}],"collection":[{"href":"https:\/\/www.budream.com\/es\/wp-json\/wp\/v2\/product"}],"about":[{"href":"https:\/\/www.budream.com\/es\/wp-json\/wp\/v2\/types\/product"}],"replies":[{"embeddable":true,"href":"https:\/\/www.budream.com\/es\/wp-json\/wp\/v2\/comments?post=125543"}],"version-history":[{"count":0,"href":"https:\/\/www.budream.com\/es\/wp-json\/wp\/v2\/product\/125543\/revisions"}],"wp:featuredmedia":[{"embeddable":true,"href":"https:\/\/www.budream.com\/es\/wp-json\/wp\/v2\/media\/125524"}],"wp:attachment":[{"href":"https:\/\/www.budream.com\/es\/wp-json\/wp\/v2\/media?parent=125543"}],"wp:term":[{"taxonomy":"product_brand","embeddable":true,"href":"https:\/\/www.budream.com\/es\/wp-json\/wp\/v2\/product_brand?post=125543"},{"taxonomy":"product_cat","embeddable":true,"href":"https:\/\/www.budream.com\/es\/wp-json\/wp\/v2\/product_cat?post=125543"},{"taxonomy":"product_tag","embeddable":true,"href":"https:\/\/www.budream.com\/es\/wp-json\/wp\/v2\/product_tag?post=125543"}],"curies":[{"name":"wp","href":"https:\/\/api.w.org\/{rel}","templated":true}]}}