{"id":125558,"date":"2025-07-30T18:56:08","date_gmt":"2025-07-30T16:56:08","guid":{"rendered":"https:\/\/www.budream.com\/shop\/storzbickel-molinillo-de-plastico-original\/"},"modified":"2026-02-17T11:58:00","modified_gmt":"2026-02-17T09:58:00","slug":"storzbickel-molinillo-de-plastico-original","status":"publish","type":"product","link":"https:\/\/www.budream.com\/es\/shop\/storzbickel-molinillo-de-plastico-original\/","title":{"rendered":"STORZ&amp;BICKEL &#8211; MOLINILLO DE PL\u00c1STICO ORIGINAL"},"content":{"rendered":"<p>El original molinillo Volcano de pl\u00e1stico tiene dientes extra afilados para moler finamente las hierbas.<br \/>Tiene un pr\u00e1ctico compartimento de pl\u00e1stico con tapa transparente para inspeccionar f\u00e1cilmente el contenido.<\/p>\n","protected":false},"excerpt":{"rendered":"<p>El original molinillo Volcano de pl\u00e1stico tiene dientes extra afilados para moler finamente las hierbas.Tiene un pr\u00e1ctico compartimento de pl\u00e1stico<\/p>\n","protected":false},"featured_media":125549,"comment_status":"open","ping_status":"closed","template":"","meta":[],"product_brand":[],"product_cat":[1179],"product_tag":[],"class_list":{"0":"post-125558","1":"product","2":"type-product","3":"status-publish","4":"has-post-thumbnail","6":"product_cat-vaporizzatori","8":"first","9":"instock","10":"taxable","11":"shipping-taxable","12":"purchasable","13":"product-type-simple"},"aioseo_notices":[],"_links":{"self":[{"href":"https:\/\/www.budream.com\/es\/wp-json\/wp\/v2\/product\/125558","targetHints":{"allow":["GET"]}}],"collection":[{"href":"https:\/\/www.budream.com\/es\/wp-json\/wp\/v2\/product"}],"about":[{"href":"https:\/\/www.budream.com\/es\/wp-json\/wp\/v2\/types\/product"}],"replies":[{"embeddable":true,"href":"https:\/\/www.budream.com\/es\/wp-json\/wp\/v2\/comments?post=125558"}],"version-history":[{"count":0,"href":"https:\/\/www.budream.com\/es\/wp-json\/wp\/v2\/product\/125558\/revisions"}],"wp:featuredmedia":[{"embeddable":true,"href":"https:\/\/www.budream.com\/es\/wp-json\/wp\/v2\/media\/125549"}],"wp:attachment":[{"href":"https:\/\/www.budream.com\/es\/wp-json\/wp\/v2\/media?parent=125558"}],"wp:term":[{"taxonomy":"product_brand","embeddable":true,"href":"https:\/\/www.budream.com\/es\/wp-json\/wp\/v2\/product_brand?post=125558"},{"taxonomy":"product_cat","embeddable":true,"href":"https:\/\/www.budream.com\/es\/wp-json\/wp\/v2\/product_cat?post=125558"},{"taxonomy":"product_tag","embeddable":true,"href":"https:\/\/www.budream.com\/es\/wp-json\/wp\/v2\/product_tag?post=125558"}],"curies":[{"name":"wp","href":"https:\/\/api.w.org\/{rel}","templated":true}]}}