{"id":125608,"date":"2025-07-30T18:57:34","date_gmt":"2025-07-30T16:57:34","guid":{"rendered":"https:\/\/www.budream.com\/shop\/storzbickel-cargador-con-capsulas-dispensadoras-8-capsulas\/"},"modified":"2026-04-24T15:16:06","modified_gmt":"2026-04-24T13:16:06","slug":"storzbickel-cargador-con-capsulas-dispensadoras-8-capsulas","status":"publish","type":"product","link":"https:\/\/www.budream.com\/es\/shop\/storzbickel-cargador-con-capsulas-dispensadoras-8-capsulas\/","title":{"rendered":"STORZ&amp;BICKEL &#8211; CARGADOR CON C\u00c1PSULAS DISPENSADORAS | 8 C\u00c1PSULAS"},"content":{"rendered":"<p>Gracias al cargador de Storz &amp; bickel, puede rellenar de antemano c\u00e1psulas dosificadoras con hierbas molidas y guardarlas c\u00f3modamente.<br \/>Las c\u00e1psulas dosificadoras se pueden utilizar con todos los vaporizadores de Storz &amp; bickel.<\/p>\n","protected":false},"excerpt":{"rendered":"<p>Gracias al cargador de Storz &amp; bickel, puede rellenar de antemano c\u00e1psulas dosificadoras con hierbas molidas y guardarlas c\u00f3modamente.Las c\u00e1psulas<\/p>\n","protected":false},"featured_media":125594,"comment_status":"open","ping_status":"closed","template":"","meta":[],"product_brand":[],"product_cat":[1179],"product_tag":[],"class_list":{"0":"post-125608","1":"product","2":"type-product","3":"status-publish","4":"has-post-thumbnail","6":"product_cat-vaporizzatori","8":"first","9":"instock","10":"taxable","11":"shipping-taxable","12":"purchasable","13":"product-type-simple"},"aioseo_notices":[],"_links":{"self":[{"href":"https:\/\/www.budream.com\/es\/wp-json\/wp\/v2\/product\/125608","targetHints":{"allow":["GET"]}}],"collection":[{"href":"https:\/\/www.budream.com\/es\/wp-json\/wp\/v2\/product"}],"about":[{"href":"https:\/\/www.budream.com\/es\/wp-json\/wp\/v2\/types\/product"}],"replies":[{"embeddable":true,"href":"https:\/\/www.budream.com\/es\/wp-json\/wp\/v2\/comments?post=125608"}],"version-history":[{"count":0,"href":"https:\/\/www.budream.com\/es\/wp-json\/wp\/v2\/product\/125608\/revisions"}],"wp:featuredmedia":[{"embeddable":true,"href":"https:\/\/www.budream.com\/es\/wp-json\/wp\/v2\/media\/125594"}],"wp:attachment":[{"href":"https:\/\/www.budream.com\/es\/wp-json\/wp\/v2\/media?parent=125608"}],"wp:term":[{"taxonomy":"product_brand","embeddable":true,"href":"https:\/\/www.budream.com\/es\/wp-json\/wp\/v2\/product_brand?post=125608"},{"taxonomy":"product_cat","embeddable":true,"href":"https:\/\/www.budream.com\/es\/wp-json\/wp\/v2\/product_cat?post=125608"},{"taxonomy":"product_tag","embeddable":true,"href":"https:\/\/www.budream.com\/es\/wp-json\/wp\/v2\/product_tag?post=125608"}],"curies":[{"name":"wp","href":"https:\/\/api.w.org\/{rel}","templated":true}]}}