{"id":125688,"date":"2025-07-30T19:03:04","date_gmt":"2025-07-30T17:03:04","guid":{"rendered":"https:\/\/www.budream.com\/shop\/flowermate-adaptador-bong-para-serie-v5\/"},"modified":"2026-04-20T14:14:23","modified_gmt":"2026-04-20T12:14:23","slug":"flowermate-adaptador-bong-para-serie-v5","status":"publish","type":"product","link":"https:\/\/www.budream.com\/es\/shop\/flowermate-adaptador-bong-para-serie-v5\/","title":{"rendered":"FLOWERMATE &#8211; ADAPTADOR BONG PARA SERIE V5"},"content":{"rendered":"<p>Este adaptador facilita la conexi\u00f3n de los vaporizadores port\u00e1tiles Flowermate a los bongs de agua. <br \/>Su dise\u00f1o especial permite adaptar el producto a todos los bongs del mercado.<\/p>\n<h2><span style=\"text-decoration: underline\">Adaptador de bong FLOWERMATE para la serie V5: <\/span><\/h2>\n<ul style=\"list-style-type: disc\">\n<li>adaptador de bong universal;<\/li>\n<li>Conexi\u00f3n macho y hembra de 10\/14 y 18 mm;<\/li>\n<li>100% acero inoxidable;<\/li>\n<\/ul>\n<h2><span style=\"text-decoration: underline\">Adaptador de cachimba FLOWERMATE compatible con la serie V5:<\/span><\/h2>\n<ul style=\"list-style-type: disc\">\n<li>Flowermate V5.0<\/li>\n<li>Flowermate V5.0S<\/li>\n<li>Flowermate V5.0 Pro<\/li>\n<\/ul>\n<p> <strong>Nota<\/strong>: El adaptador para herramientas de agua Flowermate NO es compatible con el Flowermate V5.0 Mini<\/p>\n","protected":false},"excerpt":{"rendered":"<p>Este adaptador facilita la conexi\u00f3n de los vaporizadores port\u00e1tiles Flowermate a los bongs de agua. Su dise\u00f1o especial permite adaptar<\/p>\n","protected":false},"featured_media":125679,"comment_status":"open","ping_status":"closed","template":"","meta":[],"product_brand":[],"product_cat":[7908],"product_tag":[],"class_list":{"0":"post-125688","1":"product","2":"type-product","3":"status-publish","4":"has-post-thumbnail","6":"product_cat-vaporizadores","8":"first","9":"instock","10":"sale","11":"taxable","12":"shipping-taxable","13":"purchasable","14":"product-type-simple"},"aioseo_notices":[],"_links":{"self":[{"href":"https:\/\/www.budream.com\/es\/wp-json\/wp\/v2\/product\/125688","targetHints":{"allow":["GET"]}}],"collection":[{"href":"https:\/\/www.budream.com\/es\/wp-json\/wp\/v2\/product"}],"about":[{"href":"https:\/\/www.budream.com\/es\/wp-json\/wp\/v2\/types\/product"}],"replies":[{"embeddable":true,"href":"https:\/\/www.budream.com\/es\/wp-json\/wp\/v2\/comments?post=125688"}],"version-history":[{"count":0,"href":"https:\/\/www.budream.com\/es\/wp-json\/wp\/v2\/product\/125688\/revisions"}],"wp:featuredmedia":[{"embeddable":true,"href":"https:\/\/www.budream.com\/es\/wp-json\/wp\/v2\/media\/125679"}],"wp:attachment":[{"href":"https:\/\/www.budream.com\/es\/wp-json\/wp\/v2\/media?parent=125688"}],"wp:term":[{"taxonomy":"product_brand","embeddable":true,"href":"https:\/\/www.budream.com\/es\/wp-json\/wp\/v2\/product_brand?post=125688"},{"taxonomy":"product_cat","embeddable":true,"href":"https:\/\/www.budream.com\/es\/wp-json\/wp\/v2\/product_cat?post=125688"},{"taxonomy":"product_tag","embeddable":true,"href":"https:\/\/www.budream.com\/es\/wp-json\/wp\/v2\/product_tag?post=125688"}],"curies":[{"name":"wp","href":"https:\/\/api.w.org\/{rel}","templated":true}]}}