{"id":125698,"date":"2025-07-30T19:03:32","date_gmt":"2025-07-30T17:03:32","guid":{"rendered":"https:\/\/www.budream.com\/shop\/flowermate-contenedor-de-extractos-para-las-series-aura-y-v5\/"},"modified":"2026-04-20T14:14:48","modified_gmt":"2026-04-20T12:14:48","slug":"flowermate-contenedor-de-extractos-para-las-series-aura-y-v5","status":"publish","type":"product","link":"https:\/\/www.budream.com\/es\/shop\/flowermate-contenedor-de-extractos-para-las-series-aura-y-v5\/","title":{"rendered":"FLOWERMATE &#8211; CONTENEDOR DE EXTRACTOS PARA LAS SERIES AURA Y V5"},"content":{"rendered":"<p>Gracias al contenedor de extractos Flowermate, puedes vaporizar todo tipo de extractos (desde Rosin hasta cristales de CBD) c\u00f3modamente y sin da\u00f1ar la c\u00e1mara de vapor de tu Flowermate.<\/p>\n<h2><span style=\"text-decoration: underline\">Contenedor de extracciones Flowermate:<\/span><\/h2>\n<ul style=\"list-style-type: disc\">\n<li>Contenedor de acero;<\/li>\n<li>Tap\u00f3n roscado;<\/li>\n<li>Algod\u00f3n org\u00e1nico en el interior;<\/li>\n<li>Compatible con: V5.0, V5.0S, V 5.0s Mini, Pro, Pro Mini, Aura, HIBRID, HIBRID X, V3.0S Air y V 7.0S.<\/li>\n<\/ul>\n","protected":false},"excerpt":{"rendered":"<p>Gracias al contenedor de extractos Flowermate, puedes vaporizar todo tipo de extractos (desde Rosin hasta cristales de CBD) c\u00f3modamente y<\/p>\n","protected":false},"featured_media":125694,"comment_status":"open","ping_status":"closed","template":"","meta":[],"product_brand":[],"product_cat":[7908],"product_tag":[],"class_list":{"0":"post-125698","1":"product","2":"type-product","3":"status-publish","4":"has-post-thumbnail","6":"product_cat-vaporizadores","8":"first","9":"instock","10":"sale","11":"taxable","12":"shipping-taxable","13":"purchasable","14":"product-type-simple"},"aioseo_notices":[],"_links":{"self":[{"href":"https:\/\/www.budream.com\/es\/wp-json\/wp\/v2\/product\/125698","targetHints":{"allow":["GET"]}}],"collection":[{"href":"https:\/\/www.budream.com\/es\/wp-json\/wp\/v2\/product"}],"about":[{"href":"https:\/\/www.budream.com\/es\/wp-json\/wp\/v2\/types\/product"}],"replies":[{"embeddable":true,"href":"https:\/\/www.budream.com\/es\/wp-json\/wp\/v2\/comments?post=125698"}],"version-history":[{"count":0,"href":"https:\/\/www.budream.com\/es\/wp-json\/wp\/v2\/product\/125698\/revisions"}],"wp:featuredmedia":[{"embeddable":true,"href":"https:\/\/www.budream.com\/es\/wp-json\/wp\/v2\/media\/125694"}],"wp:attachment":[{"href":"https:\/\/www.budream.com\/es\/wp-json\/wp\/v2\/media?parent=125698"}],"wp:term":[{"taxonomy":"product_brand","embeddable":true,"href":"https:\/\/www.budream.com\/es\/wp-json\/wp\/v2\/product_brand?post=125698"},{"taxonomy":"product_cat","embeddable":true,"href":"https:\/\/www.budream.com\/es\/wp-json\/wp\/v2\/product_cat?post=125698"},{"taxonomy":"product_tag","embeddable":true,"href":"https:\/\/www.budream.com\/es\/wp-json\/wp\/v2\/product_tag?post=125698"}],"curies":[{"name":"wp","href":"https:\/\/api.w.org\/{rel}","templated":true}]}}