{"id":125748,"date":"2025-07-30T19:06:11","date_gmt":"2025-07-30T17:06:11","guid":{"rendered":"https:\/\/www.budream.com\/shop\/storzbickel-plenty-vaporizador-de-sobremesa\/"},"modified":"2026-04-23T09:39:08","modified_gmt":"2026-04-23T07:39:08","slug":"storzbickel-plenty-vaporizador-de-sobremesa","status":"publish","type":"product","link":"https:\/\/www.budream.com\/es\/shop\/storzbickel-plenty-vaporizador-de-sobremesa\/","title":{"rendered":"STORZ&amp;BICKEL &#8211; PLENTY | VAPORIZADOR DE SOBREMESA"},"content":{"rendered":"<p>Descubrimientos sin fin. Calentamiento potente, refrigeraci\u00f3n eficaz y una c\u00e1mara de relleno extragrande combinados en un \u00fanico dispositivo port\u00e1til: <strong>PLENTY<\/strong>. <br \/>El resultado es una abundancia de vapor con un aroma de primera clase.<\/p>\n<p>Plenty es un vaporizador de mano potente y robusto con un tubo de inhalaci\u00f3n de vapor flexible. Las temperaturas de vaporizaci\u00f3n del Plenty pueden seleccionarse entre 130&deg;C y 200&deg;C. El nivel preciso puede controlarse mediante el <strong>term\u00f3metro<\/strong> del vaporizador.<br \/>Con una capacidad de 3,4 cm&sup3;, la C\u00e1mara de Relleno ofrece una superficie \u00f3ptima para una inhalaci\u00f3n eficaz y una calidad de vaporizaci\u00f3n realmente excepcional, mientras que la <strong>Espiral de Enfriamiento<\/strong> de acero inoxidable hace que el flujo de aire sea a\u00fan m\u00e1s suave al eliminar casi por completo la resistencia a la inhalaci\u00f3n.<\/p>\n<h2><span style=\"text-decoration: underline\"><strong>Caracter\u00edsticas del vaporizador Plenty:<\/strong><\/span><\/h2>\n<ul style=\"list-style-type: disc\">\n<li>Calentamiento r\u00e1pido (&lt; 1 minuto hasta 130 &deg;C);<\/li>\n<li>Materiales de calidad alimentaria;<\/li>\n<li>Temperatura ajustable entre 130 &deg;C y 200 &deg;C;<\/li>\n<li>Intercambiador de calor de doble h\u00e9lice;<\/li>\n<li>Desconexi\u00f3n autom\u00e1tica;<\/li>\n<\/ul>\n<h2><span style=\"text-decoration: underline\"><strong>Material incluido en el paquete:<\/strong><\/span><\/h2>\n<ul style=\"list-style-type: disc\">\n<li>Unidad vaporizadora Plenty;<\/li>\n<li>Manual del usuario;<\/li>\n<li>1 cepillo de limpieza<\/li>\n<li>3 x redes;<\/li>\n<li>1 x boquilla de pl\u00e1stico<\/li>\n<li>2 x tubos (corto+largo);<\/li>\n<li>1 hisopo con l\u00edquido;<\/li>\n<\/ul>\n<p><\/p>\n<div class=\"jarallax\" data-content-type=\"row\" data-appearance=\"full-width\" data-enable-parallax=\"1\" data-parallax-speed=\"0,1\" data-background-images=\"{}\" data-background-type=\"image\" data-video-loop=\"true\" data-video-play-only-visible=\"true\" data-video-lazy-load=\"true\" data-video-fallback-src=\"\" data-element=\"main\" data-pb-style=\"HNH4GKH\" data-jarallax=\"\">\n<div class=\"row-full-width-inner\" data-element=\"inner\">\n<figure data-content-type=\"image\" data-appearance=\"full-width\" data-element=\"main\" data-pb-style=\"KFNNDD5\"><img decoding=\"async\" class=\"pagebuilder-mobile-hidden\" title=\"\" src=\"https:\/\/www.storz-bickel.com\/media\/wysiwyg\/Plenty-RGB.png\" alt=\"\" data-element=\"desktop_image\" data-pb-style=\"T1DDUOR\" \/><\/figure>\n<figure data-content-type=\"image\" data-appearance=\"full-width\" data-element=\"main\" data-pb-style=\"V6K1FRK\"><img decoding=\"async\" class=\"pagebuilder-mobile-hidden\" title=\"\" src=\"https:\/\/www.storz-bickel.com\/media\/wysiwyg\/Plenty_1.jpg\" alt=\"\" data-element=\"desktop_image\" data-pb-style=\"RVOSECI\" \/><\/figure>\n<\/div>\n<\/div>\n<div class=\"jarallax\" data-content-type=\"row\" data-appearance=\"full-width\" data-enable-parallax=\"1\" data-parallax-speed=\"0.5\" data-background-images=\"{}\" data-background-type=\"image\" data-video-loop=\"true\" data-video-play-only-visible=\"true\" data-video-lazy-load=\"true\" data-video-fallback-src=\"\" data-element=\"main\" data-pb-style=\"XUGVTU0\" data-jarallax=\"\">\n<div class=\"row-full-width-inner\" data-element=\"inner\">\n<div data-content-type=\"text\" data-appearance=\"default\" data-element=\"main\" data-pb-style=\"FUECDXC\">\n<h3 data-placeholder=\"Edit Heading Text\" data-contenttype=\"heading\" data-appearance=\"default\" data-element=\"main\">A favor del aroma.<\/h3>\n<p>Calentamiento potente, refrigeraci\u00f3n eficiente y una c\u00e1mara de llenado extragrande combinados en un \u00fanico dispositivo port\u00e1til: PLENTY. El resultado es una abundancia de vapor con un aroma de primera clase.<\/p>\n<\/div>\n<\/div>\n<\/div>\n<div data-content-type=\"row\" data-appearance=\"full-width\" data-enable-parallax=\"0\" data-parallax-speed=\"0.5\" data-background-images=\"{}\" data-background-type=\"image\" data-video-loop=\"true\" data-video-play-only-visible=\"true\" data-video-lazy-load=\"true\" data-video-fallback-src=\"\" data-element=\"main\" data-pb-style=\"LMKLCW2\">\n<div class=\"row-full-width-inner\" data-element=\"inner\">\n<div class=\"pagebuilder-column-group\" data-background-images=\"{}\" data-content-type=\"column-group\" data-appearance=\"default\" data-grid-size=\"12\" data-element=\"main\" data-pb-style=\"OCPAX5O\">\n<div class=\"pagebuilder-column-line\" data-content-type=\"column-line\" data-element=\"main\" data-pb-style=\"YKG3TBC\">\n<div class=\"pagebuilder-column\" data-content-type=\"column\" data-appearance=\"full-height\" data-background-images=\"{}\" data-element=\"main\" data-pb-style=\"R6G3JQ3\">\n<div data-content-type=\"text\" data-appearance=\"default\" data-element=\"main\" data-pb-style=\"YW1A4G6\">\n<h3 data-placeholder=\"Edit Heading Text\" data-contenttype=\"heading\" data-appearance=\"default\" data-element=\"main\">Capacidad extra. Vapor extra.<\/h3>\n<p>Con una capacidad de 3,4 cm&sup3;, la C\u00e1mara de Relleno ofrece una superficie \u00f3ptima para un vapeo eficaz y una calidad de vaporizaci\u00f3n realmente excepcional, mientras que la Espiral de Enfriamiento de acero inoxidable hace que el flujo de aire sea a\u00fan m\u00e1s suave, eliminando casi por completo la resistencia a la calada.<\/p>\n<\/div>\n<\/div>\n<div class=\"pagebuilder-column\" data-content-type=\"column\" data-appearance=\"full-height\" data-background-images=\"{}\" data-element=\"main\" data-pb-style=\"EC27F8T\">\n<figure data-content-type=\"image\" data-appearance=\"full-width\" data-element=\"main\" data-pb-style=\"X2T94AK\"><img decoding=\"async\" class=\"pagebuilder-mobile-hidden\" title=\"\" src=\"https:\/\/www.storz-bickel.com\/media\/wysiwyg\/F_llkammer_Plenty.jpg\" alt=\"\" data-element=\"desktop_image\" data-pb-style=\"YKX140O\" \/><\/figure>\n<\/div>\n<\/div>\n<\/div>\n<\/div>\n<\/div>\n<div data-content-type=\"row\" data-appearance=\"full-width\" data-enable-parallax=\"0\" data-parallax-speed=\"0.5\" data-background-images=\"{}\" data-background-type=\"image\" data-video-loop=\"true\" data-video-play-only-visible=\"true\" data-video-lazy-load=\"true\" data-video-fallback-src=\"\" data-element=\"main\" data-pb-style=\"S537V0H\">\n<div class=\"row-full-width-inner\" data-element=\"inner\">\n<div data-content-type=\"text\" data-appearance=\"default\" data-element=\"main\" data-pb-style=\"V26B8IL\">\n<h3 data-placeholder=\"Edit Heading Text\" data-contenttype=\"heading\" data-appearance=\"default\" data-element=\"main\">La eficiencia es lo primero.<\/h3>\n<p>El modelo PLENTY, con su dise\u00f1o distintivo, ofrece todo el placer de vapear durante mucho tiempo a un precio atractivo.<\/p>\n<\/div>\n<\/div>\n<\/div>\n<div data-content-type=\"row\" data-appearance=\"full-width\" data-enable-parallax=\"0\" data-parallax-speed=\"0.5\" data-background-images=\"{}\" data-background-type=\"image\" data-video-loop=\"true\" data-video-play-only-visible=\"true\" data-video-lazy-load=\"true\" data-video-fallback-src=\"\" data-element=\"main\" data-pb-style=\"MAQQRPX\">\n<div class=\"row-full-width-inner\" data-element=\"inner\">\n<div class=\"pagebuilder-column-group\" data-background-images=\"{}\" data-content-type=\"column-group\" data-appearance=\"default\" data-grid-size=\"12\" data-element=\"main\" data-pb-style=\"IGLHRE3\">\n<div class=\"pagebuilder-column-line\" data-content-type=\"column-line\" data-element=\"main\" data-pb-style=\"NY3CHJ4\">\n<div class=\"pagebuilder-column\" data-content-type=\"column\" data-appearance=\"full-height\" data-background-images=\"{}\" data-element=\"main\" data-pb-style=\"HRGSMDQ\">\n<figure data-content-type=\"image\" data-appearance=\"full-width\" data-element=\"main\" data-pb-style=\"MI6KA74\"><img decoding=\"async\" class=\"pagebuilder-mobile-hidden\" title=\"\" src=\"https:\/\/www.storz-bickel.com\/media\/wysiwyg\/Heizung_Plenty.jpg\" alt=\"\" data-element=\"desktop_image\" data-pb-style=\"OVA0DOP\" \/><\/figure>\n<\/div>\n<div class=\"pagebuilder-column\" data-content-type=\"column\" data-appearance=\"full-height\" data-background-images=\"{}\" data-element=\"main\" data-pb-style=\"Q6AJ3XQ\">\n<div data-content-type=\"text\" data-appearance=\"default\" data-element=\"main\" data-pb-style=\"GJ4YO6P\">\n<h3 data-placeholder=\"Edit Heading Text\" data-contenttype=\"heading\" data-appearance=\"default\" data-element=\"main\">Seguro y fiable. Puramente electromec\u00e1nico.<\/h3>\n<p>Un term\u00f3metro resaltado indica la temperatura actual, mientras que el termostato bimet\u00e1lico interno garantiza un funcionamiento seguro con un fusible t\u00e9rmico independiente y un dispositivo de desconexi\u00f3n autom\u00e1tica.<\/p>\n<\/div>\n<\/div>\n<\/div>\n<\/div>\n<\/div>\n<\/div>\n","protected":false},"excerpt":{"rendered":"<p>Descubrimientos sin fin. Calentamiento potente, refrigeraci\u00f3n eficaz y una c\u00e1mara de relleno extragrande combinados en un \u00fanico dispositivo port\u00e1til: PLENTY.<\/p>\n","protected":false},"featured_media":125724,"comment_status":"open","ping_status":"closed","template":"","meta":[],"product_brand":[],"product_cat":[7908],"product_tag":[],"class_list":{"0":"post-125748","1":"product","2":"type-product","3":"status-publish","4":"has-post-thumbnail","6":"product_cat-vaporizadores","8":"first","9":"outofstock","10":"sale","11":"taxable","12":"shipping-taxable","13":"purchasable","14":"product-type-simple"},"aioseo_notices":[],"_links":{"self":[{"href":"https:\/\/www.budream.com\/es\/wp-json\/wp\/v2\/product\/125748","targetHints":{"allow":["GET"]}}],"collection":[{"href":"https:\/\/www.budream.com\/es\/wp-json\/wp\/v2\/product"}],"about":[{"href":"https:\/\/www.budream.com\/es\/wp-json\/wp\/v2\/types\/product"}],"replies":[{"embeddable":true,"href":"https:\/\/www.budream.com\/es\/wp-json\/wp\/v2\/comments?post=125748"}],"version-history":[{"count":1,"href":"https:\/\/www.budream.com\/es\/wp-json\/wp\/v2\/product\/125748\/revisions"}],"predecessor-version":[{"id":264464,"href":"https:\/\/www.budream.com\/es\/wp-json\/wp\/v2\/product\/125748\/revisions\/264464"}],"wp:featuredmedia":[{"embeddable":true,"href":"https:\/\/www.budream.com\/es\/wp-json\/wp\/v2\/media\/125724"}],"wp:attachment":[{"href":"https:\/\/www.budream.com\/es\/wp-json\/wp\/v2\/media?parent=125748"}],"wp:term":[{"taxonomy":"product_brand","embeddable":true,"href":"https:\/\/www.budream.com\/es\/wp-json\/wp\/v2\/product_brand?post=125748"},{"taxonomy":"product_cat","embeddable":true,"href":"https:\/\/www.budream.com\/es\/wp-json\/wp\/v2\/product_cat?post=125748"},{"taxonomy":"product_tag","embeddable":true,"href":"https:\/\/www.budream.com\/es\/wp-json\/wp\/v2\/product_tag?post=125748"}],"curies":[{"name":"wp","href":"https:\/\/api.w.org\/{rel}","templated":true}]}}