{"id":125793,"date":"2025-07-30T19:07:40","date_gmt":"2025-07-30T17:07:40","guid":{"rendered":"https:\/\/www.budream.com\/shop\/storzbickel-starter-set-easy-valve\/"},"modified":"2025-12-23T15:02:48","modified_gmt":"2025-12-23T13:02:48","slug":"storzbickel-starter-set-easy-valve","status":"publish","type":"product","link":"https:\/\/www.budream.com\/es\/shop\/storzbickel-starter-set-easy-valve\/","title":{"rendered":"STORZ&amp;BICKEL &#8211; STARTER SET EASY VALVE"},"content":{"rendered":"<p>El EASY VALVE Flask es apto para alimentos, a prueba de calor y sin olores; est\u00e1 disponible en dos tama\u00f1os: est\u00e1ndar y XL. <br \/>La inhalaci\u00f3n del EASY VALVE Flask es especialmente c\u00f3moda, ya que pr\u00e1cticamente no hay resistencia a la inhalaci\u00f3n.<\/p>\n<h2><strong><span style=\"text-decoration: underline\">El set de iniciaci\u00f3n Easy Valve de Storz &amp; Bickel incluye:<\/span><\/strong><\/h2>\n<ul style=\"list-style-type: disc\">\n<li>4 pcs. Frasco Easy Valve con boquilla;<\/li>\n<li>1 pz. Easy Valve Frasco con Adaptador;<\/li>\n<li>1 ud. C\u00e1mara de vapor Easy Valve<\/li>\n<li>3 uds. Clip para C\u00e1mara de Relleno;<\/li>\n<li>1 ud. Anillo de tapa;<\/li>\n<li>1 ud. Juego de filtros est\u00e1ndar (aprox. &Oslash; 30 mm);<\/li>\n<li>1 ud. Cepillo de limpieza;<\/li>\n<\/ul>\n","protected":false},"excerpt":{"rendered":"<p>El EASY VALVE Flask es apto para alimentos, a prueba de calor y sin olores; est\u00e1 disponible en dos tama\u00f1os:<\/p>\n","protected":false},"featured_media":125784,"comment_status":"open","ping_status":"closed","template":"","meta":[],"product_brand":[],"product_cat":[7908],"product_tag":[],"class_list":{"0":"post-125793","1":"product","2":"type-product","3":"status-publish","4":"has-post-thumbnail","6":"product_cat-vaporizadores","8":"first","9":"instock","10":"sale","11":"taxable","12":"shipping-taxable","13":"purchasable","14":"product-type-simple"},"aioseo_notices":[],"_links":{"self":[{"href":"https:\/\/www.budream.com\/es\/wp-json\/wp\/v2\/product\/125793","targetHints":{"allow":["GET"]}}],"collection":[{"href":"https:\/\/www.budream.com\/es\/wp-json\/wp\/v2\/product"}],"about":[{"href":"https:\/\/www.budream.com\/es\/wp-json\/wp\/v2\/types\/product"}],"replies":[{"embeddable":true,"href":"https:\/\/www.budream.com\/es\/wp-json\/wp\/v2\/comments?post=125793"}],"version-history":[{"count":0,"href":"https:\/\/www.budream.com\/es\/wp-json\/wp\/v2\/product\/125793\/revisions"}],"wp:featuredmedia":[{"embeddable":true,"href":"https:\/\/www.budream.com\/es\/wp-json\/wp\/v2\/media\/125784"}],"wp:attachment":[{"href":"https:\/\/www.budream.com\/es\/wp-json\/wp\/v2\/media?parent=125793"}],"wp:term":[{"taxonomy":"product_brand","embeddable":true,"href":"https:\/\/www.budream.com\/es\/wp-json\/wp\/v2\/product_brand?post=125793"},{"taxonomy":"product_cat","embeddable":true,"href":"https:\/\/www.budream.com\/es\/wp-json\/wp\/v2\/product_cat?post=125793"},{"taxonomy":"product_tag","embeddable":true,"href":"https:\/\/www.budream.com\/es\/wp-json\/wp\/v2\/product_tag?post=125793"}],"curies":[{"name":"wp","href":"https:\/\/api.w.org\/{rel}","templated":true}]}}