{"id":125923,"date":"2025-07-30T19:13:49","date_gmt":"2025-07-30T17:13:49","guid":{"rendered":"https:\/\/www.budream.com\/shop\/flowermate-vaporizador-aura\/"},"modified":"2026-04-20T14:15:40","modified_gmt":"2026-04-20T12:15:40","slug":"flowermate-vaporizador-aura","status":"publish","type":"product","link":"https:\/\/www.budream.com\/es\/shop\/flowermate-vaporizador-aura\/","title":{"rendered":"FLOWERMATE &#8211; VAPORIZADOR AURA"},"content":{"rendered":"<p>El <strong>Flowermate Aura<\/strong> combina funcionalidad y comodidad en un solo vaporizador: puede vaporizar tanto plantas secas como concentrados y est\u00e1 equipado con una c\u00e1mara de calentamiento de cer\u00e1mica muy profunda capaz de generar un potente flujo de calor. Es imposible alcanzar temperaturas de combusti\u00f3n con este vaporizador.<\/p>\n<p><strong>\u00a1Nueva versi\u00f3n 2024 con entrada de carga USB-C para una carga m\u00e1s r\u00e1pida! <\/strong><\/p>\n<p>El Aura es uno de los vaporizadores port\u00e1tiles m\u00e1s eficientes de Flowermate.<\/p>\n<h2><strong><span style=\"text-decoration: underline\">Caracter\u00edsticas del vaporizador Flowermate Aura<\/span>:<\/strong><\/h2>\n<ul style=\"list-style-type: disc\">\n<li><strong>R\u00e1pido calentamiento:<\/strong> una vez encendido, el Aura alcanza la temperatura establecida en menos de un minuto. La pantalla iluminada y los botones permiten al usuario ajustar la temperatura con precisi\u00f3n y facilidad.<\/li>\n<li><strong>Dise\u00f1o elegante:<\/strong> el Aura est\u00e1 dise\u00f1ado para ser un dispositivo discreto y port\u00e1til. Su forma de bol\u00edgrafo elegante y compacto, de 15 cm de longitud, hace que este vaporizador sea f\u00e1cil de llevar en un bolso cuando se viaja.<\/li>\n<li><strong>Bater\u00eda de larga duraci\u00f3n:<\/strong> Gracias a la bater\u00eda Samsung\/LG, el Aura tiene dos horas de uso continuo.<\/li>\n<li><strong>Doble funcionalidad:<\/strong> El Flowermate Aura es capaz de vaporizar tanto ceras y l\u00edquidos secos como concentrados. Gracias a sus discos de acero inoxidable y c\u00e1psulas para concentrados y l\u00edquidos (con una mecha de algod\u00f3n org\u00e1nico), la c\u00e1mara de calentamiento se puede adaptar r\u00e1pidamente a lo que quieras vaporizar, \u00a1incluso sobre la marcha!<\/li>\n<\/ul>\n<p><strong><br \/><span style=\"text-decoration: underline\">INCLUIDO EN LA CAJA:<\/span><\/strong><\/p>\n<ul style=\"list-style-type: disc\">\n<li>Vaporizador Aura<\/li>\n<li>Boquilla Aura<\/li>\n<li>Compartimento para L\u00edquidos\/Concentrados (hecho de algod\u00f3n org\u00e1nico)<\/li>\n<li>C\u00e1psula de acero inoxidable<\/li>\n<li>5 Redes de Acero Inoxidable<\/li>\n<li>Herramienta de carga y dabber<\/li>\n<li>Cepillo de Limpieza<\/li>\n<li>Cable USB<\/li>\n<li>Tarjeta de Informaci\u00f3n de Garant\u00eda<\/li>\n<li>Manual de instrucciones<\/li>\n<\/ul>\n","protected":false},"excerpt":{"rendered":"<p>El Flowermate Aura combina funcionalidad y comodidad en un solo vaporizador: puede vaporizar tanto plantas secas como concentrados y est\u00e1<\/p>\n","protected":false},"featured_media":125899,"comment_status":"open","ping_status":"closed","template":"","meta":[],"product_brand":[],"product_cat":[7908],"product_tag":[],"class_list":{"0":"post-125923","1":"product","2":"type-product","3":"status-publish","4":"has-post-thumbnail","6":"product_cat-vaporizadores","8":"first","9":"instock","10":"sale","11":"taxable","12":"shipping-taxable","13":"purchasable","14":"product-type-simple"},"_links":{"self":[{"href":"https:\/\/www.budream.com\/es\/wp-json\/wp\/v2\/product\/125923","targetHints":{"allow":["GET"]}}],"collection":[{"href":"https:\/\/www.budream.com\/es\/wp-json\/wp\/v2\/product"}],"about":[{"href":"https:\/\/www.budream.com\/es\/wp-json\/wp\/v2\/types\/product"}],"replies":[{"embeddable":true,"href":"https:\/\/www.budream.com\/es\/wp-json\/wp\/v2\/comments?post=125923"}],"version-history":[{"count":0,"href":"https:\/\/www.budream.com\/es\/wp-json\/wp\/v2\/product\/125923\/revisions"}],"wp:featuredmedia":[{"embeddable":true,"href":"https:\/\/www.budream.com\/es\/wp-json\/wp\/v2\/media\/125899"}],"wp:attachment":[{"href":"https:\/\/www.budream.com\/es\/wp-json\/wp\/v2\/media?parent=125923"}],"wp:term":[{"taxonomy":"product_brand","embeddable":true,"href":"https:\/\/www.budream.com\/es\/wp-json\/wp\/v2\/product_brand?post=125923"},{"taxonomy":"product_cat","embeddable":true,"href":"https:\/\/www.budream.com\/es\/wp-json\/wp\/v2\/product_cat?post=125923"},{"taxonomy":"product_tag","embeddable":true,"href":"https:\/\/www.budream.com\/es\/wp-json\/wp\/v2\/product_tag?post=125923"}],"curies":[{"name":"wp","href":"https:\/\/api.w.org\/{rel}","templated":true}]}}