{"id":126043,"date":"2025-07-30T19:22:28","date_gmt":"2025-07-30T17:22:28","guid":{"rendered":"https:\/\/www.budream.com\/shop\/strain-hunter-damnesia-femm-5-semillas\/"},"modified":"2025-10-14T16:23:24","modified_gmt":"2025-10-14T14:23:24","slug":"strain-hunter-damnesia-femm-5-semillas","status":"publish","type":"product","link":"https:\/\/www.budream.com\/es\/shop\/strain-hunter-damnesia-femm-5-semillas\/","title":{"rendered":"STRAIN HUNTER &#8211; DAMNESIA FEMM | 5 SEMILLAS"},"content":{"rendered":"<p>Strain Hunter ha vuelto a crear una variedad de primera clase cruzando una Amnesia cl\u00e1sica con una gen\u00e9tica A.M.S. desconocida. Lo \u00fanico que sabemos de esta \u00faltima variedad es que se supone que es una mezcla de dos h\u00edbridos suizos, dando como resultado algo realmente excepcional.<\/p>\n<h2><strong>Caracter\u00edsticas Damnesia Fem<\/strong><\/h2>\n<ul style=\"list-style-type: disc\">\n<li><strong>G\u00e9nero:<\/strong> Feminizada<\/li>\n<li>Genotipo<strong>:<\/strong> H\u00edbrido 40% Indica 60% Sativa<\/li>\n<li><strong>Gen\u00e9tica:<\/strong> A.M.S. x Amnesia Haze<\/li>\n<li><strong>D\u00edas:<\/strong> 56-63<\/li>\n<\/ul>\n<p><span style=\"font-size: 11pt\"><em><strong>ADVERTENCIA:<\/strong> Las semillas de c\u00e1\u00f1amo est\u00e1n excluidas de la noci\u00f3n legal de Cannabis, lo que significa que no deben considerarse una sustancia estupefaciente (L. 412 de 1974, art. 1, coma 1, lett. B; Convenci\u00f3n \u00danica sobre Estupefacientes de Nueva York de 1961 y tabla II del Decreto Ministerial 27\/7\/1992). En Italia, el cultivo del c\u00e1\u00f1amo est\u00e1 prohibido (art\u00edculos 28 y 73 del Decreto Presidencial 309\/90) a menos que se obtenga una autorizaci\u00f3n especial (art\u00edculo 17 del Decreto Presidencial 309\/90). A falta de autorizaci\u00f3n, las semillas s\u00f3lo pueden utilizarse para otros fines (zoot\u00e9cnicos, recolecci\u00f3n, etc.). Las semillas se venden con la reserva de que no ser\u00e1n utilizadas por terceros en conflicto con la ley.<\/em><\/span><\/p>\n","protected":false},"excerpt":{"rendered":"<p>Strain Hunter ha vuelto a crear una variedad de primera clase cruzando una Amnesia cl\u00e1sica con una gen\u00e9tica A.M.S. desconocida.<\/p>\n","protected":false},"featured_media":124224,"comment_status":"open","ping_status":"closed","template":"","meta":[],"product_brand":[],"product_cat":[7953],"product_tag":[],"class_list":{"0":"post-126043","1":"product","2":"type-product","3":"status-publish","4":"has-post-thumbnail","6":"product_cat-seedshop-es","8":"first","9":"instock","10":"sale","11":"taxable","12":"shipping-taxable","13":"purchasable","14":"product-type-simple"},"_links":{"self":[{"href":"https:\/\/www.budream.com\/es\/wp-json\/wp\/v2\/product\/126043","targetHints":{"allow":["GET"]}}],"collection":[{"href":"https:\/\/www.budream.com\/es\/wp-json\/wp\/v2\/product"}],"about":[{"href":"https:\/\/www.budream.com\/es\/wp-json\/wp\/v2\/types\/product"}],"replies":[{"embeddable":true,"href":"https:\/\/www.budream.com\/es\/wp-json\/wp\/v2\/comments?post=126043"}],"version-history":[{"count":0,"href":"https:\/\/www.budream.com\/es\/wp-json\/wp\/v2\/product\/126043\/revisions"}],"wp:featuredmedia":[{"embeddable":true,"href":"https:\/\/www.budream.com\/es\/wp-json\/wp\/v2\/media\/124224"}],"wp:attachment":[{"href":"https:\/\/www.budream.com\/es\/wp-json\/wp\/v2\/media?parent=126043"}],"wp:term":[{"taxonomy":"product_brand","embeddable":true,"href":"https:\/\/www.budream.com\/es\/wp-json\/wp\/v2\/product_brand?post=126043"},{"taxonomy":"product_cat","embeddable":true,"href":"https:\/\/www.budream.com\/es\/wp-json\/wp\/v2\/product_cat?post=126043"},{"taxonomy":"product_tag","embeddable":true,"href":"https:\/\/www.budream.com\/es\/wp-json\/wp\/v2\/product_tag?post=126043"}],"curies":[{"name":"wp","href":"https:\/\/api.w.org\/{rel}","templated":true}]}}