{"id":126118,"date":"2025-07-30T19:26:01","date_gmt":"2025-07-30T17:26:01","guid":{"rendered":"https:\/\/www.budream.com\/shop\/green-house-seed-co-white-widow-autofloreciente-fem-5-semillas\/"},"modified":"2026-04-27T12:13:00","modified_gmt":"2026-04-27T10:13:00","slug":"green-house-seed-co-white-widow-autofloreciente-fem-5-semillas","status":"publish","type":"product","link":"https:\/\/www.budream.com\/es\/shop\/green-house-seed-co-white-widow-autofloreciente-fem-5-semillas\/","title":{"rendered":"GREEN HOUSE SEED CO. &#8211; WHITE WIDOW AUTOFLORECIENTE FEM | 5 SEMILLAS"},"content":{"rendered":"<p>Greenhouse Seeds lanz\u00f3 la primera White Widow en los a\u00f1os 90 y fue un \u00e9xito mundial. Posteriormente, Greenhouse Seeds decidi\u00f3 satisfacer las necesidades de los amantes de las autoflorecientes. Hibrid\u00f3 la White Widow con ruderalis de primera calidad y obtuvo la White Widow Auto. Las caracter\u00edsticas de la vieja escuela que dieron a la White Widow su estatus legendario no se perdieron durante el proceso de hibridaci\u00f3n.<\/p>\n<h2><strong>Caracter\u00edsticas White Widow Autofloreciente Fem:<\/p>\n<p><\/strong><\/h2>\n<ul style=\"list-style-type: disc\">\n<li><strong>G\u00e9nero:<\/strong> H\u00edbrido Autofloreciente Feminizado<\/li>\n<li><strong>Genotipo<\/strong>: Indica 40%\/ Sativa 40%\/ Ruderalis 20%<\/li>\n<li><strong>Gen\u00e9tica<\/strong>: White Wiodw x Ruderalis<\/li>\n<li><strong>D\u00edas:<\/strong> 49- 56<\/li>\n<\/ul>\n<p><span style=\"font-size: 11pt\"><em><strong>ADVERTENCIA:<\/strong> Las semillas de c\u00e1\u00f1amo est\u00e1n excluidas de la noci\u00f3n legal de Cannabis, lo que significa que no deben considerarse una sustancia estupefaciente (L. 412 de 1974, art. 1, p\u00e1rrafo 1, lett. B; Convenci\u00f3n \u00danica sobre Estupefacientes de Nueva York de 1961 y tabla II del Decreto Ministerial 27\/7\/1992). En Italia, el cultivo del c\u00e1\u00f1amo est\u00e1 prohibido (art\u00edculos 28 y 73 del Decreto Presidencial 309\/90) a menos que se obtenga una autorizaci\u00f3n especial (art\u00edculo 17 del Decreto Presidencial 309\/90). A falta de autorizaci\u00f3n, las semillas s\u00f3lo pueden utilizarse para otros fines (zoot\u00e9cnicos, recolecci\u00f3n, etc.). Las semillas se venden con la reserva de que no sean utilizadas por terceros en conflicto con la ley<\/em><\/span><\/p>\n","protected":false},"excerpt":{"rendered":"<p>Greenhouse Seeds lanz\u00f3 la primera White Widow en los a\u00f1os 90 y fue un \u00e9xito mundial. Posteriormente, Greenhouse Seeds decidi\u00f3<\/p>\n","protected":false},"featured_media":244559,"comment_status":"open","ping_status":"closed","template":"","meta":[],"product_brand":[],"product_cat":[7953],"product_tag":[],"class_list":{"0":"post-126118","1":"product","2":"type-product","3":"status-publish","4":"has-post-thumbnail","6":"product_cat-seedshop-es","8":"first","9":"instock","10":"sale","11":"taxable","12":"shipping-taxable","13":"purchasable","14":"product-type-simple"},"_links":{"self":[{"href":"https:\/\/www.budream.com\/es\/wp-json\/wp\/v2\/product\/126118","targetHints":{"allow":["GET"]}}],"collection":[{"href":"https:\/\/www.budream.com\/es\/wp-json\/wp\/v2\/product"}],"about":[{"href":"https:\/\/www.budream.com\/es\/wp-json\/wp\/v2\/types\/product"}],"replies":[{"embeddable":true,"href":"https:\/\/www.budream.com\/es\/wp-json\/wp\/v2\/comments?post=126118"}],"version-history":[{"count":1,"href":"https:\/\/www.budream.com\/es\/wp-json\/wp\/v2\/product\/126118\/revisions"}],"predecessor-version":[{"id":262527,"href":"https:\/\/www.budream.com\/es\/wp-json\/wp\/v2\/product\/126118\/revisions\/262527"}],"wp:featuredmedia":[{"embeddable":true,"href":"https:\/\/www.budream.com\/es\/wp-json\/wp\/v2\/media\/244559"}],"wp:attachment":[{"href":"https:\/\/www.budream.com\/es\/wp-json\/wp\/v2\/media?parent=126118"}],"wp:term":[{"taxonomy":"product_brand","embeddable":true,"href":"https:\/\/www.budream.com\/es\/wp-json\/wp\/v2\/product_brand?post=126118"},{"taxonomy":"product_cat","embeddable":true,"href":"https:\/\/www.budream.com\/es\/wp-json\/wp\/v2\/product_cat?post=126118"},{"taxonomy":"product_tag","embeddable":true,"href":"https:\/\/www.budream.com\/es\/wp-json\/wp\/v2\/product_tag?post=126118"}],"curies":[{"name":"wp","href":"https:\/\/api.w.org\/{rel}","templated":true}]}}