{"id":126123,"date":"2025-07-30T19:26:31","date_gmt":"2025-07-30T17:26:31","guid":{"rendered":"https:\/\/www.budream.com\/shop\/storzbickel-camara-de-vaporizacion-para-valvula-easy\/"},"modified":"2025-12-23T14:43:33","modified_gmt":"2025-12-23T12:43:33","slug":"storzbickel-camara-de-vaporizacion-para-valvula-easy","status":"publish","type":"product","link":"https:\/\/www.budream.com\/es\/shop\/storzbickel-camara-de-vaporizacion-para-valvula-easy\/","title":{"rendered":"STORZ&amp;BICKEL &#8211; C\u00c1MARA DE VAPORIZACI\u00d3N PARA V\u00c1LVULA EASY"},"content":{"rendered":"<p>C\u00e1mara de vaporizaci\u00f3n de repuesto para Volcano Easy Valve.<\/p>\n<h2><span style=\"text-decoration: underline\"><strong>La c\u00e1mara de vaporizaci\u00f3n Easy Valve de Storz &amp; Bickel incluye:<\/strong><\/span><\/h2>\n<ul style=\"list-style-type: disc\">\n<li>C\u00e1mara de vaporizaci\u00f3n;<\/li>\n<li>3 clips de fijaci\u00f3n;<\/li>\n<li>Red para la c\u00e1mara de vaporizaci\u00f3n;<\/li>\n<li>Cepillo de limpieza;<\/li>\n<li>1 junta azul;<\/li>\n<\/ul>\n","protected":false},"excerpt":{"rendered":"<p>C\u00e1mara de vaporizaci\u00f3n de repuesto para Volcano Easy Valve. La c\u00e1mara de vaporizaci\u00f3n Easy Valve de Storz &amp; Bickel incluye:<\/p>\n","protected":false},"featured_media":125769,"comment_status":"open","ping_status":"closed","template":"","meta":[],"product_brand":[],"product_cat":[7908],"product_tag":[],"class_list":{"0":"post-126123","1":"product","2":"type-product","3":"status-publish","4":"has-post-thumbnail","6":"product_cat-vaporizadores","8":"first","9":"instock","10":"sale","11":"taxable","12":"shipping-taxable","13":"purchasable","14":"product-type-simple"},"_links":{"self":[{"href":"https:\/\/www.budream.com\/es\/wp-json\/wp\/v2\/product\/126123","targetHints":{"allow":["GET"]}}],"collection":[{"href":"https:\/\/www.budream.com\/es\/wp-json\/wp\/v2\/product"}],"about":[{"href":"https:\/\/www.budream.com\/es\/wp-json\/wp\/v2\/types\/product"}],"replies":[{"embeddable":true,"href":"https:\/\/www.budream.com\/es\/wp-json\/wp\/v2\/comments?post=126123"}],"version-history":[{"count":0,"href":"https:\/\/www.budream.com\/es\/wp-json\/wp\/v2\/product\/126123\/revisions"}],"wp:featuredmedia":[{"embeddable":true,"href":"https:\/\/www.budream.com\/es\/wp-json\/wp\/v2\/media\/125769"}],"wp:attachment":[{"href":"https:\/\/www.budream.com\/es\/wp-json\/wp\/v2\/media?parent=126123"}],"wp:term":[{"taxonomy":"product_brand","embeddable":true,"href":"https:\/\/www.budream.com\/es\/wp-json\/wp\/v2\/product_brand?post=126123"},{"taxonomy":"product_cat","embeddable":true,"href":"https:\/\/www.budream.com\/es\/wp-json\/wp\/v2\/product_cat?post=126123"},{"taxonomy":"product_tag","embeddable":true,"href":"https:\/\/www.budream.com\/es\/wp-json\/wp\/v2\/product_tag?post=126123"}],"curies":[{"name":"wp","href":"https:\/\/api.w.org\/{rel}","templated":true}]}}