{"id":126143,"date":"2025-07-30T19:27:00","date_gmt":"2025-07-30T17:27:00","guid":{"rendered":"https:\/\/www.budream.com\/shop\/storzbickel-camara-de-vaporizacion-para-plenty\/"},"modified":"2025-12-23T14:44:42","modified_gmt":"2025-12-23T12:44:42","slug":"storzbickel-camara-de-vaporizacion-para-plenty","status":"publish","type":"product","link":"https:\/\/www.budream.com\/es\/shop\/storzbickel-camara-de-vaporizacion-para-plenty\/","title":{"rendered":"STORZ&amp;BICKEL &#8211; C\u00c1MARA DE VAPORIZACI\u00d3N PARA PLENTY"},"content":{"rendered":"<p>C\u00e1mara de vapor de repuesto para el vaporizador Plenty.<br \/>El recipiente tiene un di\u00e1metro de c\u00e1mara de relleno optimizado y se distingue por su cierre de bayoneta y su facilidad de uso.<br \/><strong>No incluye reductor de c\u00e1psulas.<\/strong><\/p>\n","protected":false},"excerpt":{"rendered":"<p>C\u00e1mara de vapor de repuesto para el vaporizador Plenty.El recipiente tiene un di\u00e1metro de c\u00e1mara de relleno optimizado y se<\/p>\n","protected":false},"featured_media":126129,"comment_status":"open","ping_status":"closed","template":"","meta":[],"product_brand":[],"product_cat":[7908],"product_tag":[],"class_list":{"0":"post-126143","1":"product","2":"type-product","3":"status-publish","4":"has-post-thumbnail","6":"product_cat-vaporizadores","8":"first","9":"instock","10":"sale","11":"taxable","12":"shipping-taxable","13":"purchasable","14":"product-type-simple"},"_links":{"self":[{"href":"https:\/\/www.budream.com\/es\/wp-json\/wp\/v2\/product\/126143","targetHints":{"allow":["GET"]}}],"collection":[{"href":"https:\/\/www.budream.com\/es\/wp-json\/wp\/v2\/product"}],"about":[{"href":"https:\/\/www.budream.com\/es\/wp-json\/wp\/v2\/types\/product"}],"replies":[{"embeddable":true,"href":"https:\/\/www.budream.com\/es\/wp-json\/wp\/v2\/comments?post=126143"}],"version-history":[{"count":0,"href":"https:\/\/www.budream.com\/es\/wp-json\/wp\/v2\/product\/126143\/revisions"}],"wp:featuredmedia":[{"embeddable":true,"href":"https:\/\/www.budream.com\/es\/wp-json\/wp\/v2\/media\/126129"}],"wp:attachment":[{"href":"https:\/\/www.budream.com\/es\/wp-json\/wp\/v2\/media?parent=126143"}],"wp:term":[{"taxonomy":"product_brand","embeddable":true,"href":"https:\/\/www.budream.com\/es\/wp-json\/wp\/v2\/product_brand?post=126143"},{"taxonomy":"product_cat","embeddable":true,"href":"https:\/\/www.budream.com\/es\/wp-json\/wp\/v2\/product_cat?post=126143"},{"taxonomy":"product_tag","embeddable":true,"href":"https:\/\/www.budream.com\/es\/wp-json\/wp\/v2\/product_tag?post=126143"}],"curies":[{"name":"wp","href":"https:\/\/api.w.org\/{rel}","templated":true}]}}