{"id":126203,"date":"2025-07-30T19:29:26","date_gmt":"2025-07-30T17:29:26","guid":{"rendered":"https:\/\/www.budream.com\/shop\/secret-smoke-secretbox-extractor-de-polen-seco-velocidad-regulable\/"},"modified":"2026-03-24T18:46:06","modified_gmt":"2026-03-24T16:46:06","slug":"secret-smoke-secretbox-extractor-de-polen-seco-velocidad-regulable","status":"publish","type":"product","link":"https:\/\/www.budream.com\/es\/shop\/secret-smoke-secretbox-extractor-de-polen-seco-velocidad-regulable\/","title":{"rendered":"SECRET SMOKE &#8211; SECRETBOX EXTRACTOR DE POLEN SECO VELOCIDAD REGULABLE"},"content":{"rendered":"<p>Este extractor mec\u00e1nico rotativo se utiliza para extraer polen y tamizar en seco de inflorescencias o residuos de recortes.<br \/>Basta con colocar el material dentro del cilindro, colocar el cilindro en el extractor y enchufarlo; el tama\u00f1o de la malla, el tiempo y la velocidad de rotaci\u00f3n definir\u00e1n la calidad del producto final.La bandeja interior facilita la recogida y la limpieza.<br \/>Se recomienda colocar el material en el congelador antes de introducirlo en el cilindro: el fr\u00edo favorecer\u00e1 el desprendimiento de los tricomas y reducir\u00e1 el tiempo de extracci\u00f3n.<\/p>\n<p>Mallas de recambio que pueden adquirirse por separado: 100 micras (SSBOXR) y 220 micras (SSBOXR2).<\/p>\n<h2><span style=\"text-decoration: underline\">Caracter\u00edsticas Extractor de humo en seco Secretbox<\/span><\/h2>\n<ul style=\"list-style-type: disc\">\n<li>Tama\u00f1o del extractor: 40x30x28,5h cm;<\/li>\n<li>Capacidad del tambor: 150g;<\/li>\n<li>Tama\u00f1o del tambor:<\/li>\n<li>Longitud: 27cm;<\/li>\n<li>Di\u00e1metro: 20cm ;<\/li>\n<li>Malla: 220micron;<\/li>\n<li>Velocidad de rotaci\u00f3n ajustable;<\/li>\n<\/ul>\n","protected":false},"excerpt":{"rendered":"<p>Este extractor mec\u00e1nico rotativo se utiliza para extraer polen y tamizar en seco de inflorescencias o residuos de recortes.Basta con<\/p>\n","protected":false},"featured_media":126189,"comment_status":"open","ping_status":"closed","template":"","meta":[],"product_brand":[],"product_cat":[7948],"product_tag":[],"class_list":{"0":"post-126203","1":"product","2":"type-product","3":"status-publish","4":"has-post-thumbnail","6":"product_cat-headshop-es","8":"first","9":"instock","10":"taxable","11":"shipping-taxable","12":"purchasable","13":"product-type-simple"},"_links":{"self":[{"href":"https:\/\/www.budream.com\/es\/wp-json\/wp\/v2\/product\/126203","targetHints":{"allow":["GET"]}}],"collection":[{"href":"https:\/\/www.budream.com\/es\/wp-json\/wp\/v2\/product"}],"about":[{"href":"https:\/\/www.budream.com\/es\/wp-json\/wp\/v2\/types\/product"}],"replies":[{"embeddable":true,"href":"https:\/\/www.budream.com\/es\/wp-json\/wp\/v2\/comments?post=126203"}],"version-history":[{"count":0,"href":"https:\/\/www.budream.com\/es\/wp-json\/wp\/v2\/product\/126203\/revisions"}],"wp:featuredmedia":[{"embeddable":true,"href":"https:\/\/www.budream.com\/es\/wp-json\/wp\/v2\/media\/126189"}],"wp:attachment":[{"href":"https:\/\/www.budream.com\/es\/wp-json\/wp\/v2\/media?parent=126203"}],"wp:term":[{"taxonomy":"product_brand","embeddable":true,"href":"https:\/\/www.budream.com\/es\/wp-json\/wp\/v2\/product_brand?post=126203"},{"taxonomy":"product_cat","embeddable":true,"href":"https:\/\/www.budream.com\/es\/wp-json\/wp\/v2\/product_cat?post=126203"},{"taxonomy":"product_tag","embeddable":true,"href":"https:\/\/www.budream.com\/es\/wp-json\/wp\/v2\/product_tag?post=126203"}],"curies":[{"name":"wp","href":"https:\/\/api.w.org\/{rel}","templated":true}]}}