{"id":126213,"date":"2025-07-30T19:29:54","date_gmt":"2025-07-30T17:29:54","guid":{"rendered":"https:\/\/www.budream.com\/shop\/bioki-aceite-de-neem-100ml\/"},"modified":"2026-03-24T13:38:08","modified_gmt":"2026-03-24T11:38:08","slug":"bioki-aceite-de-neem-100ml","status":"publish","type":"product","link":"https:\/\/www.budream.com\/es\/shop\/bioki-aceite-de-neem-100ml\/","title":{"rendered":"BIOKI &#8211; ACEITE DE NEEM | 100ml"},"content":{"rendered":"<div style=\"color: #333333;font-family: Verdana\" align=\"justify\">\n<p style=\"font-size: 8pt\"><span style=\"font-family: Arial, Helvetica, sans-serif;font-size: small\">El aceite de neem se extrae de la <strong>Azadirachta Indica<\/strong> cultivada en zonas tropicales y subtropicales de Asia, \u00c1frica, Am\u00e9rica (Central y del Sur), Oriente Medio, Australia y Ocean\u00eda. una planta \u00abperenne\u00bb que puede crecer hasta 25 metros, vivir hasta 300 a\u00f1os y producir peque\u00f1os frutos amarillentos que contienen una o m\u00e1s semillas en un n\u00facleo duro, del que se extrae el aceite. La planta pertenece a <strong>la familia de las meli\u00e1ceas y <\/strong>hoy es conocida en todo el mundo por sus extraordinarias propiedades y m\u00faltiples aplicaciones. En las <strong>semillas<\/strong> se encuentra la mayor variedad y concentraci\u00f3n, aunque en las otras partes del \u00e1rbol (hojas, corteza, madera, ra\u00edces, pulpa del fruto, flores) hay sustancias con efectos medicinales.<\/span><\/p>\n<p align=\"justify\"><span style=\"font-family: Arial, Helvetica, sans-serif;font-size: small\">Su contenido en <strong>vitamina E<\/strong> y <strong>\u00e1cidos grasos <\/strong>esenciales lo hacen adecuado para tratamientos preventivos y revitalizantes en presencia de par\u00e1sitos.<\/span><\/p>\n<p align=\"justify\"><span style=\"font-family: Arial, Helvetica, sans-serif;font-size: small\">Remedio no t\u00f3xico para el hombre, las plantas y los animales, es eficaz en la lucha contra los insectos, las cript\u00f3gamas y los mosquitos, tanto como repelente porque los insectos no toleran su olor. Al utilizarlo, tenemos la doble ventaja de mantener alejados a los mosquitos y no tener que sufrir ning\u00fan efecto secundario desagradable.<\/span><\/p>\n<p align=\"justify\"><span style=\"font-family: Arial, Helvetica, sans-serif\"><span style=\"font-size: small\"><span class=\"hps\">El aceite de neem <\/span><span class=\"hps\"> se utiliza ampliamente<\/span> <span class=\"hps\">en la protecci\u00f3n de<\/span> <span class=\"hps\">cultivos<\/span> <span class=\"hps\">contra<\/span> <span class=\"hps\">plagas<\/span>, <span class=\"hps\">insectos,<\/span> <span class=\"hps\">nematodos<\/span>, hongos y <span class=\"hps\">virus<\/span>.<br \/><\/span><\/span><\/p>\n<p align=\"justify\"><span style=\"font-family: Arial, Helvetica, sans-serif\"><span style=\"font-size: small\"><span class=\"hps\">Los beneficios del Aceite de Neem <\/span><span class=\"hps\">en la agricultura<\/span> <span class=\"hps\">y la horticultura<\/span> <span class=\"hps\">son<\/span>:<\/p>\n<p><span style=\"color: #000000\"><span class=\"hps\">\u25a0<\/span> <\/span><span style=\"color: #ff0000\"><span style=\"color: #000000\"><span class=\"hps\">ayuda a mantener<\/span> <span class=\"hps\">la salud del medio ambiente<\/span> reduciendo <span class=\"hps\">el nivel de contaminaci\u00f3n<\/span>.<\/span><br \/><span style=\"color: #000000\"> <span class=\"hps\">\u25a0 reduce el coste<\/span> <span class=\"hps\">de la<\/span> <span class=\"hps\">producci\u00f3n agr\u00edcola<\/span> <span class=\"hps\">y tambi\u00e9n<\/span> <span class=\"hps\">mejora<\/span> <span class=\"hps\">la salud del suelo<\/span>.<\/span><br \/><span style=\"color: #000000\"><span class=\"hps\">\u25a0<\/span> Reduce <span class=\"hps\">el<\/span> <span class=\"hps\">peligro de<\/span> <span class=\"hps\">contaminaci\u00f3n<\/span> al disminuir el <span class=\"hps\">nivel<\/span> <span class=\"hps\">de residuos<\/span> <span class=\"hps\">en el producto<\/span>.<\/span><br \/><span style=\"color: #000000\"><span class=\"hps\">\u25a0<\/span> <span class=\"hps\">Ayuda a<\/span> <span class=\"hps\">mantener niveles de<\/span> <span class=\"hps\">producci\u00f3n agr\u00edcola<\/span> <span class=\"hps\">m\u00e1s elevados y<\/span> <span class=\"hps\">sostenibles<\/span>.<\/span><\/span><\/span><\/span><br \/>\u25a0<span style=\"font-family: Arial, Helvetica, sans-serif\"><span style=\"font-size: small\"><span style=\"color: #ff0000\"><span style=\"color: #000000\"><span class=\"hps\">a<\/span> <span class=\"hps\">segura<\/span> <span class=\"hps\">un uso \u00f3ptimo<\/span> <span class=\"hps\">de<\/span> <span class=\"hps\">los recursos naturales<\/span> <span class=\"hps\">a corto<\/span> <span class=\"hps\">plazo<\/span>, <span class=\"hps\">y ayuda a<\/span> <span class=\"hps\">preservar los recursos<\/span> <span class=\"hps\">para las generaciones futuras<\/span>.<\/span><\/span><\/span><\/span><br \/><span style=\"font-family: Arial, Helvetica, sans-serif\"><span style=\"font-size: small\"><br \/> <span class=\"hps\"><strong>APLICACI\u00d3N<\/strong>: Una vez cada<\/span> <span class=\"hps\">15 a 30<\/span> <span class=\"hps\">d\u00edas dependiendo de<\/span> <span class=\"hps\">la conveniencia.<\/span> <span class=\"hps\">Agitar<\/span><span class=\"hps\">en\u00e9rgicamente<\/span> <span class=\"hps\">el Aceite de Neem <\/span> <span class=\"hps\">antes de abrir<\/span> <span class=\"hps\">y pulverizar<\/span> <span class=\"hps\">en las 8<\/span> <span class=\"hps\">horas siguientes a la mezcla<\/span>.<\/p>\n<p> <span class=\"hps\">Aceite de Neem\/hect\u00e1rea<\/span>: <span class=\"hps\">2 a 4<\/span> <span class=\"hps\">litros<\/span>. <span class=\"hps\">Var\u00eda<\/span> <span class=\"hps\">seg\u00fan<\/span> la <span class=\"hps\">densidad de plantas<\/span> infestadas y el tipo de equipo utilizado.<\/p>\n<p><strong><span class=\"hps\">Jardines<\/span>:<\/strong> <span class=\"hps\">Mezclar 1<\/span> <span class=\"hps\">litro de agua<\/span> <span class=\"hps\">y<\/span> <span class=\"hps\">100 g de<\/span> <span class=\"hps\">un<\/span> <span class=\"hps\">emulsionante<\/span> <span class=\"hps\">natural<\/span> <span class=\"hps atn\">(<\/span>por ejemplo, <span class=\"hps\">jab\u00f3n blando<\/span>), <span class=\"hps\">remover en\u00e9rgicamente<\/span>. <span class=\"hps\">A\u00f1adir 40 ml de<\/span> <span class=\"hps\">aceite de Neem<\/span> <span class=\"hps\">y seguir removiendo<\/span> <span class=\"hps\">en\u00e9rgicamente<\/span>. <span class=\"hps\">A\u00f1adir<\/span> <span class=\"hps\">esta mezcla<\/span> <span class=\"hps\">a<\/span> 9 <span class=\"hps\">litros de agua<\/span>, <span class=\"hps\">remover en\u00e9rgicamente<\/span> y <span class=\"hps\">comenzar la<\/span> <span class=\"hps\">aplicaci\u00f3n<\/span>.<\/p>\n<p> <span class=\"hps atn\">Campos<\/span><span class=\"hps\">grandes<\/span> <span class=\"hps atn\">(<\/span> <span class=\"hps\">hect\u00e1reas<\/span>, <span class=\"hps\">acres)<\/span>: <span class=\"hps\">Mezclar<\/span> <span class=\"hps\">10<\/span> <span class=\"hps\">litros de agua<\/span> <span class=\"hps\">y 1<\/span> <span class=\"hps\">kilo<\/span> <span class=\"hps\">de un<\/span> <span class=\"hps\">emulsionante<\/span> <span class=\"hps\">natural<\/span> <span class=\"hps atn\">(<\/span>por ejemplo, <span class=\"hps\">jab\u00f3n blando<\/span>), <span class=\"hps\">mezclar<\/span> <span class=\"hps\">en\u00e9rgicamente<\/span> <span class=\"hps\">.<\/span> <span class=\"hps\">A\u00f1adir<\/span> 400 ml de <span class=\"hps\">aceite de Neem <\/span><span class=\"hps\">y seguir<\/span> <span class=\"hps\">mezclando en\u00e9rgicamente<\/span>. <span class=\"hps\">A\u00f1ada<\/span> <span class=\"hps\">esta mezcla<\/span> <span class=\"hps\">a<\/span> <span class=\"hps\">90 <\/span><span class=\"hps\">litros de<\/span> <span class=\"hps\">agua<\/span>, <span class=\"hps\">mezcle<\/span> en\u00e9rgicamente e inicie la aplicaci\u00f3n.<\/p>\n<p>Si desea contrarrestar los ataques de hongos, sustituya el jab\u00f3n blando de limoncillo por el mismo jab\u00f3n de bicarbonato s\u00f3dico o azufre.<\/span><\/span><\/p>\n<p align=\"justify\"><span style=\"font-family: Arial, Helvetica, sans-serif;font-size: small\">Tambi\u00e9n es \u00fatil pulverizado en aguas estancadas (platillos, macetas, canalones, peque\u00f1os dep\u00f3sitos que no se pueden tapar, etc.) para evitar que las larvas de mosquito alcancen su pleno desarrollo.<\/span><\/p>\n<p align=\"justify\"><span style=\"font-family: Arial, Helvetica, sans-serif;font-size: small\">Aplicar como medida preventiva una vez cada 2-3 semanas. Debido a su consistencia aceitosa, es aconsejable diluir el producto (1 cucharadita) en 1 cucharadita de jab\u00f3n suave y mezclar bien hasta que el producto se integre, despu\u00e9s a\u00f1adir agua. Aplicar pulverizando sobre las hojas y los tallos, especialmente en el env\u00e9s de las hojas, donde las plagas est\u00e1n m\u00e1s al acecho.<\/span><\/p>\n<p align=\"justify\"><span style=\"font-family: Arial, Helvetica, sans-serif;font-size: small\">Envase de 100 ml<\/span><\/p>\n<p align=\"justify\">\n<p style=\"font-size: 8pt\">\n<\/div>\n","protected":false},"excerpt":{"rendered":"<p>El aceite de neem se extrae de la Azadirachta Indica cultivada en zonas tropicales y subtropicales de Asia, \u00c1frica, Am\u00e9rica<\/p>\n","protected":false},"featured_media":126209,"comment_status":"open","ping_status":"closed","template":"","meta":[],"product_brand":[],"product_cat":[7930],"product_tag":[],"class_list":{"0":"post-126213","1":"product","2":"type-product","3":"status-publish","4":"has-post-thumbnail","6":"product_cat-antiparasitarios-y-defensa","8":"first","9":"instock","10":"taxable","11":"shipping-taxable","12":"purchasable","13":"product-type-simple"},"aioseo_notices":[],"_links":{"self":[{"href":"https:\/\/www.budream.com\/es\/wp-json\/wp\/v2\/product\/126213","targetHints":{"allow":["GET"]}}],"collection":[{"href":"https:\/\/www.budream.com\/es\/wp-json\/wp\/v2\/product"}],"about":[{"href":"https:\/\/www.budream.com\/es\/wp-json\/wp\/v2\/types\/product"}],"replies":[{"embeddable":true,"href":"https:\/\/www.budream.com\/es\/wp-json\/wp\/v2\/comments?post=126213"}],"version-history":[{"count":0,"href":"https:\/\/www.budream.com\/es\/wp-json\/wp\/v2\/product\/126213\/revisions"}],"wp:featuredmedia":[{"embeddable":true,"href":"https:\/\/www.budream.com\/es\/wp-json\/wp\/v2\/media\/126209"}],"wp:attachment":[{"href":"https:\/\/www.budream.com\/es\/wp-json\/wp\/v2\/media?parent=126213"}],"wp:term":[{"taxonomy":"product_brand","embeddable":true,"href":"https:\/\/www.budream.com\/es\/wp-json\/wp\/v2\/product_brand?post=126213"},{"taxonomy":"product_cat","embeddable":true,"href":"https:\/\/www.budream.com\/es\/wp-json\/wp\/v2\/product_cat?post=126213"},{"taxonomy":"product_tag","embeddable":true,"href":"https:\/\/www.budream.com\/es\/wp-json\/wp\/v2\/product_tag?post=126213"}],"curies":[{"name":"wp","href":"https:\/\/api.w.org\/{rel}","templated":true}]}}