{"id":126268,"date":"2025-07-30T19:34:26","date_gmt":"2025-07-30T17:34:26","guid":{"rendered":"https:\/\/www.budream.com\/shop\/storzbickel-juego-de-almohadillas-easy-valve-2-piezas\/"},"modified":"2026-02-19T16:45:00","modified_gmt":"2026-02-19T14:45:00","slug":"storzbickel-juego-de-almohadillas-easy-valve-2-piezas","status":"publish","type":"product","link":"https:\/\/www.budream.com\/es\/shop\/storzbickel-juego-de-almohadillas-easy-valve-2-piezas\/","title":{"rendered":"STORZ&amp;BICKEL &#8211; JUEGO DE ALMOHADILLAS EASY VALVE | 2 PIEZAS"},"content":{"rendered":"<p>Los juegos de almohadillas Easy Valve se utilizan para vaporizar peque\u00f1as cantidades de <strong>concentrados<\/strong>, batidos y extractos en los vaporizadores Volcano que utilizan Easy Valve.<\/p>\n<p>La Almohadilla de Relleno tambi\u00e9n se puede utilizar como<strong>relleno de huecos<\/strong> para evitar que peque\u00f1as cantidades de hierbas se arremolinen en la C\u00e1mara de Relleno.<\/p>\n<p>Adem\u00e1s, la almohadilla de relleno tambi\u00e9n se puede utilizar como soporte para hierbas molidas muy finas, de modo que las part\u00edculas peque\u00f1as no caigan a trav\u00e9s de los orificios de la c\u00e1mara de relleno.<\/p>\n<p>&Oslash; 28 x 4 mm<\/p>\n","protected":false},"excerpt":{"rendered":"<p>Los juegos de almohadillas Easy Valve se utilizan para vaporizar peque\u00f1as cantidades de concentrados, batidos y extractos en los vaporizadores<\/p>\n","protected":false},"featured_media":126259,"comment_status":"open","ping_status":"closed","template":"","meta":[],"product_brand":[],"product_cat":[7908],"product_tag":[],"class_list":{"0":"post-126268","1":"product","2":"type-product","3":"status-publish","4":"has-post-thumbnail","6":"product_cat-vaporizadores","8":"first","9":"instock","10":"sale","11":"taxable","12":"shipping-taxable","13":"purchasable","14":"product-type-simple"},"aioseo_notices":[],"_links":{"self":[{"href":"https:\/\/www.budream.com\/es\/wp-json\/wp\/v2\/product\/126268","targetHints":{"allow":["GET"]}}],"collection":[{"href":"https:\/\/www.budream.com\/es\/wp-json\/wp\/v2\/product"}],"about":[{"href":"https:\/\/www.budream.com\/es\/wp-json\/wp\/v2\/types\/product"}],"replies":[{"embeddable":true,"href":"https:\/\/www.budream.com\/es\/wp-json\/wp\/v2\/comments?post=126268"}],"version-history":[{"count":0,"href":"https:\/\/www.budream.com\/es\/wp-json\/wp\/v2\/product\/126268\/revisions"}],"wp:featuredmedia":[{"embeddable":true,"href":"https:\/\/www.budream.com\/es\/wp-json\/wp\/v2\/media\/126259"}],"wp:attachment":[{"href":"https:\/\/www.budream.com\/es\/wp-json\/wp\/v2\/media?parent=126268"}],"wp:term":[{"taxonomy":"product_brand","embeddable":true,"href":"https:\/\/www.budream.com\/es\/wp-json\/wp\/v2\/product_brand?post=126268"},{"taxonomy":"product_cat","embeddable":true,"href":"https:\/\/www.budream.com\/es\/wp-json\/wp\/v2\/product_cat?post=126268"},{"taxonomy":"product_tag","embeddable":true,"href":"https:\/\/www.budream.com\/es\/wp-json\/wp\/v2\/product_tag?post=126268"}],"curies":[{"name":"wp","href":"https:\/\/api.w.org\/{rel}","templated":true}]}}