{"id":126388,"date":"2025-07-30T19:42:44","date_gmt":"2025-07-30T17:42:44","guid":{"rendered":"https:\/\/www.budream.com\/shop\/kenex-matrix-mx500-balanza-digital-max-500-gramos-paso-0-1g\/"},"modified":"2026-02-05T11:23:54","modified_gmt":"2026-02-05T09:23:54","slug":"kenex-matrix-mx500-balanza-digital-max-500-gramos-paso-0-1g","status":"publish","type":"product","link":"https:\/\/www.budream.com\/es\/shop\/kenex-matrix-mx500-balanza-digital-max-500-gramos-paso-0-1g\/","title":{"rendered":"KENEX &#8211; MATRIX MX500 BALANZA DIGITAL | MAX 500 GRAMOS PASO 0.1G"},"content":{"rendered":"<p>Una b\u00e1scula muy peque\u00f1a, de l\u00edneas elegantes y acabado brillante, con lecturas incre\u00edblemente precisas y fiables y al alcance econ\u00f3mico de todos se consideraba antes imposible: \u00a1hoy es posible gracias a Matrix, la b\u00e1scula con tapa extra\u00edble que puede utilizarse c\u00f3modamente como bandeja durante su uso!<\/p>\n<h2><span style=\"text-decoration: underline\">Caracter\u00edsticas de la b\u00e1scula digital Kenex Matrix:<br \/><\/span><\/h2>\n<ul style=\"list-style-type: disc\">\n<li>Balanza digital;<\/li>\n<li>Rango de medici\u00f3n: m\u00e1x. 500g<\/li>\n<li>Precisi\u00f3n de paso: 0,1g;<\/li>\n<li>Carcasa exterior robusta y ligera;<\/li>\n<li>Tapa extra\u00edble que hace las veces de bandeja;<\/li>\n<li>Disponible en colores surtidos: negro y plata;<\/li>\n<li>Tara y calibraci\u00f3n digitales autom\u00e1ticas;<\/li>\n<li>Protecci\u00f3n contra sobrecarga;<\/li>\n<li>4 modos de pesaje: g\/oz\/ozt\/dwt;<\/li>\n<\/ul>\n","protected":false},"excerpt":{"rendered":"<p>Una b\u00e1scula muy peque\u00f1a, de l\u00edneas elegantes y acabado brillante, con lecturas incre\u00edblemente precisas y fiables y al alcance econ\u00f3mico<\/p>\n","protected":false},"featured_media":126379,"comment_status":"open","ping_status":"closed","template":"","meta":[],"product_brand":[],"product_cat":[7948],"product_tag":[],"class_list":{"0":"post-126388","1":"product","2":"type-product","3":"status-publish","4":"has-post-thumbnail","6":"product_cat-headshop-es","8":"first","9":"instock","10":"taxable","11":"shipping-taxable","12":"purchasable","13":"product-type-simple"},"aioseo_notices":[],"_links":{"self":[{"href":"https:\/\/www.budream.com\/es\/wp-json\/wp\/v2\/product\/126388","targetHints":{"allow":["GET"]}}],"collection":[{"href":"https:\/\/www.budream.com\/es\/wp-json\/wp\/v2\/product"}],"about":[{"href":"https:\/\/www.budream.com\/es\/wp-json\/wp\/v2\/types\/product"}],"replies":[{"embeddable":true,"href":"https:\/\/www.budream.com\/es\/wp-json\/wp\/v2\/comments?post=126388"}],"version-history":[{"count":0,"href":"https:\/\/www.budream.com\/es\/wp-json\/wp\/v2\/product\/126388\/revisions"}],"wp:featuredmedia":[{"embeddable":true,"href":"https:\/\/www.budream.com\/es\/wp-json\/wp\/v2\/media\/126379"}],"wp:attachment":[{"href":"https:\/\/www.budream.com\/es\/wp-json\/wp\/v2\/media?parent=126388"}],"wp:term":[{"taxonomy":"product_brand","embeddable":true,"href":"https:\/\/www.budream.com\/es\/wp-json\/wp\/v2\/product_brand?post=126388"},{"taxonomy":"product_cat","embeddable":true,"href":"https:\/\/www.budream.com\/es\/wp-json\/wp\/v2\/product_cat?post=126388"},{"taxonomy":"product_tag","embeddable":true,"href":"https:\/\/www.budream.com\/es\/wp-json\/wp\/v2\/product_tag?post=126388"}],"curies":[{"name":"wp","href":"https:\/\/api.w.org\/{rel}","templated":true}]}}