{"id":126403,"date":"2025-07-30T19:43:55","date_gmt":"2025-07-30T17:43:55","guid":{"rendered":"https:\/\/www.budream.com\/shop\/kenex-balanza-contadora-digital-ktt3000-max-3000-gramos-paso-01g\/"},"modified":"2026-03-26T18:58:26","modified_gmt":"2026-03-26T16:58:26","slug":"kenex-balanza-contadora-digital-ktt3000-max-3000-gramos-paso-01g","status":"publish","type":"product","link":"https:\/\/www.budream.com\/es\/shop\/kenex-balanza-contadora-digital-ktt3000-max-3000-gramos-paso-01g\/","title":{"rendered":"KENEX &#8211; BALANZA CONTADORA DIGITAL KTT3000 | MAX 3000 GRAMOS PASO 0,1G"},"content":{"rendered":"<p>La balanza Kenex KTT3000 ofrece una gran capacidad, lo que la hace ideal para la cocina. <br \/>Una gran capacidad sin un bol de pesaje es bastante in\u00fatil, por lo que con esta balanza se incluye un gran bol de 1,2 litros. <br \/>El cuenco tiene una boquilla, por lo que si su receta incluye l\u00edquidos, se pueden verter f\u00e1cilmente con un m\u00ednimo de suciedad.<\/p>\n<h2><span style=\"text-decoration: underline\">Caracter\u00edsticas de la b\u00e1scula digital de mostrador KTT3000 de Kenex:<\/span><\/h2>\n<ul style=\"list-style-type: disc\">\n<li>B\u00e1scula digital;<\/li>\n<li>Rango de medici\u00f3n: m\u00e1x. 3000g;<\/li>\n<li>Paso de precisi\u00f3n 0,1g;<\/li>\n<li>Bol de pesaje de 1,2 litros incluido;<\/li>\n<li>Color: negro;<\/li>\n<li>Protecci\u00f3n contra sobrecarga;<\/li>\n<li>2 modos de pesaje: g\/oz;<\/li>\n<\/ul>\n","protected":false},"excerpt":{"rendered":"<p>La balanza Kenex KTT3000 ofrece una gran capacidad, lo que la hace ideal para la cocina. Una gran capacidad sin<\/p>\n","protected":false},"featured_media":126399,"comment_status":"open","ping_status":"closed","template":"","meta":[],"product_brand":[],"product_cat":[7948],"product_tag":[],"class_list":{"0":"post-126403","1":"product","2":"type-product","3":"status-publish","4":"has-post-thumbnail","6":"product_cat-headshop-es","8":"first","9":"instock","10":"taxable","11":"shipping-taxable","12":"purchasable","13":"product-type-simple"},"aioseo_notices":[],"_links":{"self":[{"href":"https:\/\/www.budream.com\/es\/wp-json\/wp\/v2\/product\/126403","targetHints":{"allow":["GET"]}}],"collection":[{"href":"https:\/\/www.budream.com\/es\/wp-json\/wp\/v2\/product"}],"about":[{"href":"https:\/\/www.budream.com\/es\/wp-json\/wp\/v2\/types\/product"}],"replies":[{"embeddable":true,"href":"https:\/\/www.budream.com\/es\/wp-json\/wp\/v2\/comments?post=126403"}],"version-history":[{"count":0,"href":"https:\/\/www.budream.com\/es\/wp-json\/wp\/v2\/product\/126403\/revisions"}],"wp:featuredmedia":[{"embeddable":true,"href":"https:\/\/www.budream.com\/es\/wp-json\/wp\/v2\/media\/126399"}],"wp:attachment":[{"href":"https:\/\/www.budream.com\/es\/wp-json\/wp\/v2\/media?parent=126403"}],"wp:term":[{"taxonomy":"product_brand","embeddable":true,"href":"https:\/\/www.budream.com\/es\/wp-json\/wp\/v2\/product_brand?post=126403"},{"taxonomy":"product_cat","embeddable":true,"href":"https:\/\/www.budream.com\/es\/wp-json\/wp\/v2\/product_cat?post=126403"},{"taxonomy":"product_tag","embeddable":true,"href":"https:\/\/www.budream.com\/es\/wp-json\/wp\/v2\/product_tag?post=126403"}],"curies":[{"name":"wp","href":"https:\/\/api.w.org\/{rel}","templated":true}]}}