{"id":126523,"date":"2025-07-30T19:49:58","date_gmt":"2025-07-30T17:49:58","guid":{"rendered":"https:\/\/www.budream.com\/shop\/storzbickel-juego-de-globos-xl-para-valvula-facil-6-globos-xl\/"},"modified":"2026-05-13T11:48:17","modified_gmt":"2026-05-13T09:48:17","slug":"storzbickel-juego-de-globos-xl-para-valvula-facil-6-globos-xl","status":"publish","type":"product","link":"https:\/\/www.budream.com\/es\/shop\/storzbickel-juego-de-globos-xl-para-valvula-facil-6-globos-xl\/","title":{"rendered":"STORZ&amp;BICKEL &#8211; JUEGO DE GLOBOS XL PARA V\u00c1LVULA F\u00c1CIL | 6 GLOBOS XL"},"content":{"rendered":"<p>Juego de 6 Globos XL con Easy Valve listos para usar para aplicaci\u00f3n con Volcano.<br \/>6 unid. Globo Easy Valve con Boquilla (longitud aprox. 90 cm)<\/p>\n<p><strong>Adecuado para:<\/strong><\/p>\n<ul>\n<li>VOLCANO HYBRID<\/li>\n<li>VOLCANO DIGIT<\/li>\n<li>VOLCANO CLASSIC<\/li>\n<\/ul>\n","protected":false},"excerpt":{"rendered":"<p>Juego de 6 Globos XL con Easy Valve listos para usar para aplicaci\u00f3n con Volcano.6 unid. Globo Easy Valve con<\/p>\n","protected":false},"featured_media":125754,"comment_status":"open","ping_status":"closed","template":"","meta":[],"product_brand":[],"product_cat":[7908],"product_tag":[],"class_list":{"0":"post-126523","1":"product","2":"type-product","3":"status-publish","4":"has-post-thumbnail","6":"product_cat-vaporizadores","8":"first","9":"instock","10":"sale","11":"taxable","12":"shipping-taxable","13":"purchasable","14":"product-type-simple"},"aioseo_notices":[],"_links":{"self":[{"href":"https:\/\/www.budream.com\/es\/wp-json\/wp\/v2\/product\/126523","targetHints":{"allow":["GET"]}}],"collection":[{"href":"https:\/\/www.budream.com\/es\/wp-json\/wp\/v2\/product"}],"about":[{"href":"https:\/\/www.budream.com\/es\/wp-json\/wp\/v2\/types\/product"}],"replies":[{"embeddable":true,"href":"https:\/\/www.budream.com\/es\/wp-json\/wp\/v2\/comments?post=126523"}],"version-history":[{"count":0,"href":"https:\/\/www.budream.com\/es\/wp-json\/wp\/v2\/product\/126523\/revisions"}],"wp:featuredmedia":[{"embeddable":true,"href":"https:\/\/www.budream.com\/es\/wp-json\/wp\/v2\/media\/125754"}],"wp:attachment":[{"href":"https:\/\/www.budream.com\/es\/wp-json\/wp\/v2\/media?parent=126523"}],"wp:term":[{"taxonomy":"product_brand","embeddable":true,"href":"https:\/\/www.budream.com\/es\/wp-json\/wp\/v2\/product_brand?post=126523"},{"taxonomy":"product_cat","embeddable":true,"href":"https:\/\/www.budream.com\/es\/wp-json\/wp\/v2\/product_cat?post=126523"},{"taxonomy":"product_tag","embeddable":true,"href":"https:\/\/www.budream.com\/es\/wp-json\/wp\/v2\/product_tag?post=126523"}],"curies":[{"name":"wp","href":"https:\/\/api.w.org\/{rel}","templated":true}]}}